{"id":333,"date":"2019-05-06T13:20:35","date_gmt":"2019-05-06T12:20:35","guid":{"rendered":"https:\/\/www.dieulefit-tourisme.com\/nl\/wijn-en-bier"},"modified":"2020-05-02T16:27:06","modified_gmt":"2020-05-02T14:27:06","slug":"wijn-en-bier","status":"publish","type":"page","link":"https:\/\/www.dieulefit-tourisme.com\/nl\/uw-verblijf\/nieuwe-geuren-en-smaken-ontdekken\/wijn-en-bier\/","title":{"rendered":"Bier en wijn"},"content":{"rendered":"<p>De Dr\u00f4me Proven\u00e7ale wemelt van de appellations -benamingen-, zoals C\u00f4tes du Rh\u00f4ne, vall\u00e9e du Rh\u00f4ne, Grignan-les-Adh\u00e9mar, Vinsobres\u2026 Loop eens een cave -een wijnkelder- binnen en maak kennis met de wijnboeren die dolgraag hun passie op u overdragen.<br \/>\nEn misschien weet u het niet, maar wij hebben ook bierbrouwers! Zij zijn trots op hun vakmanschap en graag bereid om u hun geheimen te onthullen.<\/p>\n","protected":false},"excerpt":{"rendered":"<p>De Dr\u00f4me Proven\u00e7ale wemelt van de appellations -benamingen-, zoals C\u00f4tes du Rh\u00f4ne, vall\u00e9e du Rh\u00f4ne, Grignan-les-Adh\u00e9mar, Vinsobres\u2026 Loop eens een cave -een wijnkelder- binnen en maak kennis met de wijnboeren die dolgraag hun passie op u overdragen. En misschien weet u het niet, maar wij hebben ook bierbrouwers! Zij zijn trots op hun vakmanschap en [&hellip;]<\/p>\n","protected":false},"author":1,"featured_media":3453,"parent":63,"menu_order":0,"comment_status":"closed","ping_status":"closed","template":"partials\/template-sit.php","meta":[],"_links":{"self":[{"href":"https:\/\/www.dieulefit-tourisme.com\/nl\/wp-json\/wp\/v2\/pages\/333"}],"collection":[{"href":"https:\/\/www.dieulefit-tourisme.com\/nl\/wp-json\/wp\/v2\/pages"}],"about":[{"href":"https:\/\/www.dieulefit-tourisme.com\/nl\/wp-json\/wp\/v2\/types\/page"}],"author":[{"embeddable":true,"href":"https:\/\/www.dieulefit-tourisme.com\/nl\/wp-json\/wp\/v2\/users\/1"}],"replies":[{"embeddable":true,"href":"https:\/\/www.dieulefit-tourisme.com\/nl\/wp-json\/wp\/v2\/comments?post=333"}],"version-history":[{"count":4,"href":"https:\/\/www.dieulefit-tourisme.com\/nl\/wp-json\/wp\/v2\/pages\/333\/revisions"}],"predecessor-version":[{"id":19019,"href":"https:\/\/www.dieulefit-tourisme.com\/nl\/wp-json\/wp\/v2\/pages\/333\/revisions\/19019"}],"up":[{"embeddable":true,"href":"https:\/\/www.dieulefit-tourisme.com\/nl\/wp-json\/wp\/v2\/pages\/63"}],"wp:featuredmedia":[{"embeddable":true,"href":"https:\/\/www.dieulefit-tourisme.com\/nl\/wp-json\/wp\/v2\/media\/3453"}],"wp:attachment":[{"href":"https:\/\/www.dieulefit-tourisme.com\/nl\/wp-json\/wp\/v2\/media?parent=333"}],"curies":[{"name":"wp","href":"https:\/\/api.w.org\/{rel}","templated":true}]}}