{"id":316,"date":"2019-05-06T13:20:35","date_gmt":"2019-05-06T12:20:35","guid":{"rendered":"https:\/\/www.dieulefit-tourisme.com\/nl\/huguenots-wandelen-in-de-voetstappen-van-de-hugenoten"},"modified":"2020-05-09T17:57:04","modified_gmt":"2020-05-09T15:57:04","slug":"huguenots-wandelen-in-de-voetstappen-van-de-hugenoten","status":"publish","type":"page","link":"https:\/\/www.dieulefit-tourisme.com\/nl\/onze-bestemming\/onze-highlights\/huguenots-wandelen-in-de-voetstappen-van-de-hugenoten\/","title":{"rendered":"Verbannen in de voetspoeren van de Huguenots"},"content":{"rendered":"<p>In de loop van de 16e eeuw, tijdens de godsdienstoorlogen, raakten de Franse protestanten in conflict met de katholieken en kregen de naam van Hugenoten.<\/p>\n<p>De herroeping van het Edict van Nantes, in oktober 1685, en de vervolgingen onder Lodewijk XIV (de dragonnades) hebben minstens 300.000 protestanten verdreven uit Frankrijk.<\/p>\n<p>E\u00e9n van de plaatsen waarvandaan de verbanning begon ligt in ons gebied : het dorp Po\u00ebt-Laval. De weg loopt door Dieulefit en langs Bourdeaux en telt ongeveer 374 kilometer in 29 etappes over Frans grondgebied. De route komt uit in Chamb\u00e9ry, voert door Zwitserland en eindigt in Duitsland in Bad Karlshafen, een traject van bijna 1800 km.<\/p>\n<p><img loading=\"lazy\" class=\"aligncenter wp-image-5121 \" src=\"https:\/\/www.dieulefit-tourisme.com\/nl\/wp-content\/uploads\/2018\/09\/capture.png\" alt=\"\" width=\"427\" height=\"504\" srcset=\"https:\/\/www.dieulefit-tourisme.com\/nl\/wp-content\/uploads\/sites\/3\/2018\/09\/capture.png 514w, https:\/\/www.dieulefit-tourisme.com\/nl\/wp-content\/uploads\/sites\/3\/2018\/09\/capture-254x300.png 254w, https:\/\/www.dieulefit-tourisme.com\/nl\/wp-content\/uploads\/sites\/3\/2018\/09\/capture-380x449.png 380w, https:\/\/www.dieulefit-tourisme.com\/nl\/wp-content\/uploads\/sites\/3\/2018\/09\/capture-246x290.png 246w\" sizes=\"(max-width: 427px) 100vw, 427px\" \/><\/p>\n<p>Een topo-gids GR\u00ae965 Sur les pas des Huguenots komt binnenkort uit bij de \u00ab F\u00e9d\u00e9ration Fran\u00e7aise de randonn\u00e9e \u00bb (de Franse wandelvereniging).<\/p>\n<ul>\n<li>In navolging van de pelgrimstocht naar Santiago de Compostella wilt u zich misschien wagen op de paden van de Hugenoten?<\/li>\n<li>Klik op deze link voor meer informatie : <a href=\"https:\/\/www.surlespasdeshuguenots.eu\/nl\/\" target=\"_blank\" rel=\"noopener\">https:\/\/www.surlespasdeshuguenots.eu\/nl\/<\/a><\/li>\n<li>Download hier de wandelkaart van de etappe <a href=\"https:\/\/www.surlespasdeshuguenots.eu\/Sentiersitra2\/le-poet-laval---dieulefit.htm?id=1&amp;&amp;Langue=7&amp;HTMLPage=\/nl\/etappen\/de-franse-etappen.htm\" target=\"_blank\" rel=\"noopener\">Po\u00ebt-Laval &#8211; Dieulefit<\/a><br \/>\nDownload hier de wandelkaart van de etappe <a href=\"https:\/\/www.surlespasdeshuguenots.eu\/Sentiersitra2\/dieulefit---bourdeaux.htm?id=2&amp;&amp;Langue=7&amp;HTMLPage=\/nl\/etappen\/de-franse-etappen.htm\" target=\"_blank\" rel=\"noopener\">Dieulefit &#8211; Bourdeaux<\/a><br \/>\nDownload hier de fiets-autokaart <a href=\"https:\/\/www.dieulefit-tourisme.com\/wp-content\/uploads\/2018\/10\/circuit_velo_voiture_12_2017.pdf\" target=\"_blank\" rel=\"noopener\">Dieulefit-Bourdeaux<\/a><br \/>\nDownload hier de fietskaart en v\u00e9lo de la <a href=\"https:\/\/www.surlespasdeshuguenots.eu\/topocyclo-web1.pdf\" target=\"_blank\" rel=\"noopener\">Dr\u00f4me \u00e0 Gen\u00e8ve<\/a><\/li>\n<li>Download hier de kaart voor ruiters <a href=\"https:\/\/www.dieulefit-tourisme.com\/wp-content\/uploads\/2018\/10\/sur-les-pas-des-huguenots-a-cheval.pdf\" target=\"_blank\" rel=\"noopener\">Sur les pas des huguenots \u00e0 cheval<\/a><\/li>\n<\/ul>\n<p>&nbsp;<\/p>\n<p>&nbsp;<\/p>\n<p>&nbsp;<\/p>\n","protected":false},"excerpt":{"rendered":"<p>In de loop van de 16e eeuw, tijdens de godsdienstoorlogen, raakten de Franse protestanten in conflict met de katholieken en kregen de naam van Hugenoten. De herroeping van het Edict van Nantes, in oktober 1685, en de vervolgingen onder Lodewijk XIV (de dragonnades) hebben minstens 300.000 protestanten verdreven uit Frankrijk. E\u00e9n van de plaatsen waarvandaan [&hellip;]<\/p>\n","protected":false},"author":1,"featured_media":5201,"parent":55,"menu_order":10,"comment_status":"closed","ping_status":"closed","template":"","meta":[],"_links":{"self":[{"href":"https:\/\/www.dieulefit-tourisme.com\/nl\/wp-json\/wp\/v2\/pages\/316"}],"collection":[{"href":"https:\/\/www.dieulefit-tourisme.com\/nl\/wp-json\/wp\/v2\/pages"}],"about":[{"href":"https:\/\/www.dieulefit-tourisme.com\/nl\/wp-json\/wp\/v2\/types\/page"}],"author":[{"embeddable":true,"href":"https:\/\/www.dieulefit-tourisme.com\/nl\/wp-json\/wp\/v2\/users\/1"}],"replies":[{"embeddable":true,"href":"https:\/\/www.dieulefit-tourisme.com\/nl\/wp-json\/wp\/v2\/comments?post=316"}],"version-history":[{"count":23,"href":"https:\/\/www.dieulefit-tourisme.com\/nl\/wp-json\/wp\/v2\/pages\/316\/revisions"}],"predecessor-version":[{"id":19158,"href":"https:\/\/www.dieulefit-tourisme.com\/nl\/wp-json\/wp\/v2\/pages\/316\/revisions\/19158"}],"up":[{"embeddable":true,"href":"https:\/\/www.dieulefit-tourisme.com\/nl\/wp-json\/wp\/v2\/pages\/55"}],"wp:featuredmedia":[{"embeddable":true,"href":"https:\/\/www.dieulefit-tourisme.com\/nl\/wp-json\/wp\/v2\/media\/5201"}],"wp:attachment":[{"href":"https:\/\/www.dieulefit-tourisme.com\/nl\/wp-json\/wp\/v2\/media?parent=316"}],"curies":[{"name":"wp","href":"https:\/\/api.w.org\/{rel}","templated":true}]}}