{"id":314,"date":"2019-05-06T13:20:35","date_gmt":"2019-05-06T12:20:35","guid":{"rendered":"https:\/\/www.dieulefit-tourisme.com\/nl\/slenteren-door-het-dorpje-poet-laval"},"modified":"2020-05-16T11:31:42","modified_gmt":"2020-05-16T09:31:42","slug":"slenteren-door-het-dorpje-poet-laval","status":"publish","type":"page","link":"https:\/\/www.dieulefit-tourisme.com\/nl\/onze-bestemming\/onze-highlights\/slenteren-door-het-dorpje-poet-laval\/","title":{"rendered":"Slenteren in de het dorp Po\u00ebt-Laval"},"content":{"rendered":"<p>Het oude, hooggelegen dorp Po\u00ebt-Laval, bakermat van het protestantisme van de Dauphin\u00e9, is \u00e9\u00e9n van de mooiste dorpen van Frankrijk. Het is een voormalige Commanderij van de Johannieterorde van Jerusalem (de Hospitaliers), die later de Orde van Malta werd.<br \/>\nDeze bezienswaardigheden mag u niet missen:<\/p>\n<ul>\n<li><a href=\"http:\/\/lepoetlaval.org\/decouvrir-le-poet-laval\/visites\/\" target=\"_blank\" rel=\"noopener\">Het ch\u00e2teau des Hospitaliers<\/a> (XII-XVIe eeuw) dat over het dorp uitkijkt met zijn toren waarop een prachtige duiventil staat en die verbonden is met een Renaissance woongedeelte.<\/li>\n<li><a href=\"https:\/\/www.museeduprotestantismedauphinois.com\/\" target=\"_blank\" rel=\"noopener\">Het mus\u00e9e du Protestantisme Dauphinois<\/a> , dat zich bevindt in een voormalige ridderwoning uit de 15e eeuw, geworden tot dorpshuis en vervolgens protestantse kerk in de 17e eeuw. Het is \u00e9\u00e9n van de weinige protestantse kerken die niet vernietigd zijn tijdens de Herroeping van het Edict van Nantes in 1685.<\/li>\n<li>De steegjes van het oude middeleeuwse dorp<\/li>\n<li><a href=\"https:\/\/www.centre-art-drome.com\/\" target=\"_blank\" rel=\"noopener\">Het centre d&#8217;Art Yvon Morin<\/a>\u00a0 met tijdelijke exposities, concerten en conferenties.<\/li>\n<\/ul>\n<p>&nbsp;<\/p>\n\n\t\t<style type=\"text\/css\">\n\t\t\t#gallery-1 {\n\t\t\t\tmargin: auto;\n\t\t\t}\n\t\t\t#gallery-1 .gallery-item {\n\t\t\t\tfloat: left;\n\t\t\t\tmargin-top: 10px;\n\t\t\t\ttext-align: center;\n\t\t\t\twidth: 25%;\n\t\t\t}\n\t\t\t#gallery-1 img {\n\t\t\t\tborder: 2px solid #cfcfcf;\n\t\t\t}\n\t\t\t#gallery-1 .gallery-caption {\n\t\t\t\tmargin-left: 0;\n\t\t\t}\n\t\t\t\/* see gallery_shortcode() in wp-includes\/media.php *\/\n\t\t<\/style>\n\t\t<div id='gallery-1' class='gallery galleryid-314 gallery-columns-4 gallery-size-entityThumbnailSquare'><dl class='gallery-item'>\n\t\t\t<dt class='gallery-icon landscape'>\n\t\t\t\t<a href='https:\/\/www.dieulefit-tourisme.com\/nl\/wp-content\/uploads\/sites\/3\/2018\/09\/img_20151023_130553.jpg'><img width=\"400\" height=\"400\" src=\"https:\/\/www.dieulefit-tourisme.com\/nl\/wp-content\/uploads\/sites\/3\/2018\/09\/img_20151023_130553-400x400.jpg\" class=\"attachment-entityThumbnailSquare size-entityThumbnailSquare\" alt=\"\" loading=\"lazy\" srcset=\"https:\/\/www.dieulefit-tourisme.com\/nl\/wp-content\/uploads\/sites\/3\/2018\/09\/img_20151023_130553-400x400.jpg 400w, https:\/\/www.dieulefit-tourisme.com\/nl\/wp-content\/uploads\/sites\/3\/2018\/09\/img_20151023_130553-150x150.jpg 150w, https:\/\/www.dieulefit-tourisme.com\/nl\/wp-content\/uploads\/sites\/3\/2018\/09\/img_20151023_130553-200x200.jpg 200w, https:\/\/www.dieulefit-tourisme.com\/nl\/wp-content\/uploads\/sites\/3\/2018\/09\/img_20151023_130553-60x60.jpg 60w\" sizes=\"(max-width: 400px) 100vw, 400px\" \/><\/a>\n\t\t\t<\/dt><\/dl><dl class='gallery-item'>\n\t\t\t<dt class='gallery-icon landscape'>\n\t\t\t\t<a href='https:\/\/www.dieulefit-tourisme.com\/nl\/wp-content\/uploads\/sites\/3\/2018\/09\/le-poet-laval.jpg'><img width=\"400\" height=\"400\" src=\"https:\/\/www.dieulefit-tourisme.com\/nl\/wp-content\/uploads\/sites\/3\/2018\/09\/le-poet-laval-400x400.jpg\" class=\"attachment-entityThumbnailSquare size-entityThumbnailSquare\" alt=\"\" loading=\"lazy\" srcset=\"https:\/\/www.dieulefit-tourisme.com\/nl\/wp-content\/uploads\/sites\/3\/2018\/09\/le-poet-laval-400x400.jpg 400w, https:\/\/www.dieulefit-tourisme.com\/nl\/wp-content\/uploads\/sites\/3\/2018\/09\/le-poet-laval-150x150.jpg 150w, https:\/\/www.dieulefit-tourisme.com\/nl\/wp-content\/uploads\/sites\/3\/2018\/09\/le-poet-laval-200x200.jpg 200w, https:\/\/www.dieulefit-tourisme.com\/nl\/wp-content\/uploads\/sites\/3\/2018\/09\/le-poet-laval-60x60.jpg 60w\" sizes=\"(max-width: 400px) 100vw, 400px\" \/><\/a>\n\t\t\t<\/dt><\/dl><dl class='gallery-item'>\n\t\t\t<dt class='gallery-icon landscape'>\n\t\t\t\t<a href='https:\/\/www.dieulefit-tourisme.com\/nl\/wp-content\/uploads\/sites\/3\/2018\/09\/p1000722.jpg'><img width=\"400\" height=\"400\" src=\"https:\/\/www.dieulefit-tourisme.com\/nl\/wp-content\/uploads\/sites\/3\/2018\/09\/p1000722-400x400.jpg\" class=\"attachment-entityThumbnailSquare size-entityThumbnailSquare\" alt=\"\" loading=\"lazy\" srcset=\"https:\/\/www.dieulefit-tourisme.com\/nl\/wp-content\/uploads\/sites\/3\/2018\/09\/p1000722-400x400.jpg 400w, https:\/\/www.dieulefit-tourisme.com\/nl\/wp-content\/uploads\/sites\/3\/2018\/09\/p1000722-150x150.jpg 150w, https:\/\/www.dieulefit-tourisme.com\/nl\/wp-content\/uploads\/sites\/3\/2018\/09\/p1000722-200x200.jpg 200w, https:\/\/www.dieulefit-tourisme.com\/nl\/wp-content\/uploads\/sites\/3\/2018\/09\/p1000722-60x60.jpg 60w\" sizes=\"(max-width: 400px) 100vw, 400px\" \/><\/a>\n\t\t\t<\/dt><\/dl><dl class='gallery-item'>\n\t\t\t<dt class='gallery-icon portrait'>\n\t\t\t\t<a href='https:\/\/www.dieulefit-tourisme.com\/nl\/wp-content\/uploads\/sites\/3\/2018\/09\/img_7202-copie-e1537631154741.jpg'><img width=\"400\" height=\"400\" src=\"https:\/\/www.dieulefit-tourisme.com\/nl\/wp-content\/uploads\/sites\/3\/2018\/09\/img_7202-copie-e1537631154741-400x400.jpg\" class=\"attachment-entityThumbnailSquare size-entityThumbnailSquare\" alt=\"\" loading=\"lazy\" srcset=\"https:\/\/www.dieulefit-tourisme.com\/nl\/wp-content\/uploads\/sites\/3\/2018\/09\/img_7202-copie-e1537631154741-400x400.jpg 400w, https:\/\/www.dieulefit-tourisme.com\/nl\/wp-content\/uploads\/sites\/3\/2018\/09\/img_7202-copie-e1537631154741-150x150.jpg 150w, https:\/\/www.dieulefit-tourisme.com\/nl\/wp-content\/uploads\/sites\/3\/2018\/09\/img_7202-copie-e1537631154741-200x200.jpg 200w, https:\/\/www.dieulefit-tourisme.com\/nl\/wp-content\/uploads\/sites\/3\/2018\/09\/img_7202-copie-e1537631154741-60x60.jpg 60w\" sizes=\"(max-width: 400px) 100vw, 400px\" \/><\/a>\n\t\t\t<\/dt><\/dl><br style=\"clear: both\" \/><dl class='gallery-item'>\n\t\t\t<dt class='gallery-icon landscape'>\n\t\t\t\t<a href='https:\/\/www.dieulefit-tourisme.com\/nl\/wp-content\/uploads\/sites\/3\/2018\/09\/img_7200-copie.jpg'><img width=\"400\" height=\"400\" src=\"https:\/\/www.dieulefit-tourisme.com\/nl\/wp-content\/uploads\/sites\/3\/2018\/09\/img_7200-copie-400x400.jpg\" class=\"attachment-entityThumbnailSquare size-entityThumbnailSquare\" alt=\"\" loading=\"lazy\" srcset=\"https:\/\/www.dieulefit-tourisme.com\/nl\/wp-content\/uploads\/sites\/3\/2018\/09\/img_7200-copie-400x400.jpg 400w, https:\/\/www.dieulefit-tourisme.com\/nl\/wp-content\/uploads\/sites\/3\/2018\/09\/img_7200-copie-150x150.jpg 150w, https:\/\/www.dieulefit-tourisme.com\/nl\/wp-content\/uploads\/sites\/3\/2018\/09\/img_7200-copie-200x200.jpg 200w, https:\/\/www.dieulefit-tourisme.com\/nl\/wp-content\/uploads\/sites\/3\/2018\/09\/img_7200-copie-60x60.jpg 60w\" sizes=\"(max-width: 400px) 100vw, 400px\" \/><\/a>\n\t\t\t<\/dt><\/dl><dl class='gallery-item'>\n\t\t\t<dt class='gallery-icon landscape'>\n\t\t\t\t<a href='https:\/\/www.dieulefit-tourisme.com\/nl\/wp-content\/uploads\/sites\/3\/2018\/09\/cc-otco-036.jpg'><img width=\"400\" height=\"400\" src=\"https:\/\/www.dieulefit-tourisme.com\/nl\/wp-content\/uploads\/sites\/3\/2018\/09\/cc-otco-036-400x400.jpg\" class=\"attachment-entityThumbnailSquare size-entityThumbnailSquare\" alt=\"\" loading=\"lazy\" srcset=\"https:\/\/www.dieulefit-tourisme.com\/nl\/wp-content\/uploads\/sites\/3\/2018\/09\/cc-otco-036-400x400.jpg 400w, https:\/\/www.dieulefit-tourisme.com\/nl\/wp-content\/uploads\/sites\/3\/2018\/09\/cc-otco-036-150x150.jpg 150w, https:\/\/www.dieulefit-tourisme.com\/nl\/wp-content\/uploads\/sites\/3\/2018\/09\/cc-otco-036-200x200.jpg 200w, https:\/\/www.dieulefit-tourisme.com\/nl\/wp-content\/uploads\/sites\/3\/2018\/09\/cc-otco-036-60x60.jpg 60w\" sizes=\"(max-width: 400px) 100vw, 400px\" \/><\/a>\n\t\t\t<\/dt><\/dl><dl class='gallery-item'>\n\t\t\t<dt class='gallery-icon landscape'>\n\t\t\t\t<a href='https:\/\/www.dieulefit-tourisme.com\/nl\/wp-content\/uploads\/sites\/3\/2018\/09\/dsc08040-dans-les-ruelles-de-poet-laval.jpg'><img width=\"400\" height=\"400\" src=\"https:\/\/www.dieulefit-tourisme.com\/nl\/wp-content\/uploads\/sites\/3\/2018\/09\/dsc08040-dans-les-ruelles-de-poet-laval-400x400.jpg\" class=\"attachment-entityThumbnailSquare size-entityThumbnailSquare\" alt=\"\" loading=\"lazy\" srcset=\"https:\/\/www.dieulefit-tourisme.com\/nl\/wp-content\/uploads\/sites\/3\/2018\/09\/dsc08040-dans-les-ruelles-de-poet-laval-400x400.jpg 400w, https:\/\/www.dieulefit-tourisme.com\/nl\/wp-content\/uploads\/sites\/3\/2018\/09\/dsc08040-dans-les-ruelles-de-poet-laval-150x150.jpg 150w, https:\/\/www.dieulefit-tourisme.com\/nl\/wp-content\/uploads\/sites\/3\/2018\/09\/dsc08040-dans-les-ruelles-de-poet-laval-200x200.jpg 200w, https:\/\/www.dieulefit-tourisme.com\/nl\/wp-content\/uploads\/sites\/3\/2018\/09\/dsc08040-dans-les-ruelles-de-poet-laval-60x60.jpg 60w\" sizes=\"(max-width: 400px) 100vw, 400px\" \/><\/a>\n\t\t\t<\/dt><\/dl><dl class='gallery-item'>\n\t\t\t<dt class='gallery-icon portrait'>\n\t\t\t\t<a href='https:\/\/www.dieulefit-tourisme.com\/nl\/wp-content\/uploads\/sites\/3\/2018\/09\/dsc08052-dans-les-ruelles-de-poet-laval-au-pied-d-une-tour.jpg'><img width=\"400\" height=\"400\" src=\"https:\/\/www.dieulefit-tourisme.com\/nl\/wp-content\/uploads\/sites\/3\/2018\/09\/dsc08052-dans-les-ruelles-de-poet-laval-au-pied-d-une-tour-400x400.jpg\" class=\"attachment-entityThumbnailSquare size-entityThumbnailSquare\" alt=\"\" loading=\"lazy\" srcset=\"https:\/\/www.dieulefit-tourisme.com\/nl\/wp-content\/uploads\/sites\/3\/2018\/09\/dsc08052-dans-les-ruelles-de-poet-laval-au-pied-d-une-tour-400x400.jpg 400w, https:\/\/www.dieulefit-tourisme.com\/nl\/wp-content\/uploads\/sites\/3\/2018\/09\/dsc08052-dans-les-ruelles-de-poet-laval-au-pied-d-une-tour-150x150.jpg 150w, https:\/\/www.dieulefit-tourisme.com\/nl\/wp-content\/uploads\/sites\/3\/2018\/09\/dsc08052-dans-les-ruelles-de-poet-laval-au-pied-d-une-tour-200x200.jpg 200w, https:\/\/www.dieulefit-tourisme.com\/nl\/wp-content\/uploads\/sites\/3\/2018\/09\/dsc08052-dans-les-ruelles-de-poet-laval-au-pied-d-une-tour-60x60.jpg 60w\" sizes=\"(max-width: 400px) 100vw, 400px\" \/><\/a>\n\t\t\t<\/dt><\/dl><br style=\"clear: both\" \/><dl class='gallery-item'>\n\t\t\t<dt class='gallery-icon landscape'>\n\t\t\t\t<a href='https:\/\/www.dieulefit-tourisme.com\/nl\/wp-content\/uploads\/sites\/3\/2018\/09\/dsc08063-dans-les-ruelles-de-poet-laval.jpg'><img width=\"400\" height=\"400\" src=\"https:\/\/www.dieulefit-tourisme.com\/nl\/wp-content\/uploads\/sites\/3\/2018\/09\/dsc08063-dans-les-ruelles-de-poet-laval-400x400.jpg\" class=\"attachment-entityThumbnailSquare size-entityThumbnailSquare\" alt=\"\" loading=\"lazy\" srcset=\"https:\/\/www.dieulefit-tourisme.com\/nl\/wp-content\/uploads\/sites\/3\/2018\/09\/dsc08063-dans-les-ruelles-de-poet-laval-400x400.jpg 400w, https:\/\/www.dieulefit-tourisme.com\/nl\/wp-content\/uploads\/sites\/3\/2018\/09\/dsc08063-dans-les-ruelles-de-poet-laval-150x150.jpg 150w, https:\/\/www.dieulefit-tourisme.com\/nl\/wp-content\/uploads\/sites\/3\/2018\/09\/dsc08063-dans-les-ruelles-de-poet-laval-200x200.jpg 200w, https:\/\/www.dieulefit-tourisme.com\/nl\/wp-content\/uploads\/sites\/3\/2018\/09\/dsc08063-dans-les-ruelles-de-poet-laval-60x60.jpg 60w\" sizes=\"(max-width: 400px) 100vw, 400px\" \/><\/a>\n\t\t\t<\/dt><\/dl><dl class='gallery-item'>\n\t\t\t<dt class='gallery-icon landscape'>\n\t\t\t\t<a href='https:\/\/www.dieulefit-tourisme.com\/nl\/wp-content\/uploads\/sites\/3\/2018\/09\/img_6293.jpg'><img width=\"400\" height=\"400\" src=\"https:\/\/www.dieulefit-tourisme.com\/nl\/wp-content\/uploads\/sites\/3\/2018\/09\/img_6293-400x400.jpg\" class=\"attachment-entityThumbnailSquare size-entityThumbnailSquare\" alt=\"\" loading=\"lazy\" srcset=\"https:\/\/www.dieulefit-tourisme.com\/nl\/wp-content\/uploads\/sites\/3\/2018\/09\/img_6293-400x400.jpg 400w, https:\/\/www.dieulefit-tourisme.com\/nl\/wp-content\/uploads\/sites\/3\/2018\/09\/img_6293-150x150.jpg 150w, https:\/\/www.dieulefit-tourisme.com\/nl\/wp-content\/uploads\/sites\/3\/2018\/09\/img_6293-200x200.jpg 200w, https:\/\/www.dieulefit-tourisme.com\/nl\/wp-content\/uploads\/sites\/3\/2018\/09\/img_6293-60x60.jpg 60w\" sizes=\"(max-width: 400px) 100vw, 400px\" \/><\/a>\n\t\t\t<\/dt><\/dl>\n\t\t\t<br style='clear: both' \/>\n\t\t<\/div>\n\n","protected":false},"excerpt":{"rendered":"<p>Het oude, hooggelegen dorp Po\u00ebt-Laval, bakermat van het protestantisme van de Dauphin\u00e9, is \u00e9\u00e9n van de mooiste dorpen van Frankrijk. Het is een voormalige Commanderij van de Johannieterorde van Jerusalem (de Hospitaliers), die later de Orde van Malta werd. Deze bezienswaardigheden mag u niet missen: Het ch\u00e2teau des Hospitaliers (XII-XVIe eeuw) dat over het dorp [&hellip;]<\/p>\n","protected":false},"author":1,"featured_media":3466,"parent":55,"menu_order":20,"comment_status":"closed","ping_status":"closed","template":"","meta":[],"_links":{"self":[{"href":"https:\/\/www.dieulefit-tourisme.com\/nl\/wp-json\/wp\/v2\/pages\/314"}],"collection":[{"href":"https:\/\/www.dieulefit-tourisme.com\/nl\/wp-json\/wp\/v2\/pages"}],"about":[{"href":"https:\/\/www.dieulefit-tourisme.com\/nl\/wp-json\/wp\/v2\/types\/page"}],"author":[{"embeddable":true,"href":"https:\/\/www.dieulefit-tourisme.com\/nl\/wp-json\/wp\/v2\/users\/1"}],"replies":[{"embeddable":true,"href":"https:\/\/www.dieulefit-tourisme.com\/nl\/wp-json\/wp\/v2\/comments?post=314"}],"version-history":[{"count":16,"href":"https:\/\/www.dieulefit-tourisme.com\/nl\/wp-json\/wp\/v2\/pages\/314\/revisions"}],"predecessor-version":[{"id":19324,"href":"https:\/\/www.dieulefit-tourisme.com\/nl\/wp-json\/wp\/v2\/pages\/314\/revisions\/19324"}],"up":[{"embeddable":true,"href":"https:\/\/www.dieulefit-tourisme.com\/nl\/wp-json\/wp\/v2\/pages\/55"}],"wp:featuredmedia":[{"embeddable":true,"href":"https:\/\/www.dieulefit-tourisme.com\/nl\/wp-json\/wp\/v2\/media\/3466"}],"wp:attachment":[{"href":"https:\/\/www.dieulefit-tourisme.com\/nl\/wp-json\/wp\/v2\/media?parent=314"}],"curies":[{"name":"wp","href":"https:\/\/api.w.org\/{rel}","templated":true}]}}