{"id":312,"date":"2019-05-06T13:20:35","date_gmt":"2019-05-06T12:20:35","guid":{"rendered":"https:\/\/www.dieulefit-tourisme.com\/nl\/de-toren-van-crest"},"modified":"2020-05-11T18:02:48","modified_gmt":"2020-05-11T16:02:48","slug":"de-toren-van-crest","status":"publish","type":"page","link":"https:\/\/www.dieulefit-tourisme.com\/nl\/onze-bestemming\/in-de-omgeving\/de-toren-van-crest\/","title":{"rendered":"De toren van Crest"},"content":{"rendered":"<h3 style=\"text-align: center;\">Zoek het hoger op in de Toren van Crest!<\/h3>\n<p>In het hart van het dal van de Dr\u00f4me staat de Toren van Crest die u uitnodigt om deze bijzondere plek, een Historisch monument, te bezoeken. Het is met z\u2019n 52 meter de hoogste donjon (versterkte woontoren) van Frankrijk. Al 900 jaar verrijst deze Toren boven op een rotsachtige bergkam. Het is het indrukwekkende overblijfsel van een middeleeuws fort, opgetrokken vanaf de 12e eeuw, maar inmiddels verwoest. Vanaf de terrassen van de Toren, bijgenaamd de \u00ab Bastille du Sud \u00bb, heb je een buitengewoon mooi uitzicht over de Voor-Alpen van de Dr\u00f4me, de Vercors, de bergen van de Ard\u00e8che, het Rh\u00f4ne dal en het dal van de Dr\u00f4me. Het hele jaar worden rondleidingen en activiteiten georganiseerd.<\/p>\n<p style=\"text-align: left;\">\n        <div class=\"pratique\">\n            <div class=\"pratiqueContent\">\n\n                \n                                    <div class=\"pratiqueContentExcerpt\"><p><strong>Openingstijden:<\/strong><br \/><br \/>\n1 mei \u2013 30 september :<br \/><br \/>\nElke dag van 10.00 \u2013 19.00 uur.<br \/><br \/>\nLaatste toegang 1 uur v\u00f3\u00f3r sluiting<br \/><br \/>\nOktober, april en schoolvakanties:<br \/><br \/>\nElke dag behalve dinsdagen van 14.00 \u2013 18.00 uur.<br \/><br \/>\nLaatste toegang 1 uur v\u00f3\u00f3r sluiting.<br \/><br \/>\nVoor groepsreserveringen hele jaar open.<\/p><br \/>\n<p><strong>Inlichtingen en reserveringen :<\/strong><br \/><br \/>\nTel. 04 75 25 32 53 \/ 04 75 76 61 14 accueil@tourdecrest.fr \/ tour@mairie-crest.fr \/ www.tourdecrest.fr<\/p><br \/>\n<p>Forfait famille (2 adultes et plus de 2 enfants de 6 \u00e0 18 ans) : 20\u20ac<\/p><br \/>\n<p><strong>Renseignements et r\u00e9servations :<\/strong><br \/><br \/>\n<strong>T\u00e9l. 04 75 25 32 53 \/ 04 75 76 61 14<\/strong> &#8211; accueil@tourdecrest.fr \/ tour@mairie-crest.fr<br \/><br \/>\nwww.tourdecrest.fr<\/p><br \/>\n<\/div>\n                            <\/div>\n        <\/div>\n\n        <\/p>\n<p>&nbsp;<\/p>\n\n\t\t<style type=\"text\/css\">\n\t\t\t#gallery-1 {\n\t\t\t\tmargin: auto;\n\t\t\t}\n\t\t\t#gallery-1 .gallery-item {\n\t\t\t\tfloat: left;\n\t\t\t\tmargin-top: 10px;\n\t\t\t\ttext-align: center;\n\t\t\t\twidth: 33%;\n\t\t\t}\n\t\t\t#gallery-1 img {\n\t\t\t\tborder: 2px solid #cfcfcf;\n\t\t\t}\n\t\t\t#gallery-1 .gallery-caption {\n\t\t\t\tmargin-left: 0;\n\t\t\t}\n\t\t\t\/* see gallery_shortcode() in wp-includes\/media.php *\/\n\t\t<\/style>\n\t\t<div id='gallery-1' class='gallery galleryid-312 gallery-columns-3 gallery-size-entityThumbnailSquare'><dl class='gallery-item'>\n\t\t\t<dt class='gallery-icon portrait'>\n\t\t\t\t<a href='https:\/\/www.dieulefit-tourisme.com\/nl\/onze-bestemming\/in-de-omgeving\/de-toren-van-crest\/tour-de-crest-01-2\/'><img width=\"400\" height=\"400\" src=\"https:\/\/www.dieulefit-tourisme.com\/nl\/wp-content\/uploads\/sites\/3\/2018\/10\/photo-tour-pour-site-internet-mairie-crest1-1-400x400.jpg\" class=\"attachment-entityThumbnailSquare size-entityThumbnailSquare\" alt=\"\" loading=\"lazy\" srcset=\"https:\/\/www.dieulefit-tourisme.com\/nl\/wp-content\/uploads\/sites\/3\/2018\/10\/photo-tour-pour-site-internet-mairie-crest1-1-400x400.jpg 400w, https:\/\/www.dieulefit-tourisme.com\/nl\/wp-content\/uploads\/sites\/3\/2018\/10\/photo-tour-pour-site-internet-mairie-crest1-1-150x150.jpg 150w, https:\/\/www.dieulefit-tourisme.com\/nl\/wp-content\/uploads\/sites\/3\/2018\/10\/photo-tour-pour-site-internet-mairie-crest1-1-200x200.jpg 200w, https:\/\/www.dieulefit-tourisme.com\/nl\/wp-content\/uploads\/sites\/3\/2018\/10\/photo-tour-pour-site-internet-mairie-crest1-1-60x60.jpg 60w\" sizes=\"(max-width: 400px) 100vw, 400px\" \/><\/a>\n\t\t\t<\/dt><\/dl><dl class='gallery-item'>\n\t\t\t<dt class='gallery-icon landscape'>\n\t\t\t\t<a href='https:\/\/www.dieulefit-tourisme.com\/nl\/onze-bestemming\/in-de-omgeving\/de-toren-van-crest\/photo-tour-pour-site-internet-mairie-crest2\/'><img width=\"400\" height=\"400\" src=\"https:\/\/www.dieulefit-tourisme.com\/nl\/wp-content\/uploads\/sites\/3\/2018\/10\/photo-tour-pour-site-internet-mairie-crest2-400x400.jpg\" class=\"attachment-entityThumbnailSquare size-entityThumbnailSquare\" alt=\"\" loading=\"lazy\" srcset=\"https:\/\/www.dieulefit-tourisme.com\/nl\/wp-content\/uploads\/sites\/3\/2018\/10\/photo-tour-pour-site-internet-mairie-crest2-400x400.jpg 400w, https:\/\/www.dieulefit-tourisme.com\/nl\/wp-content\/uploads\/sites\/3\/2018\/10\/photo-tour-pour-site-internet-mairie-crest2-150x150.jpg 150w, https:\/\/www.dieulefit-tourisme.com\/nl\/wp-content\/uploads\/sites\/3\/2018\/10\/photo-tour-pour-site-internet-mairie-crest2-200x200.jpg 200w, https:\/\/www.dieulefit-tourisme.com\/nl\/wp-content\/uploads\/sites\/3\/2018\/10\/photo-tour-pour-site-internet-mairie-crest2-60x60.jpg 60w\" sizes=\"(max-width: 400px) 100vw, 400px\" \/><\/a>\n\t\t\t<\/dt><\/dl><dl class='gallery-item'>\n\t\t\t<dt class='gallery-icon landscape'>\n\t\t\t\t<a href='https:\/\/www.dieulefit-tourisme.com\/nl\/onze-bestemming\/in-de-omgeving\/de-toren-van-crest\/photo-tour-pour-site-internet-mairie-crest3\/'><img width=\"400\" height=\"400\" src=\"https:\/\/www.dieulefit-tourisme.com\/nl\/wp-content\/uploads\/sites\/3\/2018\/10\/photo-tour-pour-site-internet-mairie-crest3-400x400.jpg\" class=\"attachment-entityThumbnailSquare size-entityThumbnailSquare\" alt=\"\" loading=\"lazy\" srcset=\"https:\/\/www.dieulefit-tourisme.com\/nl\/wp-content\/uploads\/sites\/3\/2018\/10\/photo-tour-pour-site-internet-mairie-crest3-400x400.jpg 400w, https:\/\/www.dieulefit-tourisme.com\/nl\/wp-content\/uploads\/sites\/3\/2018\/10\/photo-tour-pour-site-internet-mairie-crest3-150x150.jpg 150w, https:\/\/www.dieulefit-tourisme.com\/nl\/wp-content\/uploads\/sites\/3\/2018\/10\/photo-tour-pour-site-internet-mairie-crest3-200x200.jpg 200w, https:\/\/www.dieulefit-tourisme.com\/nl\/wp-content\/uploads\/sites\/3\/2018\/10\/photo-tour-pour-site-internet-mairie-crest3-60x60.jpg 60w\" sizes=\"(max-width: 400px) 100vw, 400px\" \/><\/a>\n\t\t\t<\/dt><\/dl><br style=\"clear: both\" \/>\n\t\t<\/div>\n\n","protected":false},"excerpt":{"rendered":"<p>Zoek het hoger op in de Toren van Crest! In het hart van het dal van de Dr\u00f4me staat de Toren van Crest die u uitnodigt om deze bijzondere plek, een Historisch monument, te bezoeken. Het is met z\u2019n 52 meter de hoogste donjon (versterkte woontoren) van Frankrijk. Al 900 jaar verrijst deze Toren boven [&hellip;]<\/p>\n","protected":false},"author":1,"featured_media":5477,"parent":57,"menu_order":20,"comment_status":"closed","ping_status":"closed","template":"","meta":[],"_links":{"self":[{"href":"https:\/\/www.dieulefit-tourisme.com\/nl\/wp-json\/wp\/v2\/pages\/312"}],"collection":[{"href":"https:\/\/www.dieulefit-tourisme.com\/nl\/wp-json\/wp\/v2\/pages"}],"about":[{"href":"https:\/\/www.dieulefit-tourisme.com\/nl\/wp-json\/wp\/v2\/types\/page"}],"author":[{"embeddable":true,"href":"https:\/\/www.dieulefit-tourisme.com\/nl\/wp-json\/wp\/v2\/users\/1"}],"replies":[{"embeddable":true,"href":"https:\/\/www.dieulefit-tourisme.com\/nl\/wp-json\/wp\/v2\/comments?post=312"}],"version-history":[{"count":15,"href":"https:\/\/www.dieulefit-tourisme.com\/nl\/wp-json\/wp\/v2\/pages\/312\/revisions"}],"predecessor-version":[{"id":19190,"href":"https:\/\/www.dieulefit-tourisme.com\/nl\/wp-json\/wp\/v2\/pages\/312\/revisions\/19190"}],"up":[{"embeddable":true,"href":"https:\/\/www.dieulefit-tourisme.com\/nl\/wp-json\/wp\/v2\/pages\/57"}],"wp:featuredmedia":[{"embeddable":true,"href":"https:\/\/www.dieulefit-tourisme.com\/nl\/wp-json\/wp\/v2\/media\/5477"}],"wp:attachment":[{"href":"https:\/\/www.dieulefit-tourisme.com\/nl\/wp-json\/wp\/v2\/media?parent=312"}],"curies":[{"name":"wp","href":"https:\/\/api.w.org\/{rel}","templated":true}]}}