{"id":308,"date":"2019-05-06T13:20:35","date_gmt":"2019-05-06T12:20:35","guid":{"rendered":"https:\/\/www.dieulefit-tourisme.com\/nl\/het-bos-van-saou"},"modified":"2020-05-11T17:56:18","modified_gmt":"2020-05-11T15:56:18","slug":"het-bos-van-saou","status":"publish","type":"page","link":"https:\/\/www.dieulefit-tourisme.com\/nl\/onze-bestemming\/in-de-omgeving\/het-bos-van-saou\/","title":{"rendered":"Het bos van Sao\u00fb"},"content":{"rendered":"<h1 style=\"text-align: center;\">Het pays de la for\u00eat de Sao\u00fb<\/h1>\n<p>Aan de rand van het dorp Sao\u00fb begint de wereld van \u00e9\u00e9n van de mooiste bossen van de Dr\u00f4me.<br \/>\nOmzoomd door een ware muur van kalksteen, strekt het massief zich uit over 2.500 hectaren en herbergt een buitengewone biodiversiteit. Het bos, een wonderschoon landschap in het dal, loopt over de bergkam omhoog tot het hoogste punt (1.589 m) van de beroemde Trois Becs : Rochecourbe, de Signal en de Veyou. Het bos van Sao\u00fb is ook vermaard als mooiste \u00absynclinal perch\u00e9\u00bb van Europa (synclinal perch\u00e9 = hooggelegen plooidal, waarin de aardlagen in opwaartse richting holrond liggen). Een verschijnsel dat regelmatig geologen, geografen en andere vooraanstaande deskundigen aantrekt.<br \/>\nSinds 2003 is het bos van Sao\u00fb eigendom van het Departement van de Dr\u00f4me die het beheert als natuurgebied -Espace Naturel Sensible (ENS)-, met als doel om dit bijzondere erfgoed duurzaam te beschermen en het tegelijkertijd beter toegankelijk te maken voor het publiek. Wanneer u in het bos bent, zult ju eco-boswachters tegenkomen, agenten van het Departement die belast zijn met het onderhoud van en het toezicht op het gebied. Zij zijn er om u te verwelkomen, te informeren, antwoord te geven op uw vragen en te waken over uw veiligheid.<\/p>\n\n\t\t<style type=\"text\/css\">\n\t\t\t#gallery-1 {\n\t\t\t\tmargin: auto;\n\t\t\t}\n\t\t\t#gallery-1 .gallery-item {\n\t\t\t\tfloat: left;\n\t\t\t\tmargin-top: 10px;\n\t\t\t\ttext-align: center;\n\t\t\t\twidth: 50%;\n\t\t\t}\n\t\t\t#gallery-1 img {\n\t\t\t\tborder: 2px solid #cfcfcf;\n\t\t\t}\n\t\t\t#gallery-1 .gallery-caption {\n\t\t\t\tmargin-left: 0;\n\t\t\t}\n\t\t\t\/* see gallery_shortcode() in wp-includes\/media.php *\/\n\t\t<\/style>\n\t\t<div id='gallery-1' class='gallery galleryid-308 gallery-columns-2 gallery-size-entityThumbnailSquare'><dl class='gallery-item'>\n\t\t\t<dt class='gallery-icon landscape'>\n\t\t\t\t<a href='https:\/\/www.dieulefit-tourisme.com\/nl\/onze-bestemming\/in-de-omgeving\/het-bos-van-saou\/dsc02100\/'><img width=\"400\" height=\"400\" src=\"https:\/\/www.dieulefit-tourisme.com\/nl\/wp-content\/uploads\/sites\/3\/2018\/09\/dsc02100-400x400.jpg\" class=\"attachment-entityThumbnailSquare size-entityThumbnailSquare\" alt=\"\" loading=\"lazy\" srcset=\"https:\/\/www.dieulefit-tourisme.com\/nl\/wp-content\/uploads\/sites\/3\/2018\/09\/dsc02100-400x400.jpg 400w, https:\/\/www.dieulefit-tourisme.com\/nl\/wp-content\/uploads\/sites\/3\/2018\/09\/dsc02100-150x150.jpg 150w, https:\/\/www.dieulefit-tourisme.com\/nl\/wp-content\/uploads\/sites\/3\/2018\/09\/dsc02100-200x200.jpg 200w, https:\/\/www.dieulefit-tourisme.com\/nl\/wp-content\/uploads\/sites\/3\/2018\/09\/dsc02100-60x60.jpg 60w\" sizes=\"(max-width: 400px) 100vw, 400px\" \/><\/a>\n\t\t\t<\/dt><\/dl><dl class='gallery-item'>\n\t\t\t<dt class='gallery-icon landscape'>\n\t\t\t\t<a href='https:\/\/www.dieulefit-tourisme.com\/nl\/onze-bestemming\/in-de-omgeving\/het-bos-van-saou\/dsc00368\/'><img width=\"400\" height=\"400\" src=\"https:\/\/www.dieulefit-tourisme.com\/nl\/wp-content\/uploads\/sites\/3\/2018\/09\/dsc00368-400x400.jpg\" class=\"attachment-entityThumbnailSquare size-entityThumbnailSquare\" alt=\"\" loading=\"lazy\" srcset=\"https:\/\/www.dieulefit-tourisme.com\/nl\/wp-content\/uploads\/sites\/3\/2018\/09\/dsc00368-400x400.jpg 400w, https:\/\/www.dieulefit-tourisme.com\/nl\/wp-content\/uploads\/sites\/3\/2018\/09\/dsc00368-150x150.jpg 150w, https:\/\/www.dieulefit-tourisme.com\/nl\/wp-content\/uploads\/sites\/3\/2018\/09\/dsc00368-200x200.jpg 200w, https:\/\/www.dieulefit-tourisme.com\/nl\/wp-content\/uploads\/sites\/3\/2018\/09\/dsc00368-60x60.jpg 60w\" sizes=\"(max-width: 400px) 100vw, 400px\" \/><\/a>\n\t\t\t<\/dt><\/dl><br style=\"clear: both\" \/><dl class='gallery-item'>\n\t\t\t<dt class='gallery-icon landscape'>\n\t\t\t\t<a href='https:\/\/www.dieulefit-tourisme.com\/nl\/onze-bestemming\/in-de-omgeving\/het-bos-van-saou\/dsc00363\/'><img width=\"400\" height=\"400\" src=\"https:\/\/www.dieulefit-tourisme.com\/nl\/wp-content\/uploads\/sites\/3\/2018\/09\/dsc00363-400x400.jpg\" class=\"attachment-entityThumbnailSquare size-entityThumbnailSquare\" alt=\"\" loading=\"lazy\" srcset=\"https:\/\/www.dieulefit-tourisme.com\/nl\/wp-content\/uploads\/sites\/3\/2018\/09\/dsc00363-400x400.jpg 400w, https:\/\/www.dieulefit-tourisme.com\/nl\/wp-content\/uploads\/sites\/3\/2018\/09\/dsc00363-150x150.jpg 150w, https:\/\/www.dieulefit-tourisme.com\/nl\/wp-content\/uploads\/sites\/3\/2018\/09\/dsc00363-200x200.jpg 200w, https:\/\/www.dieulefit-tourisme.com\/nl\/wp-content\/uploads\/sites\/3\/2018\/09\/dsc00363-60x60.jpg 60w\" sizes=\"(max-width: 400px) 100vw, 400px\" \/><\/a>\n\t\t\t<\/dt><\/dl><dl class='gallery-item'>\n\t\t\t<dt class='gallery-icon landscape'>\n\t\t\t\t<a href='https:\/\/www.dieulefit-tourisme.com\/nl\/onze-bestemming\/in-de-omgeving\/het-bos-van-saou\/dsc00347\/'><img width=\"400\" height=\"400\" src=\"https:\/\/www.dieulefit-tourisme.com\/nl\/wp-content\/uploads\/sites\/3\/2018\/09\/dsc00347-400x400.jpg\" class=\"attachment-entityThumbnailSquare size-entityThumbnailSquare\" alt=\"\" loading=\"lazy\" srcset=\"https:\/\/www.dieulefit-tourisme.com\/nl\/wp-content\/uploads\/sites\/3\/2018\/09\/dsc00347-400x400.jpg 400w, https:\/\/www.dieulefit-tourisme.com\/nl\/wp-content\/uploads\/sites\/3\/2018\/09\/dsc00347-150x150.jpg 150w, https:\/\/www.dieulefit-tourisme.com\/nl\/wp-content\/uploads\/sites\/3\/2018\/09\/dsc00347-200x200.jpg 200w, https:\/\/www.dieulefit-tourisme.com\/nl\/wp-content\/uploads\/sites\/3\/2018\/09\/dsc00347-60x60.jpg 60w\" sizes=\"(max-width: 400px) 100vw, 400px\" \/><\/a>\n\t\t\t<\/dt><\/dl><br style=\"clear: both\" \/>\n\t\t<\/div>\n\n","protected":false},"excerpt":{"rendered":"<p>Het pays de la for\u00eat de Sao\u00fb Aan de rand van het dorp Sao\u00fb begint de wereld van \u00e9\u00e9n van de mooiste bossen van de Dr\u00f4me. Omzoomd door een ware muur van kalksteen, strekt het massief zich uit over 2.500 hectaren en herbergt een buitengewone biodiversiteit. Het bos, een wonderschoon landschap in het dal, loopt [&hellip;]<\/p>\n","protected":false},"author":1,"featured_media":5455,"parent":57,"menu_order":0,"comment_status":"closed","ping_status":"closed","template":"","meta":[],"_links":{"self":[{"href":"https:\/\/www.dieulefit-tourisme.com\/nl\/wp-json\/wp\/v2\/pages\/308"}],"collection":[{"href":"https:\/\/www.dieulefit-tourisme.com\/nl\/wp-json\/wp\/v2\/pages"}],"about":[{"href":"https:\/\/www.dieulefit-tourisme.com\/nl\/wp-json\/wp\/v2\/types\/page"}],"author":[{"embeddable":true,"href":"https:\/\/www.dieulefit-tourisme.com\/nl\/wp-json\/wp\/v2\/users\/1"}],"replies":[{"embeddable":true,"href":"https:\/\/www.dieulefit-tourisme.com\/nl\/wp-json\/wp\/v2\/comments?post=308"}],"version-history":[{"count":7,"href":"https:\/\/www.dieulefit-tourisme.com\/nl\/wp-json\/wp\/v2\/pages\/308\/revisions"}],"predecessor-version":[{"id":19186,"href":"https:\/\/www.dieulefit-tourisme.com\/nl\/wp-json\/wp\/v2\/pages\/308\/revisions\/19186"}],"up":[{"embeddable":true,"href":"https:\/\/www.dieulefit-tourisme.com\/nl\/wp-json\/wp\/v2\/pages\/57"}],"wp:featuredmedia":[{"embeddable":true,"href":"https:\/\/www.dieulefit-tourisme.com\/nl\/wp-json\/wp\/v2\/media\/5455"}],"wp:attachment":[{"href":"https:\/\/www.dieulefit-tourisme.com\/nl\/wp-json\/wp\/v2\/media?parent=308"}],"curies":[{"name":"wp","href":"https:\/\/api.w.org\/{rel}","templated":true}]}}