{"id":304,"date":"2019-05-06T13:20:35","date_gmt":"2019-05-06T12:20:35","guid":{"rendered":"https:\/\/www.dieulefit-tourisme.com\/nl\/truinas"},"modified":"2020-05-16T11:22:19","modified_gmt":"2020-05-16T09:22:19","slug":"truinas","status":"publish","type":"page","link":"https:\/\/www.dieulefit-tourisme.com\/nl\/onze-bestemming\/onze-dorpen\/truinas\/","title":{"rendered":"Truinas"},"content":{"rendered":"<h5>Cultureel erfgoed en bezienswaardigheden<\/h5>\n<p>Het grondgebied van de gemeente Truinas strekt zich over 864 hectare uit ten noorden van het kanton Dieulefit. Het begint op de top van de Montagne de St Maurice waar de Kapel (la Chapelle St Maurice) op de grens met de gemeentes Comps en Dieulefit ligt en uitsteekt op een hoogte van 939 m.<br \/>\nOnderaan Truinas (hoogte ongeveer 400 m), waar de Rimandoule stroomt tot aan de Serre de P\u00e9quimbert (hoogte 700 m), ontdekt de wandelaar een natuur die nog ongerept is en waar flora en fauna een grote biodiversiteit vertonen.<br \/>\nHet landschap is vrij heuvelachtig, met zones van ge\u00ebrodeerd mergel, genaamd \u201cmarnes bleues\u201d en met een flink aantal terrassen. Dit landschap komt tot zijn recht door het werk van boeren en telers die bijdragen aan het onderhoud en de schoonheid van het platteland.<br \/>\nDe gemeente Truinas (tegenwoordig 130 inwoners) is sterk be\u00efnvloed door het protestantisme; de talrijke protestantse priv\u00e9 begraafplaatsen worden nog altijd goed onderhouden.<br \/>\nTruinas kent trouwens tw\u00e9\u00e9 gemeentelijke begraafplaatsen, waarvan \u00e9\u00e9n \u201cprotestantse\u201d, gelegen vlakbij de St Jan Baptistkerk (gebouwd in 1644) waar de \u201ckatholieke\u201d begraafplaats pal naast ligt.<\/p>\n<div class=\"sectionCTA\"><div class=\"strateCTA strateCTA-largeCTA50 wp-caption\"><p class=\"strateCTAThumbnail\"><a href=\"https:\/\/www.dieulefit-tourisme.com\/nl\/wp-content\/uploads\/2018\/07\/eglise.jpg\" class=\"swipebox\" title=\"\"><img src=\"https:\/\/www.dieulefit-tourisme.com\/nl\/wp-content\/uploads\/2018\/07\/eglise.jpg\" alt=\"\" \/><\/a><\/p><\/div>\n<div class=\"strateCTA strateCTA-largeCTA50 wp-caption\"><p class=\"strateCTAThumbnail\"><a href=\"https:\/\/www.dieulefit-tourisme.com\/nl\/wp-content\/uploads\/2018\/07\/1-pict0215.jpg\" class=\"swipebox\" title=\"\"><img src=\"https:\/\/www.dieulefit-tourisme.com\/nl\/wp-content\/uploads\/2018\/07\/1-pict0215.jpg\" alt=\"\" \/><\/a><\/p><\/div><\/div>\n<blockquote>\n<p style=\"text-align: center;\">Bevolking\u00a0: Les Truinasiens<br \/>\nAantal inwoners\u00a0: 130<br \/>\nOppervlakte\u00a0: 864 hectare<br \/>\nGemiddelde hoogte : van 392 tot 939 m<\/p>\n<\/blockquote>\n","protected":false},"excerpt":{"rendered":"<p>Cultureel erfgoed en bezienswaardigheden Het grondgebied van de gemeente Truinas strekt zich over 864 hectare uit ten noorden van het kanton Dieulefit. Het begint op de top van de Montagne de St Maurice waar de Kapel (la Chapelle St Maurice) op de grens met de gemeentes Comps en Dieulefit ligt en uitsteekt op een hoogte [&hellip;]<\/p>\n","protected":false},"author":1,"featured_media":766,"parent":51,"menu_order":190,"comment_status":"closed","ping_status":"closed","template":"","meta":[],"_links":{"self":[{"href":"https:\/\/www.dieulefit-tourisme.com\/nl\/wp-json\/wp\/v2\/pages\/304"}],"collection":[{"href":"https:\/\/www.dieulefit-tourisme.com\/nl\/wp-json\/wp\/v2\/pages"}],"about":[{"href":"https:\/\/www.dieulefit-tourisme.com\/nl\/wp-json\/wp\/v2\/types\/page"}],"author":[{"embeddable":true,"href":"https:\/\/www.dieulefit-tourisme.com\/nl\/wp-json\/wp\/v2\/users\/1"}],"replies":[{"embeddable":true,"href":"https:\/\/www.dieulefit-tourisme.com\/nl\/wp-json\/wp\/v2\/comments?post=304"}],"version-history":[{"count":10,"href":"https:\/\/www.dieulefit-tourisme.com\/nl\/wp-json\/wp\/v2\/pages\/304\/revisions"}],"predecessor-version":[{"id":19314,"href":"https:\/\/www.dieulefit-tourisme.com\/nl\/wp-json\/wp\/v2\/pages\/304\/revisions\/19314"}],"up":[{"embeddable":true,"href":"https:\/\/www.dieulefit-tourisme.com\/nl\/wp-json\/wp\/v2\/pages\/51"}],"wp:featuredmedia":[{"embeddable":true,"href":"https:\/\/www.dieulefit-tourisme.com\/nl\/wp-json\/wp\/v2\/media\/766"}],"wp:attachment":[{"href":"https:\/\/www.dieulefit-tourisme.com\/nl\/wp-json\/wp\/v2\/media?parent=304"}],"curies":[{"name":"wp","href":"https:\/\/api.w.org\/{rel}","templated":true}]}}