{"id":296,"date":"2019-05-06T13:20:35","date_gmt":"2019-05-06T12:20:35","guid":{"rendered":"https:\/\/www.dieulefit-tourisme.com\/nl\/la-roche-saint-secret-beconne"},"modified":"2020-05-14T17:25:16","modified_gmt":"2020-05-14T15:25:16","slug":"la-roche-saint-secret-beconne","status":"publish","type":"page","link":"https:\/\/www.dieulefit-tourisme.com\/nl\/onze-bestemming\/onze-dorpen\/la-roche-saint-secret-beconne\/","title":{"rendered":"La Roche-Saint-Secret-B\u00e9conne"},"content":{"rendered":"<h5>Cultureel erfgoed en bezienswaardigheden<\/h5>\n<p>De meest zuidelijke gemeente, aan de poorten van de Provence, beschikt over een rijk architectonisch erfgoed: De Romaanse kerk St \u00c9tienne, de kapel N-D. de B\u00e9conne, de toren of de donjon van Alen\u00e7on, de rots van de Aures, het Ch\u00e2teau d&#8217;Alen\u00e7on of versterkte hoeve, de ru\u00efnes van B\u00e9conne (domein van de heren van Vesc) en de oude waterkrachtcentrale. In het dal van de Lez vind je nog heel veel bewaard gebleven erfgoed.<br \/>\nAl in de prehistorie woonden hier mensen. Ze lieten ons tastbare sporen na van hun aanwezigheid, zoals de versterkte nederzetting van Aures uit de IJzertijd, Gallo-Romeinse villa&#8217;s, en kastelen en kapellen uit de Middeleeuwen en de Renaissance. Het industri\u00eble tijdperk bracht in deze hoek van de Dr\u00f4me de waterkrachtcentrale, de zijde en de kalk. In een recenter verleden deed het Massif de la Lance dienst als schuilplaats voor de Maquisards ( de verzetsstrijders in WO II)<br \/>\nTegenwoordig teelt men er druiven, abrikozen en lavendel (voor de productie van wijn, fruit en lavendeldistillering). Pottenbakkersateliers hebben zich in het dorp gevestigd.<\/p>\n<p>&nbsp;<\/p>\n<blockquote>\n<p style=\"text-align: center;\">Bevolking\u00a0: Les Rochois<\/p>\n<p style=\"text-align: center;\">Aantal inwoners\u00a0: 460<\/p>\n<p style=\"text-align: center;\">Oppervlakte\u00a0: 3 300 hectare<\/p>\n<p style=\"text-align: center;\">Gemiddelde hoogte\u00a0: 352 m<\/p>\n<\/blockquote>\n\n\t\t<style type=\"text\/css\">\n\t\t\t#gallery-1 {\n\t\t\t\tmargin: auto;\n\t\t\t}\n\t\t\t#gallery-1 .gallery-item {\n\t\t\t\tfloat: left;\n\t\t\t\tmargin-top: 10px;\n\t\t\t\ttext-align: center;\n\t\t\t\twidth: 33%;\n\t\t\t}\n\t\t\t#gallery-1 img {\n\t\t\t\tborder: 2px solid #cfcfcf;\n\t\t\t}\n\t\t\t#gallery-1 .gallery-caption {\n\t\t\t\tmargin-left: 0;\n\t\t\t}\n\t\t\t\/* see gallery_shortcode() in wp-includes\/media.php *\/\n\t\t<\/style>\n\t\t<div id='gallery-1' class='gallery galleryid-296 gallery-columns-3 gallery-size-entityThumbnailSquare'><dl class='gallery-item'>\n\t\t\t<dt class='gallery-icon landscape'>\n\t\t\t\t<a href='https:\/\/www.dieulefit-tourisme.com\/nl\/onze-bestemming\/onze-dorpen\/la-roche-saint-secret-beconne\/pa270003\/'><img width=\"400\" height=\"400\" src=\"https:\/\/www.dieulefit-tourisme.com\/nl\/wp-content\/uploads\/sites\/3\/2018\/06\/pa270003-400x400.jpg\" class=\"attachment-entityThumbnailSquare size-entityThumbnailSquare\" alt=\"\" loading=\"lazy\" srcset=\"https:\/\/www.dieulefit-tourisme.com\/nl\/wp-content\/uploads\/sites\/3\/2018\/06\/pa270003-400x400.jpg 400w, https:\/\/www.dieulefit-tourisme.com\/nl\/wp-content\/uploads\/sites\/3\/2018\/06\/pa270003-150x150.jpg 150w, https:\/\/www.dieulefit-tourisme.com\/nl\/wp-content\/uploads\/sites\/3\/2018\/06\/pa270003-200x200.jpg 200w, https:\/\/www.dieulefit-tourisme.com\/nl\/wp-content\/uploads\/sites\/3\/2018\/06\/pa270003-60x60.jpg 60w\" sizes=\"(max-width: 400px) 100vw, 400px\" \/><\/a>\n\t\t\t<\/dt><\/dl><dl class='gallery-item'>\n\t\t\t<dt class='gallery-icon landscape'>\n\t\t\t\t<a href='https:\/\/www.dieulefit-tourisme.com\/nl\/onze-bestemming\/onze-dorpen\/la-roche-saint-secret-beconne\/pa270017\/'><img width=\"400\" height=\"400\" src=\"https:\/\/www.dieulefit-tourisme.com\/nl\/wp-content\/uploads\/sites\/3\/2018\/06\/pa270017-400x400.jpg\" class=\"attachment-entityThumbnailSquare size-entityThumbnailSquare\" alt=\"\" loading=\"lazy\" srcset=\"https:\/\/www.dieulefit-tourisme.com\/nl\/wp-content\/uploads\/sites\/3\/2018\/06\/pa270017-400x400.jpg 400w, https:\/\/www.dieulefit-tourisme.com\/nl\/wp-content\/uploads\/sites\/3\/2018\/06\/pa270017-150x150.jpg 150w, https:\/\/www.dieulefit-tourisme.com\/nl\/wp-content\/uploads\/sites\/3\/2018\/06\/pa270017-200x200.jpg 200w, https:\/\/www.dieulefit-tourisme.com\/nl\/wp-content\/uploads\/sites\/3\/2018\/06\/pa270017-60x60.jpg 60w\" sizes=\"(max-width: 400px) 100vw, 400px\" \/><\/a>\n\t\t\t<\/dt><\/dl><dl class='gallery-item'>\n\t\t\t<dt class='gallery-icon landscape'>\n\t\t\t\t<a href='https:\/\/www.dieulefit-tourisme.com\/nl\/onze-bestemming\/onze-dorpen\/la-roche-saint-secret-beconne\/pa270020\/'><img width=\"400\" height=\"400\" src=\"https:\/\/www.dieulefit-tourisme.com\/nl\/wp-content\/uploads\/sites\/3\/2018\/06\/pa270020-400x400.jpg\" class=\"attachment-entityThumbnailSquare size-entityThumbnailSquare\" alt=\"\" loading=\"lazy\" srcset=\"https:\/\/www.dieulefit-tourisme.com\/nl\/wp-content\/uploads\/sites\/3\/2018\/06\/pa270020-400x400.jpg 400w, https:\/\/www.dieulefit-tourisme.com\/nl\/wp-content\/uploads\/sites\/3\/2018\/06\/pa270020-150x150.jpg 150w, https:\/\/www.dieulefit-tourisme.com\/nl\/wp-content\/uploads\/sites\/3\/2018\/06\/pa270020-200x200.jpg 200w, https:\/\/www.dieulefit-tourisme.com\/nl\/wp-content\/uploads\/sites\/3\/2018\/06\/pa270020-60x60.jpg 60w\" sizes=\"(max-width: 400px) 100vw, 400px\" \/><\/a>\n\t\t\t<\/dt><\/dl><br style=\"clear: both\" \/>\n\t\t<\/div>\n\n<h5>Absolute aanrader :<\/h5>\n<p>B\u00e9conne (het dorp en de kapel), het kasteel van La Roche (priv\u00e9), de paden van het verzet van de Lance, de Toren van Alen\u00e7on, het kasteel van Alen\u00e7on (priv\u00e9)..<\/p>\n<p style=\"text-align: center;\">\n        <div class=\"pratique\">\n            <div class=\"pratiqueContent\">\n\n                \n                                    <div class=\"pratiqueContentExcerpt\"><p><a href=\"http:\/\/www.roche-saint-secret.com\/\" target=\"_blank\" rel=\"noopener\">Website<\/a><\/p><br \/>\n<\/div>\n                            <\/div>\n        <\/div>\n\n        <\/p>\n","protected":false},"excerpt":{"rendered":"<p>Cultureel erfgoed en bezienswaardigheden De meest zuidelijke gemeente, aan de poorten van de Provence, beschikt over een rijk architectonisch erfgoed: De Romaanse kerk St \u00c9tienne, de kapel N-D. de B\u00e9conne, de toren of de donjon van Alen\u00e7on, de rots van de Aures, het Ch\u00e2teau d&#8217;Alen\u00e7on of versterkte hoeve, de ru\u00efnes van B\u00e9conne (domein van de [&hellip;]<\/p>\n","protected":false},"author":1,"featured_media":860,"parent":51,"menu_order":150,"comment_status":"closed","ping_status":"closed","template":"","meta":[],"_links":{"self":[{"href":"https:\/\/www.dieulefit-tourisme.com\/nl\/wp-json\/wp\/v2\/pages\/296"}],"collection":[{"href":"https:\/\/www.dieulefit-tourisme.com\/nl\/wp-json\/wp\/v2\/pages"}],"about":[{"href":"https:\/\/www.dieulefit-tourisme.com\/nl\/wp-json\/wp\/v2\/types\/page"}],"author":[{"embeddable":true,"href":"https:\/\/www.dieulefit-tourisme.com\/nl\/wp-json\/wp\/v2\/users\/1"}],"replies":[{"embeddable":true,"href":"https:\/\/www.dieulefit-tourisme.com\/nl\/wp-json\/wp\/v2\/comments?post=296"}],"version-history":[{"count":45,"href":"https:\/\/www.dieulefit-tourisme.com\/nl\/wp-json\/wp\/v2\/pages\/296\/revisions"}],"predecessor-version":[{"id":19275,"href":"https:\/\/www.dieulefit-tourisme.com\/nl\/wp-json\/wp\/v2\/pages\/296\/revisions\/19275"}],"up":[{"embeddable":true,"href":"https:\/\/www.dieulefit-tourisme.com\/nl\/wp-json\/wp\/v2\/pages\/51"}],"wp:featuredmedia":[{"embeddable":true,"href":"https:\/\/www.dieulefit-tourisme.com\/nl\/wp-json\/wp\/v2\/media\/860"}],"wp:attachment":[{"href":"https:\/\/www.dieulefit-tourisme.com\/nl\/wp-json\/wp\/v2\/media?parent=296"}],"curies":[{"name":"wp","href":"https:\/\/api.w.org\/{rel}","templated":true}]}}