{"id":284,"date":"2019-05-06T13:20:35","date_gmt":"2019-05-06T12:20:35","guid":{"rendered":"https:\/\/www.dieulefit-tourisme.com\/nl\/le-poet-laval"},"modified":"2020-05-14T18:12:35","modified_gmt":"2020-05-14T16:12:35","slug":"le-poet-laval","status":"publish","type":"page","link":"https:\/\/www.dieulefit-tourisme.com\/nl\/onze-bestemming\/onze-dorpen\/le-poet-laval\/","title":{"rendered":"Le Po\u00ebt-Laval"},"content":{"rendered":"<p>Het gefortificeerde dorp van Po\u00ebt-Laval, met z\u2019n indrukwekkende middeleeuwse donjon (woontoren), steekt spectaculair af tegen de beboste heuvels rond het stadje Dieulefit, in de Dr\u00f4me Proven\u00e7ale. De plaats werd in de 12e eeuw gesticht door de Johannieterorde van Jerusalem (de Hospitaliers), en kende vanaf het einde van de middeleeuwen heel wat turbulentie, net als de meeste andere dorpen in de streek. De godsdienstoorlogen markeerden het begin van een langzaam verval dat vier eeuwen later de plaats bijna deed eindigen als een spookdorp.<br \/>\nMaar het dorp leefde weer op dankzij de vastberadenheid van enkele enthousiaste persoonlijkheden. Zij hebben zich ingespannen om te redden wat nog te redden viel, en het daarna nieuw leven in te blazen. De vereniging van de Amis du Vieux Po\u00ebt-Laval kon vanaf 1926 de plundering van het verlaten dorp stoppen en zette de materi\u00eble middelen en de mensen in die nodig waren voor de wederopbouw.<\/p>\n<div class=\"sectionCTA\"><div class=\"strateCTA strateCTA-largeCTA50 wp-caption\"><p class=\"strateCTAThumbnail\"><a href=\"https:\/\/www.dieulefit-tourisme.com\/nl\/wp-content\/uploads\/2018\/06\/poet-laval.jpg\" class=\"swipebox\" title=\"\"><img src=\"https:\/\/www.dieulefit-tourisme.com\/nl\/wp-content\/uploads\/2018\/06\/poet-laval.jpg\" alt=\"\" \/><\/a><\/p><\/div>\n<div class=\"strateCTA strateCTA-largeCTA50 wp-caption\"><p class=\"strateCTAThumbnail\"><a href=\"https:\/\/www.dieulefit-tourisme.com\/nl\/wp-content\/uploads\/2018\/06\/plaine-du-poet.jpg\" class=\"swipebox\" title=\"\"><img src=\"https:\/\/www.dieulefit-tourisme.com\/nl\/wp-content\/uploads\/2018\/06\/plaine-du-poet.jpg\" alt=\"\" \/><\/a><\/p><\/div><\/div>\n<p>Po\u00ebt-Laval is vandaag de dag in veel opzichten heel anders dan het middeleeuwse dorp, maar de sfeer is bewaard gebleven. Het is geen zielloos museum geworden, maar een bijzonder geheel in een ongeschonden, natuurlijke omgeving. Dit, dankzij permanente, collectieve inspanningen.<br \/>\nHet dorp Gougne ontstond in de XVIII2 eeuw onderin het dal, aan de oever van de Jabron. Het dorp is tegenwoordig de \u201cchef-lieu\u201d (hoofdplaats) van de gemeente en heeft een stadhuis, school en winkels<\/p>\n<p>Begin van het pad \u201c<a href=\"https:\/\/www.surlespasdeshuguenots.eu\/nl\/\" target=\"_blank\" rel=\"noopener\">In\u00a0 de Voetsporen van de Hugenoten<\/a> \u201d. Dit is een Europese wandelroute van 1800 km tussen Le P\u00f6et-Laval (Dr\u00f4me) en Bad Karlshafen (Duitsland). Het pad volgt de historische verbanning van de Hugenoten uit de Dauphin\u00e9 in de XVIIe eeuw<\/p>\n<p>Vertrek van de Tour du Pays de Dieulefit, Chemin de grande randonn\u00e9e.Totale afstand 100 km.<\/p>\n<div class=\"sectionCTA\"><div class=\"strateCTA strateCTA-largeCTA100 wp-caption\"><p class=\"strateCTAThumbnail\"><a href=\"https:\/\/www.dieulefit-tourisme.com\/nl\/wp-content\/uploads\/2018\/06\/le-poet-laval.jpg\" class=\"swipebox\" title=\"\"><img src=\"https:\/\/www.dieulefit-tourisme.com\/nl\/wp-content\/uploads\/2018\/06\/le-poet-laval.jpg\" alt=\"\" \/><\/a><\/p><\/div><\/div>\n<blockquote>\n<p style=\"text-align: center;\">Bevolking : Les Po\u00ebt-Lavalien<br \/>\nAantal inwoners : 941<br \/>\nOppervlakte : 3122 hectare<br \/>\nGemiddelde hoogte : 307 m<\/p>\n<\/blockquote>\n<h3>Absolute aanrader :<\/h3>\n<ul>\n<li><img loading=\"lazy\" class=\"alignright\" src=\"https:\/\/www.dieulefit-tourisme.com\/nl\/wp-content\/uploads\/2018\/06\/img_7202-e1528206593297.jpg\" alt=\"\" width=\"384\" height=\"512\" \/>Het museum van het Protestantisme Dauphinois (XVIe), het kasteel (XIIe eeuw), de kapel van St Jean des Commandeurs, de Commanderie en het Centre international d&#8217;art et d&#8217;animation Yvan Morin.<\/li>\n<li>Rondleidingen in juli en augustus: elke woensdagochtend. Om 9.30 uur verzamelen voor het kasteel.<br \/>\nGroepsrondleidingen het hele jaar door op afspraak.<br \/>\nNB : Zomer Ticket pass \u00e0 \u20ac7,50 met toegang tot het kasteel, Centre d\u2019Art, Mus\u00e9e du Protestantisme.<br \/>\nZie openingstijdenLes Amis du vieux Po\u00ebt-Laval : 06 08 40 61 42 \/ 06 11 03 00 59<\/li>\n<\/ul>\n<p>&nbsp;<\/p>\n<blockquote><p><a href=\"http:\/\/www.amisvieuxpoetlaval.fr\" target=\"_blank\" rel=\"noopener\">http:\/\/www.amisvieuxpoetlaval.fr<\/a><\/p>\n<p><a href=\"http:\/\/lepoetlaval.org\" target=\"_blank\" rel=\"noopener\">http:\/\/lepoetlaval.org<\/a><\/p><\/blockquote>\n","protected":false},"excerpt":{"rendered":"<h2>Middeleeuws dorp<br \/>\n<\/h2>\n<p>Middeleeuws dorp, geklassificeerd als<br \/>\n&#8220;Un des plus beaux villages de France&#8221;.<\/p>\n","protected":false},"author":1,"featured_media":439,"parent":51,"menu_order":90,"comment_status":"closed","ping_status":"closed","template":"","meta":[],"_links":{"self":[{"href":"https:\/\/www.dieulefit-tourisme.com\/nl\/wp-json\/wp\/v2\/pages\/284"}],"collection":[{"href":"https:\/\/www.dieulefit-tourisme.com\/nl\/wp-json\/wp\/v2\/pages"}],"about":[{"href":"https:\/\/www.dieulefit-tourisme.com\/nl\/wp-json\/wp\/v2\/types\/page"}],"author":[{"embeddable":true,"href":"https:\/\/www.dieulefit-tourisme.com\/nl\/wp-json\/wp\/v2\/users\/1"}],"replies":[{"embeddable":true,"href":"https:\/\/www.dieulefit-tourisme.com\/nl\/wp-json\/wp\/v2\/comments?post=284"}],"version-history":[{"count":33,"href":"https:\/\/www.dieulefit-tourisme.com\/nl\/wp-json\/wp\/v2\/pages\/284\/revisions"}],"predecessor-version":[{"id":15979,"href":"https:\/\/www.dieulefit-tourisme.com\/nl\/wp-json\/wp\/v2\/pages\/284\/revisions\/15979"}],"up":[{"embeddable":true,"href":"https:\/\/www.dieulefit-tourisme.com\/nl\/wp-json\/wp\/v2\/pages\/51"}],"wp:featuredmedia":[{"embeddable":true,"href":"https:\/\/www.dieulefit-tourisme.com\/nl\/wp-json\/wp\/v2\/media\/439"}],"wp:attachment":[{"href":"https:\/\/www.dieulefit-tourisme.com\/nl\/wp-json\/wp\/v2\/media?parent=284"}],"curies":[{"name":"wp","href":"https:\/\/api.w.org\/{rel}","templated":true}]}}