{"id":280,"date":"2019-05-06T13:20:35","date_gmt":"2019-05-06T12:20:35","guid":{"rendered":"https:\/\/www.dieulefit-tourisme.com\/nl\/eyzahut"},"modified":"2020-05-16T11:26:08","modified_gmt":"2020-05-16T09:26:08","slug":"eyzahut","status":"publish","type":"page","link":"https:\/\/www.dieulefit-tourisme.com\/nl\/onze-bestemming\/onze-dorpen\/eyzahut\/","title":{"rendered":"Eyzahut"},"content":{"rendered":"<p>Verscholen in de bossen, omgeven door een majestueuze klif. Bewegwijzerde wandelpaden leiden naar deze bergkammen met uitzonderlijk panorama.<br \/>\nOp 500 m hoogte ligt Eyzahut, een klein dorpje dat in het zuiden wordt beschermd door een berg en dat 143 inwoners telt. In het westen kijkt het uit op het Rh\u00f4ne dal met verderop de C\u00e9vennes en de Ard\u00e8che. Vanaf het Stadhuis starten verschillende wandelroutes. De gemeente van Eyzahut ligt op de GRP van het Pays de Dieulefit, een route die zeer populair is bij wandelaars, fietsers en ruiters.<br \/>\nHet gemeentelijk zwembad, toegankelijk voor minder validen, telt drie baden met bronwater. In juli en augustus is dit zwembad zeer in trek bij toeristen. De gemeentelijke camping met zijn eeuwenoude kastanjebomen is geschikt voor tenten, caravans en campers.<br \/>\nDe tennisbaan ligt naast een miniatuurdorp. Verder vindt u er een pingpongtafel, een badminton-\/volleybalterrein en picknickplaatsen om het geheel compleet te maken.<\/p>\n<p>U vindt er ook het \u201cRestaurant du Furet\u201d, een bar-restaurant.<\/p>\n<p>Het geheim van Eyzahut ligt in de landelijke charme, de weelderige natuur en het warme onthaal dat de inwoners hun toeristen bieden.<\/p>\n\n        <div class=\"pratique\">\n            <div class=\"pratiqueContent\">\n\n                \n                                    <div class=\"pratiqueContentExcerpt\"><p><a href=\"http:\/\/www.eyzahut.fr\/\" target=\"_blank\" rel=\"noopener\">Website <\/a><\/p><br \/>\n<\/div>\n                            <\/div>\n        <\/div>\n\n        \n<blockquote>\n<p style=\"text-align: center;\">Bevolking: Les Eyzahutiens<\/p>\n<p style=\"text-align: center;\">Aantal inwoners : 143<\/p>\n<p style=\"text-align: center;\">Oppervlakte: 660 hectare<\/p>\n<p style=\"text-align: center;\">Gemiddelde hoogte : 505 m<\/p>\n<\/blockquote>\n<div class=\"sectionCTA\"><div class=\"strateCTA strateCTA-largeCTA50 wp-caption\"><p class=\"strateCTAThumbnail\"><a href=\"https:\/\/www.dieulefit-tourisme.com\/nl\/wp-content\/uploads\/2018\/07\/village-miniature-eyzahut.jpg\" class=\"swipebox\" title=\"\"><img src=\"https:\/\/www.dieulefit-tourisme.com\/nl\/wp-content\/uploads\/2018\/07\/village-miniature-eyzahut.jpg\" alt=\"\" \/><\/a><\/p><\/div>\n<div class=\"strateCTA strateCTA-largeCTA50 wp-caption\"><p class=\"strateCTAThumbnail\"><a href=\"https:\/\/www.dieulefit-tourisme.com\/nl\/wp-content\/uploads\/2018\/07\/p7060851.jpg\" class=\"swipebox\" title=\"\"><img src=\"https:\/\/www.dieulefit-tourisme.com\/nl\/wp-content\/uploads\/2018\/07\/p7060851.jpg\" alt=\"\" \/><\/a><\/p><\/div><\/div>\n<p><strong>Absolute aanrader :<\/strong><\/p>\n<p>Le Trou du Furet, het miniatuurdorp aan de voet van de klif.<\/p>\n","protected":false},"excerpt":{"rendered":"<p>Verscholen in de bossen, omgeven door een majestueuze klif. Bewegwijzerde wandelpaden leiden naar deze bergkammen met uitzonderlijk panorama. Op 500 m hoogte ligt Eyzahut, een klein dorpje dat in het zuiden wordt beschermd door een berg en dat 143 inwoners telt. In het westen kijkt het uit op het Rh\u00f4ne dal met verderop de C\u00e9vennes [&hellip;]<\/p>\n","protected":false},"author":1,"featured_media":754,"parent":51,"menu_order":70,"comment_status":"closed","ping_status":"closed","template":"","meta":[],"_links":{"self":[{"href":"https:\/\/www.dieulefit-tourisme.com\/nl\/wp-json\/wp\/v2\/pages\/280"}],"collection":[{"href":"https:\/\/www.dieulefit-tourisme.com\/nl\/wp-json\/wp\/v2\/pages"}],"about":[{"href":"https:\/\/www.dieulefit-tourisme.com\/nl\/wp-json\/wp\/v2\/types\/page"}],"author":[{"embeddable":true,"href":"https:\/\/www.dieulefit-tourisme.com\/nl\/wp-json\/wp\/v2\/users\/1"}],"replies":[{"embeddable":true,"href":"https:\/\/www.dieulefit-tourisme.com\/nl\/wp-json\/wp\/v2\/comments?post=280"}],"version-history":[{"count":16,"href":"https:\/\/www.dieulefit-tourisme.com\/nl\/wp-json\/wp\/v2\/pages\/280\/revisions"}],"predecessor-version":[{"id":19320,"href":"https:\/\/www.dieulefit-tourisme.com\/nl\/wp-json\/wp\/v2\/pages\/280\/revisions\/19320"}],"up":[{"embeddable":true,"href":"https:\/\/www.dieulefit-tourisme.com\/nl\/wp-json\/wp\/v2\/pages\/51"}],"wp:featuredmedia":[{"embeddable":true,"href":"https:\/\/www.dieulefit-tourisme.com\/nl\/wp-json\/wp\/v2\/media\/754"}],"wp:attachment":[{"href":"https:\/\/www.dieulefit-tourisme.com\/nl\/wp-json\/wp\/v2\/media?parent=280"}],"curies":[{"name":"wp","href":"https:\/\/api.w.org\/{rel}","templated":true}]}}