{"id":219,"date":"2019-05-06T13:20:35","date_gmt":"2019-05-06T12:20:35","guid":{"rendered":"https:\/\/www.dieulefit-tourisme.com\/nl\/zwemplekken"},"modified":"2020-05-04T16:54:03","modified_gmt":"2020-05-04T14:54:03","slug":"zwemplekken","status":"publish","type":"page","link":"https:\/\/www.dieulefit-tourisme.com\/nl\/uw-verblijf\/bewegen-en-ontspannen\/zwemplekken\/","title":{"rendered":"Zwemmen"},"content":{"rendered":"<p>Zin om te pootjebaden of een duik te nemen in het zwembad? U kunt uw hart ophalen aan alle zwemgelegen en watersportactiviteiten.<br \/>\nHet zuivere water van de rivier de Dr\u00f4me biedt talrijke hoekjes waar het aangenaam zwemmen is, in het bijzonder tussen Crest en Die. In de zomer is het \u00e9\u00e9n van de zeldzame plaatsen waar het water diep genoeg is om voorzichtig in te duiken. Hier zijn nog ongerepte en soms magische plekjes. Echt het ontdekken waard!<\/p>\n<p>&nbsp;<\/p>\n","protected":false},"excerpt":{"rendered":"<p>Zin om te pootjebaden of een duik te nemen in het zwembad? U kunt uw hart ophalen aan alle zwemgelegen en watersportactiviteiten. Het zuivere water van de rivier de Dr\u00f4me biedt talrijke hoekjes waar het aangenaam zwemmen is, in het bijzonder tussen Crest en Die. In de zomer is het \u00e9\u00e9n van de zeldzame plaatsen [&hellip;]<\/p>\n","protected":false},"author":1,"featured_media":3517,"parent":65,"menu_order":50,"comment_status":"closed","ping_status":"closed","template":"partials\/template-sit.php","meta":[],"_links":{"self":[{"href":"https:\/\/www.dieulefit-tourisme.com\/nl\/wp-json\/wp\/v2\/pages\/219"}],"collection":[{"href":"https:\/\/www.dieulefit-tourisme.com\/nl\/wp-json\/wp\/v2\/pages"}],"about":[{"href":"https:\/\/www.dieulefit-tourisme.com\/nl\/wp-json\/wp\/v2\/types\/page"}],"author":[{"embeddable":true,"href":"https:\/\/www.dieulefit-tourisme.com\/nl\/wp-json\/wp\/v2\/users\/1"}],"replies":[{"embeddable":true,"href":"https:\/\/www.dieulefit-tourisme.com\/nl\/wp-json\/wp\/v2\/comments?post=219"}],"version-history":[{"count":6,"href":"https:\/\/www.dieulefit-tourisme.com\/nl\/wp-json\/wp\/v2\/pages\/219\/revisions"}],"predecessor-version":[{"id":19058,"href":"https:\/\/www.dieulefit-tourisme.com\/nl\/wp-json\/wp\/v2\/pages\/219\/revisions\/19058"}],"up":[{"embeddable":true,"href":"https:\/\/www.dieulefit-tourisme.com\/nl\/wp-json\/wp\/v2\/pages\/65"}],"wp:featuredmedia":[{"embeddable":true,"href":"https:\/\/www.dieulefit-tourisme.com\/nl\/wp-json\/wp\/v2\/media\/3517"}],"wp:attachment":[{"href":"https:\/\/www.dieulefit-tourisme.com\/nl\/wp-json\/wp\/v2\/media?parent=219"}],"curies":[{"name":"wp","href":"https:\/\/api.w.org\/{rel}","templated":true}]}}