{"id":316,"date":"2019-05-06T10:44:56","date_gmt":"2019-05-06T09:44:56","guid":{"rendered":"https:\/\/www.dieulefit-tourisme.com\/en\/going-into-exile-with-the-huguenots"},"modified":"2019-06-11T16:04:01","modified_gmt":"2019-06-11T14:04:01","slug":"going-into-exile-with-the-huguenots","status":"publish","type":"page","link":"https:\/\/www.dieulefit-tourisme.com\/en\/our-destination\/our-%e2%80%98must-dos%e2%80%99\/going-into-exile-with-the-huguenots\/","title":{"rendered":"Going into exile with the Huguenots"},"content":{"rendered":"<p lang=\"en-GB\">During the 16th century France was racked by religious wars, pitting Catholics against Protestants, alos called Huguenots.<\/p>\n<p lang=\"en-GB\">In 1685 King Louis XIV revokes the Edict of Nantes and the Huguenots lose their freedom of worship.<\/p>\n<p lang=\"en-GB\">The resulting persecutions to conform compel at least 300 000 of them into exile.<\/p>\n<p lang=\"en-GB\">This mass exodus had one of its starting points in the region, in the village of Po\u00ebt Laval.<\/p>\n<p lang=\"en-GB\">A modern day hiking trail recalling their route starts there, crosses at Dieulefit and reaches Bourdeaux in our area. It carries further for another 374kms divided in 29 stages. This is the French leg, which reaches the Alps at Chambery, to then cross into Switzerland and eventually, after 1800kms, end at Bad Karlshafen in Germany.<\/p>\n<p lang=\"en-GB\">\n<p><img loading=\"lazy\" class=\"aligncenter wp-image-5121 \" src=\"https:\/\/www.dieulefit-tourisme.com\/en\/wp-content\/uploads\/2018\/09\/capture.png\" alt=\"\" width=\"427\" height=\"504\" srcset=\"https:\/\/www.dieulefit-tourisme.com\/en\/wp-content\/uploads\/sites\/2\/2018\/09\/capture.png 514w, https:\/\/www.dieulefit-tourisme.com\/en\/wp-content\/uploads\/sites\/2\/2018\/09\/capture-254x300.png 254w, https:\/\/www.dieulefit-tourisme.com\/en\/wp-content\/uploads\/sites\/2\/2018\/09\/capture-380x449.png 380w, https:\/\/www.dieulefit-tourisme.com\/en\/wp-content\/uploads\/sites\/2\/2018\/09\/capture-246x290.png 246w\" sizes=\"(max-width: 427px) 100vw, 427px\" \/><\/p>\n<p>The \u2018Federation Francaise de Randonnee\u2019 (French Hiking Association) is currently preparing a guidebook describing the French portion (called <strong>GR965<\/strong>) of this international trail.<\/p>\n<blockquote>\n<p lang=\"en-GB\">Animated by the same spirit as the pilgrims on the \u2018Compostela Camino\u2019, you can walk on the steps of the Huguenots!<\/p>\n<p><span style=\"color: #000000;\">Find more information on<\/span>\u00a0: <a href=\"http:\/\/www.surlespasdeshuguenots.eu\/\" target=\"_blank\" rel=\"noopener\">http:\/\/www.surlespasdeshuguenots.eu\/<\/a><\/p>\n<p><span style=\"color: #000000;\">Download the hiking route plan for<\/span>\u00a0<a href=\"http:\/\/www.surlespasdeshuguenots.eu\/itineraire\/fichiers\/Fiche%201%2016-10-12.pdf\" target=\"_blank\" rel=\"noopener\">Le Po\u00ebt-Laval -&gt; Dieulefit<\/a><\/p>\n<p><span style=\"color: #000000;\">Download the hiking route plan for\u00a0<\/span><a href=\"http:\/\/www.surlespasdeshuguenots.eu\/itineraire\/fichiers\/fiche-2-patrimoine1.pdf\" target=\"_blank\" rel=\"noopener\"> Dieulefit -&gt; Bourdeaux<\/a><\/p>\n<p><span style=\"color: #000000;\">Download the cycling\/driving route plan<\/span>\u00a0<a href=\"https:\/\/www.dieulefit-tourisme.com\/en\/wp-content\/uploads\/2018\/10\/circuit_velo_voiture_12_2017.pdf\" target=\"_blank\" rel=\"noopener\">Dieulefit-Bourdeaux<\/a><\/p>\n<p><span style=\"color: #000000;\">Download the cycling route plan for<\/span>\u00a0<a href=\"http:\/\/www.surlespasdeshuguenots.eu\/topocyclo-web1.pdf\">en v\u00e9lo de la Dr\u00f4me \u00e0 Gen\u00e8ve<\/a><\/p>\n<p><span style=\"color: #000000;\">Download the riding route plan<\/span>\u00a0<a href=\"https:\/\/www.dieulefit-tourisme.com\/en\/wp-content\/uploads\/2018\/10\/sur-les-pas-des-huguenots-a-cheval.pdf\">Sur les pas des Huguenots \u00e0 cheval<\/a><\/p><\/blockquote>\n","protected":false},"excerpt":{"rendered":"<p>During the 16th century France was racked by religious wars, pitting Catholics against Protestants, alos called Huguenots. In 1685 King Louis XIV revokes the Edict of Nantes and the Huguenots lose their freedom of worship. The resulting persecutions to conform compel at least 300 000 of them into exile. This mass exodus had one of [&hellip;]<\/p>\n","protected":false},"author":1,"featured_media":5201,"parent":55,"menu_order":10,"comment_status":"closed","ping_status":"closed","template":"","meta":[],"_links":{"self":[{"href":"https:\/\/www.dieulefit-tourisme.com\/en\/wp-json\/wp\/v2\/pages\/316"}],"collection":[{"href":"https:\/\/www.dieulefit-tourisme.com\/en\/wp-json\/wp\/v2\/pages"}],"about":[{"href":"https:\/\/www.dieulefit-tourisme.com\/en\/wp-json\/wp\/v2\/types\/page"}],"author":[{"embeddable":true,"href":"https:\/\/www.dieulefit-tourisme.com\/en\/wp-json\/wp\/v2\/users\/1"}],"replies":[{"embeddable":true,"href":"https:\/\/www.dieulefit-tourisme.com\/en\/wp-json\/wp\/v2\/comments?post=316"}],"version-history":[{"count":20,"href":"https:\/\/www.dieulefit-tourisme.com\/en\/wp-json\/wp\/v2\/pages\/316\/revisions"}],"predecessor-version":[{"id":14845,"href":"https:\/\/www.dieulefit-tourisme.com\/en\/wp-json\/wp\/v2\/pages\/316\/revisions\/14845"}],"up":[{"embeddable":true,"href":"https:\/\/www.dieulefit-tourisme.com\/en\/wp-json\/wp\/v2\/pages\/55"}],"wp:featuredmedia":[{"embeddable":true,"href":"https:\/\/www.dieulefit-tourisme.com\/en\/wp-json\/wp\/v2\/media\/5201"}],"wp:attachment":[{"href":"https:\/\/www.dieulefit-tourisme.com\/en\/wp-json\/wp\/v2\/media?parent=316"}],"curies":[{"name":"wp","href":"https:\/\/api.w.org\/{rel}","templated":true}]}}