{"id":300,"date":"2019-05-06T10:44:56","date_gmt":"2019-05-06T09:44:56","guid":{"rendered":"https:\/\/www.dieulefit-tourisme.com\/en\/souspierre"},"modified":"2019-05-06T10:44:56","modified_gmt":"2019-05-06T09:44:56","slug":"souspierre","status":"publish","type":"page","link":"https:\/\/www.dieulefit-tourisme.com\/en\/our-destination\/our-villages\/souspierre\/","title":{"rendered":"Souspierre"},"content":{"rendered":"<p>Sous les falaises, forteresses d&#8217;Eyzahut, le village aux habitations dispers\u00e9es, sur son plateau, a vue sur la plaine de la Valdaine.<\/p>\n<p><strong>A ne pas manquer<\/strong><\/p>\n<p>L&#8217;\u00e9glise Saint-S\u00e9bastien avec son clocher lombard (XVIIe si\u00e8cle).<\/p>\n<div class=\"sectionCTA\"><div class=\"strateCTA strateCTA-largeCTA50 wp-caption\"><p class=\"strateCTAThumbnail\"><a href=\"https:\/\/www.dieulefit-tourisme.com\/en\/wp-content\/uploads\/2018\/07\/p1040612.jpg\" class=\"swipebox\" title=\"\"><img src=\"https:\/\/www.dieulefit-tourisme.com\/en\/wp-content\/uploads\/2018\/07\/p1040612.jpg\" alt=\"\" \/><\/a><\/p><\/div>\n<div class=\"strateCTA strateCTA-largeCTA50 wp-caption\"><p class=\"strateCTAThumbnail\"><a href=\"https:\/\/www.dieulefit-tourisme.com\/en\/wp-content\/uploads\/2018\/07\/souspierre.jpg\" class=\"swipebox\" title=\"\"><img src=\"https:\/\/www.dieulefit-tourisme.com\/en\/wp-content\/uploads\/2018\/07\/souspierre.jpg\" alt=\"\" \/><\/a><\/p><\/div><\/div>\n<blockquote>\n<p style=\"text-align: center\">Population : Les Souspierrois<\/p>\n<p style=\"text-align: center\">Nombre d&#8217;habitants : 102<\/p>\n<p style=\"text-align: center\">Superficie : 525 hectares<\/p>\n<p style=\"text-align: center\">Altitude moyenne : 271 m\u00e8tres<\/p>\n<\/blockquote>\n","protected":false},"excerpt":{"rendered":"<p>Sous les falaises, forteresses d&#8217;Eyzahut, le village aux habitations dispers\u00e9es, sur son plateau, a vue sur la plaine de la Valdaine. A ne pas manquer L&#8217;\u00e9glise Saint-S\u00e9bastien avec son clocher lombard (XVIIe si\u00e8cle). Population : Les Souspierrois Nombre d&#8217;habitants : 102 Superficie : 525 hectares Altitude moyenne : 271 m\u00e8tres<\/p>\n","protected":false},"author":1,"featured_media":775,"parent":51,"menu_order":170,"comment_status":"closed","ping_status":"closed","template":"","meta":[],"_links":{"self":[{"href":"https:\/\/www.dieulefit-tourisme.com\/en\/wp-json\/wp\/v2\/pages\/300"}],"collection":[{"href":"https:\/\/www.dieulefit-tourisme.com\/en\/wp-json\/wp\/v2\/pages"}],"about":[{"href":"https:\/\/www.dieulefit-tourisme.com\/en\/wp-json\/wp\/v2\/types\/page"}],"author":[{"embeddable":true,"href":"https:\/\/www.dieulefit-tourisme.com\/en\/wp-json\/wp\/v2\/users\/1"}],"replies":[{"embeddable":true,"href":"https:\/\/www.dieulefit-tourisme.com\/en\/wp-json\/wp\/v2\/comments?post=300"}],"version-history":[{"count":3,"href":"https:\/\/www.dieulefit-tourisme.com\/en\/wp-json\/wp\/v2\/pages\/300\/revisions"}],"predecessor-version":[{"id":776,"href":"https:\/\/www.dieulefit-tourisme.com\/en\/wp-json\/wp\/v2\/pages\/300\/revisions\/776"}],"up":[{"embeddable":true,"href":"https:\/\/www.dieulefit-tourisme.com\/en\/wp-json\/wp\/v2\/pages\/51"}],"wp:featuredmedia":[{"embeddable":true,"href":"https:\/\/www.dieulefit-tourisme.com\/en\/wp-json\/wp\/v2\/media\/775"}],"wp:attachment":[{"href":"https:\/\/www.dieulefit-tourisme.com\/en\/wp-json\/wp\/v2\/media?parent=300"}],"curies":[{"name":"wp","href":"https:\/\/api.w.org\/{rel}","templated":true}]}}