{"id":282,"date":"2019-05-06T10:44:56","date_gmt":"2019-05-06T09:44:56","guid":{"rendered":"https:\/\/www.dieulefit-tourisme.com\/en\/la-begude-de-mazenc"},"modified":"2019-07-04T17:52:22","modified_gmt":"2019-07-04T15:52:22","slug":"la-begude-de-mazenc","status":"publish","type":"page","link":"https:\/\/www.dieulefit-tourisme.com\/en\/our-destination\/our-villages\/la-begude-de-mazenc\/","title":{"rendered":"La B\u00e9gude-de-Mazenc"},"content":{"rendered":"<p>Gateway to Pays de Dieulefit, at the foothills of the Alps, this consists of two distinct sites: La B\u00e9gude-de-Mazenc, lying on the plain, and the ancient village, Ch\u00e2teauneuf, perched on the top of the hill (cobbled alleys, belfry and panoramic views over the valley).<br \/>\nOn the fringes of the Alps, by the plains of the Rh\u00f4ne valley, LA B\u00c9GUDE-DE-MAZENC lies just off the main road (D540 &amp; D9), almost exactly halfway between Dieulefit and Mont\u00e9limar. This road, which follows the Jabron river, has been the village&#8217;s principal source of development.<br \/>\nFrom humble beginnings &#8211; just a few houses in the 16th century &#8211; the modern village of LA B\u00c9GUDE reached its peak between 1850 and 1900. It is around that time that the village had its moment of fame, when the French president, \u00c9mile Loubet, chose a former lord&#8217;s castle as his rural residence. A unique, charming park is one reminder of this prosperous period.<br \/>\nAs a result of modern development, and with the transfer of its institutions, the town changed its name around 1900, from the millennium-old name of CH\u00c2TEAUNEUF-DE-MAZENC to its present name. But the ancient village is still called CH\u00c2TEAUNEUF, perched on the hill overlooking LA B\u00c9GUDE\u2026 from around half a mile higher.<br \/>\nToday, the two villages together make up the town.<\/p>\n<blockquote>\n<p style=\"text-align: center;\">Inhabitants\u00a0 : B\u00e9gudiens<br \/>\nPopulation : 1734<br \/>\nArea : 23,62 km2<br \/>\nAverage altitude : 215 m<\/p>\n<\/blockquote>\n<h4 style=\"text-align: left;\">Not to be missed<\/h4>\n<p style=\"text-align: left;\">The village and the verdant park surrounding the castle of \u00c9mile Loubet. Don&#8217;t forget the medieval hilltop village, Ch\u00e2teauneuf de Mazenc.<\/p>\n<blockquote><p><a href=\"http:\/\/www.la-begude-de-mazenc.fr\/\" target=\"_blank\" rel=\"noopener\">http:\/\/www.la-begude-de-mazenc.fr\/<\/a><\/p><\/blockquote>\n","protected":false},"excerpt":{"rendered":"<p>Gateway to Pays de Dieulefit, at the foothills of the Alps, this consists of two distinct sites: La B\u00e9gude-de-Mazenc, lying on the plain, and the ancient village, Ch\u00e2teauneuf, perched on the top of the hill (cobbled alleys, belfry and panoramic views over the valley). On the fringes of the Alps, by the plains of the [&hellip;]<\/p>\n","protected":false},"author":1,"featured_media":3451,"parent":51,"menu_order":80,"comment_status":"closed","ping_status":"closed","template":"","meta":[],"_links":{"self":[{"href":"https:\/\/www.dieulefit-tourisme.com\/en\/wp-json\/wp\/v2\/pages\/282"}],"collection":[{"href":"https:\/\/www.dieulefit-tourisme.com\/en\/wp-json\/wp\/v2\/pages"}],"about":[{"href":"https:\/\/www.dieulefit-tourisme.com\/en\/wp-json\/wp\/v2\/types\/page"}],"author":[{"embeddable":true,"href":"https:\/\/www.dieulefit-tourisme.com\/en\/wp-json\/wp\/v2\/users\/1"}],"replies":[{"embeddable":true,"href":"https:\/\/www.dieulefit-tourisme.com\/en\/wp-json\/wp\/v2\/comments?post=282"}],"version-history":[{"count":48,"href":"https:\/\/www.dieulefit-tourisme.com\/en\/wp-json\/wp\/v2\/pages\/282\/revisions"}],"predecessor-version":[{"id":15150,"href":"https:\/\/www.dieulefit-tourisme.com\/en\/wp-json\/wp\/v2\/pages\/282\/revisions\/15150"}],"up":[{"embeddable":true,"href":"https:\/\/www.dieulefit-tourisme.com\/en\/wp-json\/wp\/v2\/pages\/51"}],"wp:featuredmedia":[{"embeddable":true,"href":"https:\/\/www.dieulefit-tourisme.com\/en\/wp-json\/wp\/v2\/media\/3451"}],"wp:attachment":[{"href":"https:\/\/www.dieulefit-tourisme.com\/en\/wp-json\/wp\/v2\/media?parent=282"}],"curies":[{"name":"wp","href":"https:\/\/api.w.org\/{rel}","templated":true}]}}