{"id":280,"date":"2019-05-06T10:44:56","date_gmt":"2019-05-06T09:44:56","guid":{"rendered":"https:\/\/www.dieulefit-tourisme.com\/en\/eyzahut"},"modified":"2019-07-04T17:40:47","modified_gmt":"2019-07-04T15:40:47","slug":"eyzahut","status":"publish","type":"page","link":"https:\/\/www.dieulefit-tourisme.com\/en\/our-destination\/our-villages\/eyzahut\/","title":{"rendered":"Eyzahut"},"content":{"rendered":"<p>At an altitude of 500m, Eyzahut is a small village of a population of 143, hidden amongst woods and ringed by great cliffs. Marked footpaths staritng from the Village Hall, lead to the ridge where you can enjoy breathtaking views of the Rh\u00f4ne valley towards the C\u00e9vennes and the Ard\u00e8che to the west.<br \/>\nEyzahut is located on the GRP of Pays de Dieulefit, a long-distance trail for hiking, biking or horse riding.<\/p>\n<p>In July and August, the village swimming pool (accessible for people with disabilities) attracts many visitors, its three pools being filled with spring water. The village campsite caters for tents, RVs and caravans under the shade of hundred-years old chestnut trees. Other leisure facilities include a tennis court next to the miniature village, a ping-pong table, and a badminton\/volleyball court. There are picnic areas in front of the tennis court and near the pool.<\/p>\n<p>The secret charm of Eyzahut resides in its bucolic tranquillity, its lush nature and the warm welcome to visitors from the locals.<\/p>\n<p>You will also find a cafe and restaurant, \u2018Restaurant du Furet\u2019<\/p>\n<h4>Not to be missed<\/h4>\n<p>Le \u2018Trou du Furet\u2019, the miniature village at the bottom of the cliff.<\/p>\n<div class=\"sectionCTA\"><div class=\"strateCTA strateCTA-largeCTA50 wp-caption\"><p class=\"strateCTAThumbnail\"><a href=\"https:\/\/www.dieulefit-tourisme.com\/en\/wp-content\/uploads\/2018\/07\/p7060851.jpg\" class=\"swipebox\" title=\"\"><img src=\"https:\/\/www.dieulefit-tourisme.com\/en\/wp-content\/uploads\/2018\/07\/p7060851.jpg\" alt=\"\" \/><\/a><\/p><\/div>\n<div class=\"strateCTA strateCTA-largeCTA50 wp-caption\"><p class=\"strateCTAThumbnail\"><a href=\"https:\/\/www.dieulefit-tourisme.com\/en\/wp-content\/uploads\/2018\/07\/village-miniature-eyzahut.jpg\" class=\"swipebox\" title=\"\"><img src=\"https:\/\/www.dieulefit-tourisme.com\/en\/wp-content\/uploads\/2018\/07\/village-miniature-eyzahut.jpg\" alt=\"\" \/><\/a><\/p><\/div><\/div>\n<blockquote>\n<p style=\"text-align: center;\">Inhabitants : Eyzahutiens<br \/>\nPopulation : 143<br \/>\nArea : 6,6 km2<br \/>\nAverage altitude : 505m<\/p>\n<p style=\"text-align: center;\">\n        <div class=\"pratique\">\n            <div class=\"pratiqueContent\">\n\n                \n                                    <div class=\"pratiqueContentExcerpt\"><p><a href=\"http:\/\/eyzahut.fr\">The website of the municipality<\/a><\/p><br \/>\n<\/div>\n                            <\/div>\n        <\/div>\n\n        <\/p>\n<\/blockquote>\n","protected":false},"excerpt":{"rendered":"<p>At an altitude of 500m, Eyzahut is a small village of a population of 143, hidden amongst woods and ringed by great cliffs. Marked footpaths staritng from the Village Hall, lead to the ridge where you can enjoy breathtaking views of the Rh\u00f4ne valley towards the C\u00e9vennes and the Ard\u00e8che to the west. Eyzahut is [&hellip;]<\/p>\n","protected":false},"author":1,"featured_media":754,"parent":51,"menu_order":70,"comment_status":"closed","ping_status":"closed","template":"","meta":[],"_links":{"self":[{"href":"https:\/\/www.dieulefit-tourisme.com\/en\/wp-json\/wp\/v2\/pages\/280"}],"collection":[{"href":"https:\/\/www.dieulefit-tourisme.com\/en\/wp-json\/wp\/v2\/pages"}],"about":[{"href":"https:\/\/www.dieulefit-tourisme.com\/en\/wp-json\/wp\/v2\/types\/page"}],"author":[{"embeddable":true,"href":"https:\/\/www.dieulefit-tourisme.com\/en\/wp-json\/wp\/v2\/users\/1"}],"replies":[{"embeddable":true,"href":"https:\/\/www.dieulefit-tourisme.com\/en\/wp-json\/wp\/v2\/comments?post=280"}],"version-history":[{"count":16,"href":"https:\/\/www.dieulefit-tourisme.com\/en\/wp-json\/wp\/v2\/pages\/280\/revisions"}],"predecessor-version":[{"id":15134,"href":"https:\/\/www.dieulefit-tourisme.com\/en\/wp-json\/wp\/v2\/pages\/280\/revisions\/15134"}],"up":[{"embeddable":true,"href":"https:\/\/www.dieulefit-tourisme.com\/en\/wp-json\/wp\/v2\/pages\/51"}],"wp:featuredmedia":[{"embeddable":true,"href":"https:\/\/www.dieulefit-tourisme.com\/en\/wp-json\/wp\/v2\/media\/754"}],"wp:attachment":[{"href":"https:\/\/www.dieulefit-tourisme.com\/en\/wp-json\/wp\/v2\/media?parent=280"}],"curies":[{"name":"wp","href":"https:\/\/api.w.org\/{rel}","templated":true}]}}