{"id":268,"date":"2019-05-06T10:44:56","date_gmt":"2019-05-06T09:44:56","guid":{"rendered":"https:\/\/www.dieulefit-tourisme.com\/en\/bezaudun-sur-bine"},"modified":"2019-07-04T17:21:52","modified_gmt":"2019-07-04T15:21:52","slug":"bezaudun-sur-bine","status":"publish","type":"page","link":"https:\/\/www.dieulefit-tourisme.com\/en\/our-destination\/our-villages\/bezaudun-sur-bine\/","title":{"rendered":"B\u00e9zaudun-sur-B\u00eene"},"content":{"rendered":"<p>Bezaudin sur B\u00eene is a rural district in the Bourdeaux district with scattered settlements. The altitiude varies from 400 to 1547m; the highest peak on the Couspeau range, the Grand Delmas.<br \/>\nThe village is situated either side of of the road going from <a href=\"https:\/\/www.dieulefit-tourisme.com\/en\/notre-destination\/nos-villages\/bourdeaux\/\">Bourdeaux<\/a> to Saillans and crossing the Chaudiere Passs (1047m). The Tower is the only remains of the Bezaudun Castle recorded in 1211.<br \/>\nThere are two bridleways in the area, one of which skirts the foot of the Tower. The \u2018Huguenots Way\u2019 also crosses the area. A protestant church was erected in 1858, on the Tonils road.<br \/>\nDuring the summer, the natural camping area and its swimming pool welcome the tourists in its green and tranquil setting, near the river B\u00eene. Duirng the months of July an August a market of local products takes place every Sunday morning.<br \/>\nFarming here produces quality products: lamb, poultry, snails, both organic goats\u2019cheese and vegetables.<\/p>\n<p><img loading=\"lazy\" width=\"300\" height=\"200\" class=\"alignnone size-medium wp-image-741\" src=\"https:\/\/www.dieulefit-tourisme.com\/en\/wp-content\/uploads\/2018\/07\/photo-panneau-bezaudun-300x200.jpg\" alt=\"\" srcset=\"https:\/\/www.dieulefit-tourisme.com\/en\/wp-content\/uploads\/sites\/2\/2018\/07\/photo-panneau-bezaudun-300x200.jpg 300w, https:\/\/www.dieulefit-tourisme.com\/en\/wp-content\/uploads\/sites\/2\/2018\/07\/photo-panneau-bezaudun-380x254.jpg 380w, https:\/\/www.dieulefit-tourisme.com\/en\/wp-content\/uploads\/sites\/2\/2018\/07\/photo-panneau-bezaudun.jpg 427w\" sizes=\"(max-width: 300px) 100vw, 300px\" \/><\/p>\n<blockquote>\n<p style=\"text-align: center;\">Inhabitants\u00a0 : B\u00e9zaudunois<br \/>\nPopulation : 74<br \/>\nArea : 1797 hectares<br \/>\nAverage altitude : de 439 \u00e0 1532 m<br \/>\nMayor : Guy Bompard<\/p>\n<\/blockquote>\n","protected":false},"excerpt":{"rendered":"<p>Bezaudin sur B\u00eene is a rural district in the Bourdeaux district with scattered settlements. The altitiude varies from 400 to 1547m; the highest peak on the Couspeau range, the Grand Delmas. The village is situated either side of of the road going from Bourdeaux to Saillans and crossing the Chaudiere Passs (1047m). The Tower is [&hellip;]<\/p>\n","protected":false},"author":1,"featured_media":740,"parent":51,"menu_order":10,"comment_status":"closed","ping_status":"closed","template":"","meta":[],"_links":{"self":[{"href":"https:\/\/www.dieulefit-tourisme.com\/en\/wp-json\/wp\/v2\/pages\/268"}],"collection":[{"href":"https:\/\/www.dieulefit-tourisme.com\/en\/wp-json\/wp\/v2\/pages"}],"about":[{"href":"https:\/\/www.dieulefit-tourisme.com\/en\/wp-json\/wp\/v2\/types\/page"}],"author":[{"embeddable":true,"href":"https:\/\/www.dieulefit-tourisme.com\/en\/wp-json\/wp\/v2\/users\/1"}],"replies":[{"embeddable":true,"href":"https:\/\/www.dieulefit-tourisme.com\/en\/wp-json\/wp\/v2\/comments?post=268"}],"version-history":[{"count":14,"href":"https:\/\/www.dieulefit-tourisme.com\/en\/wp-json\/wp\/v2\/pages\/268\/revisions"}],"predecessor-version":[{"id":15129,"href":"https:\/\/www.dieulefit-tourisme.com\/en\/wp-json\/wp\/v2\/pages\/268\/revisions\/15129"}],"up":[{"embeddable":true,"href":"https:\/\/www.dieulefit-tourisme.com\/en\/wp-json\/wp\/v2\/pages\/51"}],"wp:featuredmedia":[{"embeddable":true,"href":"https:\/\/www.dieulefit-tourisme.com\/en\/wp-json\/wp\/v2\/media\/740"}],"wp:attachment":[{"href":"https:\/\/www.dieulefit-tourisme.com\/en\/wp-json\/wp\/v2\/media?parent=268"}],"curies":[{"name":"wp","href":"https:\/\/api.w.org\/{rel}","templated":true}]}}