{"id":91,"date":"2019-05-06T13:55:06","date_gmt":"2019-05-06T11:55:06","guid":{"rendered":"https:\/\/www.dieulefit-tourisme.com\/de\/kontaktieren-sie-uns"},"modified":"2022-11-03T10:34:18","modified_gmt":"2022-11-03T09:34:18","slug":"kontaktieren-sie-uns","status":"publish","type":"page","link":"https:\/\/www.dieulefit-tourisme.com\/de\/praktisches\/kontaktieren-sie-uns\/","title":{"rendered":"Kontaktieren Sie uns"},"content":{"rendered":"<h4>B\u00fcro Dieulefit<\/h4>\n<p>1, Place Abb\u00e9 Magnet<br \/>\n26220 Dieulefit<br \/>\nT\u00e9l. +33 4 75 46 42 49<\/p>\n<ul>\n<li><strong><span style=\"color: #800080;\">Oktober bis M\u00e4rz<\/span><br \/>\n<\/strong><\/li>\n<\/ul>\n<p>Offen von 10h30 bis 12h und 14h30 bis 17h<br \/>\nMontag, Sonntag und Feiertage geschlossen<\/p>\n<ul>\n<li><span style=\"color: #800080;\"><strong>April bis Juni und September<\/strong><\/span><\/li>\n<\/ul>\n<p>Offen von 9h30 bis 12h und 14h30 bis 18h<br \/>\n<span class=\"text\" lang=\"de\">Donnerstag zu Himmelfahrt : 9h30 bis 12h und 14h30 bis 18h<\/span><br \/>\nMai : Sonntag ab 15 mai von 10h30 bis 13h<br \/>\nJuni : Sonntag <span class=\"text\" lang=\"de\"> und Feiertagen von 9h30 bis 13h<\/span><br \/>\nSeptember : Sonntag <span class=\"text\" lang=\"de\"> und Feiertagen von 10h30 bis 13h<\/span><\/p>\n<ul>\n<li><span style=\"color: #800080;\"><strong>Juli &#8211; August<\/strong><\/span><\/li>\n<\/ul>\n<p>Offen von 9h bis 13h und 14h bis 18h30 (Freitag d<span class=\"text\" lang=\"de\">en ganzen Tag)<\/span><br \/>\nSonntag <span class=\"text\" lang=\"de\"> und Feiertagen von<\/span> 9h30 bis 13h<\/p>\n<h4>B\u00fcro Bourdeaux<\/h4>\n<p>7, Place de l&#8217;\u00e9glise<br \/>\n26460 Bourdeaux<br \/>\nT\u00e9l. 04 75 53 35 90<\/p>\n<ul>\n<li><strong><span style=\"color: #800080;\">Oktober bis M\u00e4rz<\/span><\/strong><strong><br \/>\n<\/strong><\/li>\n<\/ul>\n<p>Offen von 10h30 bis 12h und 14h30 bis 17h<br \/>\nMontag, Mittwoch, Sonntag und Feiertage geschlossen<\/p>\n<ul>\n<li><span style=\"color: #800080;\"><strong>D&#8217;April bis Juni und September<\/strong><\/span><\/li>\n<\/ul>\n<p>Offen von 9h30 bis 12h und 14h30 bis 18h<br \/>\nMittwochs und sonntags geschlossen<\/p>\n<ul>\n<li><span style=\"color: #800080;\"><strong>Juillet &#8211; Ao\u00fbt<\/strong><\/span><\/li>\n<\/ul>\n<p>Offen von 9h30 bis 12h30 und 14h30 bis 18h30<br \/>\nMittwochs und sonntags geschlossen<\/p>\n<p>&nbsp;<\/p>\n<p><strong>\u00a0<\/strong><\/p>\n","protected":false},"excerpt":{"rendered":"<p>B\u00fcro Dieulefit 1, Place Abb\u00e9 Magnet 26220 Dieulefit T\u00e9l. +33 4 75 46 42 49 Oktober bis M\u00e4rz Offen von 10h30 bis 12h und 14h30 bis 17h Montag, Sonntag und Feiertage geschlossen April bis Juni und September Offen von 9h30 bis 12h und 14h30 bis 18h Donnerstag zu Himmelfahrt : 9h30 bis 12h und 14h30 [&hellip;]<\/p>\n","protected":false},"author":1,"featured_media":5819,"parent":16,"menu_order":90,"comment_status":"closed","ping_status":"closed","template":"partials\/template-contact.php","meta":[],"_links":{"self":[{"href":"https:\/\/www.dieulefit-tourisme.com\/de\/wp-json\/wp\/v2\/pages\/91"}],"collection":[{"href":"https:\/\/www.dieulefit-tourisme.com\/de\/wp-json\/wp\/v2\/pages"}],"about":[{"href":"https:\/\/www.dieulefit-tourisme.com\/de\/wp-json\/wp\/v2\/types\/page"}],"author":[{"embeddable":true,"href":"https:\/\/www.dieulefit-tourisme.com\/de\/wp-json\/wp\/v2\/users\/1"}],"replies":[{"embeddable":true,"href":"https:\/\/www.dieulefit-tourisme.com\/de\/wp-json\/wp\/v2\/comments?post=91"}],"version-history":[{"count":34,"href":"https:\/\/www.dieulefit-tourisme.com\/de\/wp-json\/wp\/v2\/pages\/91\/revisions"}],"predecessor-version":[{"id":35745,"href":"https:\/\/www.dieulefit-tourisme.com\/de\/wp-json\/wp\/v2\/pages\/91\/revisions\/35745"}],"up":[{"embeddable":true,"href":"https:\/\/www.dieulefit-tourisme.com\/de\/wp-json\/wp\/v2\/pages\/16"}],"wp:featuredmedia":[{"embeddable":true,"href":"https:\/\/www.dieulefit-tourisme.com\/de\/wp-json\/wp\/v2\/media\/5819"}],"wp:attachment":[{"href":"https:\/\/www.dieulefit-tourisme.com\/de\/wp-json\/wp\/v2\/media?parent=91"}],"curies":[{"name":"wp","href":"https:\/\/api.w.org\/{rel}","templated":true}]}}