{"id":73,"date":"2019-05-06T13:55:06","date_gmt":"2019-05-06T11:55:06","guid":{"rendered":"https:\/\/www.dieulefit-tourisme.com\/de\/geschafte-und-dienstleistungen"},"modified":"2019-08-25T12:31:37","modified_gmt":"2019-08-25T10:31:37","slug":"geschafte-und-dienstleistungen","status":"publish","type":"page","link":"https:\/\/www.dieulefit-tourisme.com\/de\/praktisches\/geschafte-und-dienstleistungen\/","title":{"rendered":"Gesch\u00e4fte und Dienstleistungen"},"content":{"rendered":"<p>Kleine Gesch\u00e4fte und Dienstleister finden Sie ganz in der N\u00e4he : <strong>Fris\u00f6re, Blumenh\u00e4ndler, Boutiquen, Modegesch\u00e4fte, Zeitschriftenl\u00e4den, Restaurants, Buchhandlungen, Haushaltswaren, Immobilienagenturen, Versicherungen, Banken, Autowerkst\u00e4tten, Verkehrsunternehmen, T\u00f6pfereien, <\/strong>Innenausstatter und eine breite Palette an Kunsthandwerkern. Bauunternehmer, zahlreiche Handwerker und Landschaftsg\u00e4rtner bieten Alles rund ums Wohnen.<\/p>\n","protected":false},"excerpt":{"rendered":"<p>Kleine Gesch\u00e4fte und Dienstleister finden Sie ganz in der N\u00e4he : Fris\u00f6re, Blumenh\u00e4ndler, Boutiquen, Modegesch\u00e4fte, Zeitschriftenl\u00e4den, Restaurants, Buchhandlungen, Haushaltswaren, Immobilienagenturen, Versicherungen, Banken, Autowerkst\u00e4tten, Verkehrsunternehmen, T\u00f6pfereien, Innenausstatter und eine breite Palette an Kunsthandwerkern. Bauunternehmer, zahlreiche Handwerker und Landschaftsg\u00e4rtner bieten Alles rund ums Wohnen.<\/p>\n","protected":false},"author":1,"featured_media":14953,"parent":16,"menu_order":0,"comment_status":"closed","ping_status":"closed","template":"partials\/template-sit.php","meta":[],"_links":{"self":[{"href":"https:\/\/www.dieulefit-tourisme.com\/de\/wp-json\/wp\/v2\/pages\/73"}],"collection":[{"href":"https:\/\/www.dieulefit-tourisme.com\/de\/wp-json\/wp\/v2\/pages"}],"about":[{"href":"https:\/\/www.dieulefit-tourisme.com\/de\/wp-json\/wp\/v2\/types\/page"}],"author":[{"embeddable":true,"href":"https:\/\/www.dieulefit-tourisme.com\/de\/wp-json\/wp\/v2\/users\/1"}],"replies":[{"embeddable":true,"href":"https:\/\/www.dieulefit-tourisme.com\/de\/wp-json\/wp\/v2\/comments?post=73"}],"version-history":[{"count":10,"href":"https:\/\/www.dieulefit-tourisme.com\/de\/wp-json\/wp\/v2\/pages\/73\/revisions"}],"predecessor-version":[{"id":15739,"href":"https:\/\/www.dieulefit-tourisme.com\/de\/wp-json\/wp\/v2\/pages\/73\/revisions\/15739"}],"up":[{"embeddable":true,"href":"https:\/\/www.dieulefit-tourisme.com\/de\/wp-json\/wp\/v2\/pages\/16"}],"wp:featuredmedia":[{"embeddable":true,"href":"https:\/\/www.dieulefit-tourisme.com\/de\/wp-json\/wp\/v2\/media\/14953"}],"wp:attachment":[{"href":"https:\/\/www.dieulefit-tourisme.com\/de\/wp-json\/wp\/v2\/media?parent=73"}],"curies":[{"name":"wp","href":"https:\/\/api.w.org\/{rel}","templated":true}]}}