{"id":71,"date":"2019-05-06T13:55:06","date_gmt":"2019-05-06T11:55:06","guid":{"rendered":"https:\/\/www.dieulefit-tourisme.com\/de\/streifzuge"},"modified":"2019-09-23T17:36:35","modified_gmt":"2019-09-23T15:36:35","slug":"unterwegs-im-pays-de-dieulefit-bourdeaux","status":"publish","type":"page","link":"https:\/\/www.dieulefit-tourisme.com\/de\/ihr-aufenthalt\/brauchen-sie-eine-idee\/unterwegs-im-pays-de-dieulefit-bourdeaux\/","title":{"rendered":"Unterwegs im Pays de Dieulefit-Bourdeaux"},"content":{"rendered":"<p>Durchqueren Sie das Pays de Dieulefit-Bourdeaux zu Fu\u00df, mit dem Planwagen oder auf einem Scooter. Diese besondere Form des Aufenthalts \u00fcber mehrere Tage wird Sie \u00fcberzeugen.<\/p>\n","protected":false},"excerpt":{"rendered":"<p>Durchqueren Sie das Pays de Dieulefit-Bourdeaux zu Fu\u00df, mit dem Planwagen oder auf einem Scooter. Diese besondere Form des Aufenthalts \u00fcber mehrere Tage wird Sie \u00fcberzeugen.<\/p>\n","protected":false},"author":1,"featured_media":14946,"parent":10120,"menu_order":40,"comment_status":"closed","ping_status":"closed","template":"partials\/template-sit.php","meta":[],"_links":{"self":[{"href":"https:\/\/www.dieulefit-tourisme.com\/de\/wp-json\/wp\/v2\/pages\/71"}],"collection":[{"href":"https:\/\/www.dieulefit-tourisme.com\/de\/wp-json\/wp\/v2\/pages"}],"about":[{"href":"https:\/\/www.dieulefit-tourisme.com\/de\/wp-json\/wp\/v2\/types\/page"}],"author":[{"embeddable":true,"href":"https:\/\/www.dieulefit-tourisme.com\/de\/wp-json\/wp\/v2\/users\/1"}],"replies":[{"embeddable":true,"href":"https:\/\/www.dieulefit-tourisme.com\/de\/wp-json\/wp\/v2\/comments?post=71"}],"version-history":[{"count":7,"href":"https:\/\/www.dieulefit-tourisme.com\/de\/wp-json\/wp\/v2\/pages\/71\/revisions"}],"predecessor-version":[{"id":16164,"href":"https:\/\/www.dieulefit-tourisme.com\/de\/wp-json\/wp\/v2\/pages\/71\/revisions\/16164"}],"up":[{"embeddable":true,"href":"https:\/\/www.dieulefit-tourisme.com\/de\/wp-json\/wp\/v2\/pages\/10120"}],"wp:featuredmedia":[{"embeddable":true,"href":"https:\/\/www.dieulefit-tourisme.com\/de\/wp-json\/wp\/v2\/media\/14946"}],"wp:attachment":[{"href":"https:\/\/www.dieulefit-tourisme.com\/de\/wp-json\/wp\/v2\/media?parent=71"}],"curies":[{"name":"wp","href":"https:\/\/api.w.org\/{rel}","templated":true}]}}