{"id":67,"date":"2019-05-06T13:55:06","date_gmt":"2019-05-06T11:55:06","guid":{"rendered":"https:\/\/www.dieulefit-tourisme.com\/de\/besichtigen-und-entdecken"},"modified":"2019-09-10T15:43:14","modified_gmt":"2019-09-10T13:43:14","slug":"entdecken-und-erkunden","status":"publish","type":"page","link":"https:\/\/www.dieulefit-tourisme.com\/de\/ihr-aufenthalt\/entdecken-und-erkunden\/","title":{"rendered":"Entdecken und Erkunden"},"content":{"rendered":"<p>Wie gestalten Sie Ihre Ferien ? Besichtigen und erkunden Sie le <strong>Pays de Dieulefit-Bourdeaux<\/strong>!<br \/>\nDie T\u00f6pferei hat unsere Gegend gepr\u00e4gt; zahlreiche K\u00fcnstler pr\u00e4sentieren heute ihre Ideen in den kleinen Str\u00e4\u00dfchen der verschiedenen Ortschaften, in <strong>ihren Ateliers<\/strong> wie in den <strong>Kunstgalerien<\/strong>. Wenn Sie bummeln gehen, werden Sie sicher etwas ganz Besonderes f\u00fcr Sie pers\u00f6nlich entdecken.<br \/>\nMachen Sie Halt in den <strong>Museen<\/strong>, betrachten Sie <strong>bedeutende Denkm\u00e4ler<\/strong> oder lassen Sie sich bei F\u00fchrungen in manches Geheimnis einweihen.<\/p>\n","protected":false},"excerpt":{"rendered":"<p>Wie gestalten Sie Ihre Ferien ? Besichtigen und erkunden Sie le Pays de Dieulefit-Bourdeaux! Die T\u00f6pferei hat unsere Gegend gepr\u00e4gt; zahlreiche K\u00fcnstler pr\u00e4sentieren heute ihre Ideen in den kleinen Str\u00e4\u00dfchen der verschiedenen Ortschaften, in ihren Ateliers wie in den Kunstgalerien. Wenn Sie bummeln gehen, werden Sie sicher etwas ganz Besonderes f\u00fcr Sie pers\u00f6nlich entdecken. Machen [&hellip;]<\/p>\n","protected":false},"author":1,"featured_media":0,"parent":14,"menu_order":40,"comment_status":"closed","ping_status":"closed","template":"partials\/template-intermediaire.php","meta":[],"_links":{"self":[{"href":"https:\/\/www.dieulefit-tourisme.com\/de\/wp-json\/wp\/v2\/pages\/67"}],"collection":[{"href":"https:\/\/www.dieulefit-tourisme.com\/de\/wp-json\/wp\/v2\/pages"}],"about":[{"href":"https:\/\/www.dieulefit-tourisme.com\/de\/wp-json\/wp\/v2\/types\/page"}],"author":[{"embeddable":true,"href":"https:\/\/www.dieulefit-tourisme.com\/de\/wp-json\/wp\/v2\/users\/1"}],"replies":[{"embeddable":true,"href":"https:\/\/www.dieulefit-tourisme.com\/de\/wp-json\/wp\/v2\/comments?post=67"}],"version-history":[{"count":6,"href":"https:\/\/www.dieulefit-tourisme.com\/de\/wp-json\/wp\/v2\/pages\/67\/revisions"}],"predecessor-version":[{"id":15900,"href":"https:\/\/www.dieulefit-tourisme.com\/de\/wp-json\/wp\/v2\/pages\/67\/revisions\/15900"}],"up":[{"embeddable":true,"href":"https:\/\/www.dieulefit-tourisme.com\/de\/wp-json\/wp\/v2\/pages\/14"}],"wp:attachment":[{"href":"https:\/\/www.dieulefit-tourisme.com\/de\/wp-json\/wp\/v2\/media?parent=67"}],"curies":[{"name":"wp","href":"https:\/\/api.w.org\/{rel}","templated":true}]}}