{"id":65,"date":"2019-05-06T13:55:06","date_gmt":"2019-05-06T11:55:06","guid":{"rendered":"https:\/\/www.dieulefit-tourisme.com\/de\/sich-bewegen-und-entspannen"},"modified":"2019-09-26T17:31:51","modified_gmt":"2019-09-26T15:31:51","slug":"sich-bewegen-und-entspannen","status":"publish","type":"page","link":"https:\/\/www.dieulefit-tourisme.com\/de\/ihr-aufenthalt\/sich-bewegen-und-entspannen\/","title":{"rendered":"Sich bewegen und entspannen"},"content":{"rendered":"<p>Die Natur ist grandios und auf vielf\u00e4ltige Weise zu entdecken: auf <strong>Wanderungen<\/strong>, <strong>Radtouren,<\/strong> mit dem <strong>Moutainbike<\/strong> oder der <strong>Kutsche<\/strong>. Gehen Sie an Ihre Grenzen und wagen Sie einen <strong>Gleitflug<\/strong>, einen Besuch im <strong>Kletterwald<\/strong> oder eine <strong>Klettertour<\/strong>.<br \/>\nLernen Sie sich zu entspannen! Entspannungsmassagen helfen Ihnen, auf K\u00f6rper und Geist zu h\u00f6ren.<\/p>\n<p>Erleben Sie unvergessliche Momente w\u00e4hrend Ihres Aufenthaltes!<br \/>\n<iframe loading=\"lazy\" width=\"560\" height=\"315\" src=\"https:\/\/www.youtube.com\/embed\/St9-7fW_1Ww\" frameborder=\"0\" allow=\"accelerometer; autoplay; encrypted-media; gyroscope; picture-in-picture\" allowfullscreen><\/iframe><\/p>\n","protected":false},"excerpt":{"rendered":"<p>Die Natur ist grandios und auf vielf\u00e4ltige Weise zu entdecken: auf Wanderungen, Radtouren, mit dem Moutainbike oder der Kutsche. Gehen Sie an Ihre Grenzen und wagen Sie einen Gleitflug, einen Besuch im Kletterwald oder eine Klettertour. Lernen Sie sich zu entspannen! Entspannungsmassagen helfen Ihnen, auf K\u00f6rper und Geist zu h\u00f6ren. Erleben Sie unvergessliche Momente w\u00e4hrend [&hellip;]<\/p>\n","protected":false},"author":1,"featured_media":0,"parent":14,"menu_order":30,"comment_status":"closed","ping_status":"closed","template":"partials\/template-intermediaire.php","meta":[],"_links":{"self":[{"href":"https:\/\/www.dieulefit-tourisme.com\/de\/wp-json\/wp\/v2\/pages\/65"}],"collection":[{"href":"https:\/\/www.dieulefit-tourisme.com\/de\/wp-json\/wp\/v2\/pages"}],"about":[{"href":"https:\/\/www.dieulefit-tourisme.com\/de\/wp-json\/wp\/v2\/types\/page"}],"author":[{"embeddable":true,"href":"https:\/\/www.dieulefit-tourisme.com\/de\/wp-json\/wp\/v2\/users\/1"}],"replies":[{"embeddable":true,"href":"https:\/\/www.dieulefit-tourisme.com\/de\/wp-json\/wp\/v2\/comments?post=65"}],"version-history":[{"count":5,"href":"https:\/\/www.dieulefit-tourisme.com\/de\/wp-json\/wp\/v2\/pages\/65\/revisions"}],"predecessor-version":[{"id":16242,"href":"https:\/\/www.dieulefit-tourisme.com\/de\/wp-json\/wp\/v2\/pages\/65\/revisions\/16242"}],"up":[{"embeddable":true,"href":"https:\/\/www.dieulefit-tourisme.com\/de\/wp-json\/wp\/v2\/pages\/14"}],"wp:attachment":[{"href":"https:\/\/www.dieulefit-tourisme.com\/de\/wp-json\/wp\/v2\/media?parent=65"}],"curies":[{"name":"wp","href":"https:\/\/api.w.org\/{rel}","templated":true}]}}