{"id":61,"date":"2019-05-06T13:55:06","date_gmt":"2019-05-06T11:55:06","guid":{"rendered":"https:\/\/www.dieulefit-tourisme.com\/de\/essen-und-trinken"},"modified":"2019-08-24T17:25:14","modified_gmt":"2019-08-24T15:25:14","slug":"essen-und-trinken","status":"publish","type":"page","link":"https:\/\/www.dieulefit-tourisme.com\/de\/ihr-aufenthalt\/essen-und-trinken\/","title":{"rendered":"Essen und Trinken"},"content":{"rendered":"<p style=\"text-align: center;\">Haben Sie Lust auf ein gutes Essen oder nur auf eine Kleinigkeit ?<br \/>\nHier finden Sie alle Adressen unserer Gastronomie, darunter auch Restaurants mit regionaler K\u00fcche.<br \/>\nEntdecken Sie die provenzalische K\u00fcche mit Oliven, Picodon und Tr\u00fcffel. Ob Kaffeepause oder Aperitif: kein Geheimnis mehr f\u00fcr Sie. W\u00e4hlen Sie einfach Ihr Caf\u00e9 oder Bistrot.<\/p>\n","protected":false},"excerpt":{"rendered":"<p>Haben Sie Lust auf ein gutes Essen oder nur auf eine Kleinigkeit ? Hier finden Sie alle Adressen unserer Gastronomie, darunter auch Restaurants mit regionaler K\u00fcche. Entdecken Sie die provenzalische K\u00fcche mit Oliven, Picodon und Tr\u00fcffel. Ob Kaffeepause oder Aperitif: kein Geheimnis mehr f\u00fcr Sie. W\u00e4hlen Sie einfach Ihr Caf\u00e9 oder Bistrot.<\/p>\n","protected":false},"author":1,"featured_media":14941,"parent":14,"menu_order":0,"comment_status":"closed","ping_status":"closed","template":"partials\/template-sit.php","meta":[],"_links":{"self":[{"href":"https:\/\/www.dieulefit-tourisme.com\/de\/wp-json\/wp\/v2\/pages\/61"}],"collection":[{"href":"https:\/\/www.dieulefit-tourisme.com\/de\/wp-json\/wp\/v2\/pages"}],"about":[{"href":"https:\/\/www.dieulefit-tourisme.com\/de\/wp-json\/wp\/v2\/types\/page"}],"author":[{"embeddable":true,"href":"https:\/\/www.dieulefit-tourisme.com\/de\/wp-json\/wp\/v2\/users\/1"}],"replies":[{"embeddable":true,"href":"https:\/\/www.dieulefit-tourisme.com\/de\/wp-json\/wp\/v2\/comments?post=61"}],"version-history":[{"count":15,"href":"https:\/\/www.dieulefit-tourisme.com\/de\/wp-json\/wp\/v2\/pages\/61\/revisions"}],"predecessor-version":[{"id":15722,"href":"https:\/\/www.dieulefit-tourisme.com\/de\/wp-json\/wp\/v2\/pages\/61\/revisions\/15722"}],"up":[{"embeddable":true,"href":"https:\/\/www.dieulefit-tourisme.com\/de\/wp-json\/wp\/v2\/pages\/14"}],"wp:featuredmedia":[{"embeddable":true,"href":"https:\/\/www.dieulefit-tourisme.com\/de\/wp-json\/wp\/v2\/media\/14941"}],"wp:attachment":[{"href":"https:\/\/www.dieulefit-tourisme.com\/de\/wp-json\/wp\/v2\/media?parent=61"}],"curies":[{"name":"wp","href":"https:\/\/api.w.org\/{rel}","templated":true}]}}