{"id":5880,"date":"2019-05-06T13:55:06","date_gmt":"2019-05-06T11:55:06","guid":{"rendered":"https:\/\/www.dieulefit-tourisme.com\/de\/qualitat"},"modified":"2022-11-12T16:01:31","modified_gmt":"2022-11-12T15:01:31","slug":"qualitat","status":"publish","type":"page","link":"https:\/\/www.dieulefit-tourisme.com\/de\/praktisches\/qualitat\/","title":{"rendered":"Qualit\u00e4t"},"content":{"rendered":"<h5>Qualit\u00e4tsmerkmale<\/h5>\n<p>Wer wir sind<\/p>\n<p>So arbeitet unser Verein und so ist er organisiert<br \/>\n&#8222;OFFICE DE TOURISME DU PAYS DE DIEULEFIT-BOURDEAUX&#8220;<\/p>\n<p>Unsere Statuten &#8211; klicken Sie <a href=\"https:\/\/www.dieulefit-tourisme.com\/de\/wp-content\/uploads\/sites\/4\/2022\/11\/statuts-2021-signes.pdf\" target=\"_blank\" rel=\"noopener\">HIER<\/a><br \/>\nDas Organigramm der Verwaltung \u2013 klicken Sie <a href=\"https:\/\/www.dieulefit-tourisme.com\/de\/wp-content\/uploads\/sites\/4\/2022\/11\/elus-2022.pdf\" target=\"_blank\" rel=\"noopener\">HIER<\/a><\/p>\n<p>Es setzt seine Schwerpunkte auf die Qualit\u00e4t bei Empfang, Information, Werbung und Kommunikation.<\/p>\n<p>Das Office de Tourisme ist st\u00e4ndig bem\u00fcht, seine Qualit\u00e4t zu steigern. Das Team des Office de Tourisme verpflichtet sich, Besucher, Anbieter und Verwaltung zufrieden zu stellen.<\/p>\n<p><a href=\"https:\/\/docs.google.com\/forms\/d\/e\/1FAIpQLSc8X7PbrnW_4kBIYHx9elogY585Hw8BI_BWiHmyRSLDn94xZA\/viewform\" target=\"_blank\" rel=\"noopener\">Ihre Meinung interessiert uns<\/a><\/p>\n<h5>Jahresberichte<\/h5>\n<p>Das Office de Tourisme dokumentiert j\u00e4hrlich statistische Daten, quantitativ oder qualititativ, und analysiert sie. Die Analyse der Daten erlaubt, Angebot und Nachfrage besser zu steuern.<\/p>\n<p>Es hilft vornehmlich, Entscheidungen f\u00fcr zuk\u00fcnftige Vorhaben zu treffen.<\/p>\n<p><a href=\"https:\/\/www.dieulefit-tourisme.com\/de\/wp-content\/uploads\/sites\/4\/2022\/11\/observatoire-2021-.pdf\" target=\"_blank\" rel=\"noopener\">Jahresberichte\u00a0 2021<\/a><\/p>\n","protected":false},"excerpt":{"rendered":"<p>Qualit\u00e4tsmerkmale Wer wir sind So arbeitet unser Verein und so ist er organisiert &#8222;OFFICE DE TOURISME DU PAYS DE DIEULEFIT-BOURDEAUX&#8220; Unsere Statuten &#8211; klicken Sie HIER Das Organigramm der Verwaltung \u2013 klicken Sie HIER Es setzt seine Schwerpunkte auf die Qualit\u00e4t bei Empfang, Information, Werbung und Kommunikation. Das Office de Tourisme ist st\u00e4ndig bem\u00fcht, seine [&hellip;]<\/p>\n","protected":false},"author":1,"featured_media":0,"parent":16,"menu_order":0,"comment_status":"closed","ping_status":"closed","template":"","meta":[],"_links":{"self":[{"href":"https:\/\/www.dieulefit-tourisme.com\/de\/wp-json\/wp\/v2\/pages\/5880"}],"collection":[{"href":"https:\/\/www.dieulefit-tourisme.com\/de\/wp-json\/wp\/v2\/pages"}],"about":[{"href":"https:\/\/www.dieulefit-tourisme.com\/de\/wp-json\/wp\/v2\/types\/page"}],"author":[{"embeddable":true,"href":"https:\/\/www.dieulefit-tourisme.com\/de\/wp-json\/wp\/v2\/users\/1"}],"replies":[{"embeddable":true,"href":"https:\/\/www.dieulefit-tourisme.com\/de\/wp-json\/wp\/v2\/comments?post=5880"}],"version-history":[{"count":25,"href":"https:\/\/www.dieulefit-tourisme.com\/de\/wp-json\/wp\/v2\/pages\/5880\/revisions"}],"predecessor-version":[{"id":35908,"href":"https:\/\/www.dieulefit-tourisme.com\/de\/wp-json\/wp\/v2\/pages\/5880\/revisions\/35908"}],"up":[{"embeddable":true,"href":"https:\/\/www.dieulefit-tourisme.com\/de\/wp-json\/wp\/v2\/pages\/16"}],"wp:attachment":[{"href":"https:\/\/www.dieulefit-tourisme.com\/de\/wp-json\/wp\/v2\/media?parent=5880"}],"curies":[{"name":"wp","href":"https:\/\/api.w.org\/{rel}","templated":true}]}}