{"id":51,"date":"2019-05-06T13:55:06","date_gmt":"2019-05-06T11:55:06","guid":{"rendered":"https:\/\/www.dieulefit-tourisme.com\/de\/unsere-dorfer"},"modified":"2019-09-05T17:41:20","modified_gmt":"2019-09-05T15:41:20","slug":"unsere-dorfer","status":"publish","type":"page","link":"https:\/\/www.dieulefit-tourisme.com\/de\/unser-reiseziel\/unsere-dorfer\/","title":{"rendered":"Unsere D\u00f6rfer"},"content":{"rendered":"<p>21 Gemeinden erwarten Sie in einer wunderbaren Natur, gepr\u00e4gt von W\u00e4ldern, Bergen, Felsen und Gipfeln, deren Anblick niemanden kalt l\u00e4sst! <strong>Einzigartige Landschaften<\/strong> im Herzen der <strong>Dr\u00f4me Proven\u00e7ale<\/strong> laden Sie ein, ihre Sch\u00f6nheiten zu entdecken.<\/p>\n<p>&nbsp;<\/p>\n","protected":false},"excerpt":{"rendered":"<p>21 Gemeinden erwarten Sie in einer wunderbaren Natur, gepr\u00e4gt von W\u00e4ldern, Bergen, Felsen und Gipfeln, deren Anblick niemanden kalt l\u00e4sst! Einzigartige Landschaften im Herzen der Dr\u00f4me Proven\u00e7ale laden Sie ein, ihre Sch\u00f6nheiten zu entdecken. &nbsp;<\/p>\n","protected":false},"author":1,"featured_media":788,"parent":11,"menu_order":10,"comment_status":"closed","ping_status":"closed","template":"partials\/template-intermediaire.php","meta":[],"_links":{"self":[{"href":"https:\/\/www.dieulefit-tourisme.com\/de\/wp-json\/wp\/v2\/pages\/51"}],"collection":[{"href":"https:\/\/www.dieulefit-tourisme.com\/de\/wp-json\/wp\/v2\/pages"}],"about":[{"href":"https:\/\/www.dieulefit-tourisme.com\/de\/wp-json\/wp\/v2\/types\/page"}],"author":[{"embeddable":true,"href":"https:\/\/www.dieulefit-tourisme.com\/de\/wp-json\/wp\/v2\/users\/1"}],"replies":[{"embeddable":true,"href":"https:\/\/www.dieulefit-tourisme.com\/de\/wp-json\/wp\/v2\/comments?post=51"}],"version-history":[{"count":16,"href":"https:\/\/www.dieulefit-tourisme.com\/de\/wp-json\/wp\/v2\/pages\/51\/revisions"}],"predecessor-version":[{"id":15782,"href":"https:\/\/www.dieulefit-tourisme.com\/de\/wp-json\/wp\/v2\/pages\/51\/revisions\/15782"}],"up":[{"embeddable":true,"href":"https:\/\/www.dieulefit-tourisme.com\/de\/wp-json\/wp\/v2\/pages\/11"}],"wp:featuredmedia":[{"embeddable":true,"href":"https:\/\/www.dieulefit-tourisme.com\/de\/wp-json\/wp\/v2\/media\/788"}],"wp:attachment":[{"href":"https:\/\/www.dieulefit-tourisme.com\/de\/wp-json\/wp\/v2\/media?parent=51"}],"curies":[{"name":"wp","href":"https:\/\/api.w.org\/{rel}","templated":true}]}}