{"id":38,"date":"2019-05-06T13:55:06","date_gmt":"2019-05-06T11:55:06","guid":{"rendered":"https:\/\/www.dieulefit-tourisme.com\/de\/rechtliche-hinweise"},"modified":"2019-07-14T13:10:19","modified_gmt":"2019-07-14T11:10:19","slug":"rechtliche-hinweise","status":"publish","type":"page","link":"https:\/\/www.dieulefit-tourisme.com\/de\/rechtliche-hinweise\/","title":{"rendered":"Rechtliche Hinweise"},"content":{"rendered":"<h3>Conception et h\u00e9bergement du site<\/h3>\n<p><strong>IRIS Interactive<\/strong><br \/>\n3 Avenue d\u2019Aiguilhe<br \/>\n43000 Le Puy en Velay<br \/>\nT\u00e9l. : 04 71 04 93 01<\/p>\n<p><a href=\"https:\/\/www.iris-interactive.fr\/\">www.iris-interactive.fr<\/a><\/p>\n<h3>Informations \u00e9diteur<\/h3>\n<p><strong>Office de Tourisme Pays de Dieulefit-Bourdeaux<\/strong><br \/>\n1 place Abb\u00e9 Magnet<br \/>\n26220 Dieulefit<br \/>\nT\u00e9l. :04 75 46 42 49<\/p>\n<p><a href=\"https:\/\/www.dieulefit-tourisme.com\/de\/pratique\/nous-contacter\/\">Contact<\/a><\/p>\n<h3>Cr\u00e9dits photos<\/h3>\n<p>Toutes les photos et visuels utilis\u00e9s sont prot\u00e9g\u00e9s par le droit d\u2019auteur et plus largement par le droit de propri\u00e9t\u00e9 intellectuelle. Toute reproduction ou copie est interdite.<br \/>\nToute utilisation, modification, reproduction, repr\u00e9sentation et traduction, int\u00e9grale ou partielle, des \u00e9l\u00e9ments de ce site par quelque proc\u00e9d\u00e9 que ce soit, sans le consentement expr\u00e8s de l&#8217;Office de Tourisme Pays de Dieulefit-Bourdeaux, donnera lieu \u00e0 des poursuites.<\/p>\n<h3>Droits de reproduction<\/h3>\n<p><strong>La reproduction sur support papier<\/strong><\/p>\n<p>\u00c0 l\u2019exception de l\u2019iconographie, la reproduction des pages de ce site sur un support papier est autoris\u00e9e, sous r\u00e9serve du respect des conditions suivantes :<\/p>\n<ul>\n<li>gratuit\u00e9 de la diffusion,<\/li>\n<li>respect de l\u2019int\u00e9grit\u00e9 des documents reproduits (aucune modification, ni alt\u00e9ration d\u2019aucune sorte)<\/li>\n<li>citation explicite du site <a href=\"https:\/\/www.dieulefit-tourisme.com\/de\">dieulefit-tourisme.com<\/a> comme source et mention que les droits de reproduction sont r\u00e9serv\u00e9s et strictement limit\u00e9s.<\/li>\n<\/ul>\n<p><strong>La reproduction sur support \u00e9lectronique<\/strong><\/p>\n<p>La reproduction de tout ou partie de ce site sur un support \u00e9lectronique est autoris\u00e9e sous r\u00e9serve de l\u2019ajout de fa\u00e7on claire et lisible de la source (www.dieulefit-tourisme.com) et de la mention \u00ab\u00a0Droits r\u00e9serv\u00e9s\u00a0\u00bb. Les informations utilis\u00e9es ne doivent l\u2019\u00eatre qu\u2019\u00e0 des fins personnelles, associatives ou professionnelles ; toute utilisation \u00e0 des fins commerciales ou publicitaires est exclue.<\/p>\n<p><strong>La cr\u00e9ation de liens vers\u00a0<\/strong><a href=\"https:\/\/www.dieulefit-tourisme.com\/de\">dieulefit-tourisme.com<\/a><\/p>\n<p>Le site de l&#8217;Office de Tourisme Pays de Dieulefit-Bourdeaux autorise la mise en place d\u2019un lien hypertexte pointant vers son contenu, sous r\u00e9serve de :<\/p>\n<ul>\n<li>ne pas utiliser la technique du lien profond (\u201cdeep linking\u201d), c\u2019est-\u00e0-dire que les pages du site dieulefit-tourisme.com ne doivent pas \u00eatre imbriqu\u00e9es \u00e0 l\u2019int\u00e9rieur des pages d\u2019un autre site, mais accessible par l\u2019ouverture d\u2019une fen\u00eatre.<\/li>\n<li>mentionner la source qui pointera gr\u00e2ce \u00e0 un lien hypertexte directement sur le contenu vis\u00e9. Les informations utilis\u00e9es ne doivent l\u2019\u00eatre qu\u2019\u00e0 des fins personnelles, associatives ou professionnelles ; toute utilisation \u00e0 des fins commerciales ou publicitaires est exclue.<\/li>\n<\/ul>\n<p>Cette autorisation ne s\u2019applique pas aux sites internet diffusant des informations \u00e0 caract\u00e8re pol\u00e9mique, pornographique, x\u00e9nophobe ou pouvant, dans une plus large mesure porter atteinte \u00e0 la sensibilit\u00e9 du plus grand nombre.<\/p>\n<p>Pour d\u2019autres utilisations, veuillez nous consulter.<\/p>\n<h3 id=\"cookies\">Cookies<\/h3>\n<p>L&#8217;Office de Tourisme Pays de Dieulefit-Bourdeaux souhaite vous informer de mani\u00e8re claire et transparente sur l\u2019usage des cookies lors de votre navigation sur ses sites web, mobiles et blogs.<\/p>\n<p><strong>Qu\u2019est-ce qu\u2019un cookie ?\u00a0<\/strong><\/p>\n<p>Un cookie (ou t\u00e9moin de connexion) est un ensemble de donn\u00e9es stock\u00e9 sur le disque dur de votre terminal (ordinateur, tablette, mobile) par le biais de votre logiciel de navigation \u00e0 l\u2019occasion de la consultation d\u2019un service en ligne. Les cookies enregistr\u00e9s lorsque vous visitez nos sites ne vous reconnaissent pas personnellement en tant qu\u2019individu, mais reconnaissent seulement l\u2019appareil que vous \u00eates en train d\u2019utiliser. Les cookies ne stockent aucune donn\u00e9e personnelle sensible mais donnent simplement une information sur votre navigation de fa\u00e7on \u00e0 ce que votre terminal puisse \u00eatre reconnu plus tard. Les cookies ne causent aucun dommage \u00e0 votre appareil, ils permettent, notamment, plus facilement de retrouver vos pr\u00e9f\u00e9rences, de pr\u00e9remplir certains champs et d\u2019adapter le contenu des informations qui vous sont pr\u00e9sent\u00e9es.<\/p>\n<p><strong>Quels cookies retrouve-t-on sur nos sites ?<br \/>\n<\/strong><u>Les cookies fonctionnels :<\/u>\u00a0ils permettent\u00a0d\u2019adapter la pr\u00e9sentation de nos sites, applications et espaces publicitaires aux pr\u00e9f\u00e9rences d\u2019affichage de votre terminal (langage, r\u00e9solution d\u2019affichage, syst\u00e8me d\u2019exploitation utilis\u00e9\u2026), selon les mat\u00e9riels et les logiciels de votre terminal ; de faciliter vos recherches en conservant vos recherches automatiques et vos annonces sauvegard\u00e9es ; d\u2019am\u00e9liorer votre exp\u00e9rience utilisateur en pr\u00e9-remplissant certains champs de formulaires.<br \/>\n<u>Les cookies de statistiques (ou analytiques) :<\/u>\u00a0ils\u00a0permettent de mieux conna\u00eetre nos sites et applications et d\u2019am\u00e9liorer nos services, contenus, rubriques, exp\u00e9rience de navigation, etc. en \u00e9tablissant des statistiques et volumes de fr\u00e9quentation et d\u2019utilisation.<br \/>\n<u>Les cookies \u00e9mis par des tiers (ex. r\u00e9seaux sociaux) :<\/u><strong>\u00a0<\/strong>lorsque vous visitez nos sites, certains cookies ne sont pas enregistr\u00e9s par nous mais par des tiers pour la diffusion de publicit\u00e9 cibl\u00e9e. Pour plus d\u2019informations sur les cookies enregistr\u00e9s par des tiers, nous vous sugg\u00e9rons de visiter leur site :\u00a0<a href=\"https:\/\/policies.google.com\/technologies\/cookies?hl=fr\">Google \/ Youtube<\/a>\u00a0;\u00a0<a href=\"http:\/\/instagram.com\/legal\/cookies\/\">Instagram<\/a>\u00a0;\u00a0<a href=\"https:\/\/www.facebook.com\/policies\/cookies\/\">Facebook<\/a>\u00a0et\u00a0<a href=\"https:\/\/support.twitter.com\/articles\/20170514-twitters-use-of-cookies-and-similar-technologies\">Twitter<\/a>.<\/p>\n<p><strong>Vos choix concernant les cookies :<\/strong><br \/>\nVous seul(e) choisissez si vous souhaitez avoir des cookies enregistr\u00e9s sur votre appareil et vous pouvez facilement contr\u00f4ler l\u2019enregistrement des cookies. Il est important de noter que tout param\u00e9trage que vous pouvez entreprendre sera susceptible de modifier votre navigation sur Internet et vos conditions d\u2019acc\u00e8s \u00e0 certains services n\u00e9cessitant l\u2019utilisation de cookies. Si vous refusez l\u2019enregistrement de ces derniers dans votre terminal, ou si vous supprimez ceux qui y sont enregistr\u00e9s, vous ne pourrez plus b\u00e9n\u00e9ficier de certaines fonctionnalit\u00e9s qui peuvent \u00eatre n\u00e9cessaires pour naviguer dans certains espaces de nos sites.<\/p>\n<p>Vous pouvez faire le choix \u00e0 tout moment d\u2019exprimer et de modifier vos souhaits en\u00a0configurant votre logiciel de navigation, de mani\u00e8re que des cookies soient enregistr\u00e9s dans votre terminal ou, au contraire, qu\u2019ils soient rejet\u00e9s (chaque navigateur utilise une configuration diff\u00e9rente). Certains navigateurs vous permettent de d\u00e9finir des r\u00e8gles pour g\u00e9rer les cookies site par site. Vous trouverez en g\u00e9n\u00e9ral les \u00e9l\u00e9ments de param\u00e9trage dans les rubriques d\u2019aide.<\/p>\n<p>Retrouvez plus d\u2019informations sur l\u2019utilisation des cookies sur le site de la\u00a0<a href=\"https:\/\/www.cnil.fr\/fr\/cookies-les-outils-pour-les-maitriser\">CNIL<\/a>.<\/p>\n<h3>Droit applicable et attribution de juridiction<\/h3>\n<p>Tout litige en relation avec l\u2019utilisation du site <a href=\"https:\/\/www.dieulefit-tourisme.com\/de\">dieulefit-tourisme.com<\/a> est soumis \u00e0 la loi fran\u00e7aise.<br \/>\nEn cas de litige, les tribunaux Fran\u00e7ais seront seuls comp\u00e9tents.<\/p>\n<p>Traitement des donn\u00e9es personnelles<em><br \/>\n<\/em>Respect de la vie priv\u00e9e et droits d\u2019acc\u00e8s ou de modifications des donn\u00e9es personnelles<\/p>\n<p>Pour vous offrir des services ou informations adapt\u00e9s, vous proposer de rester en contact avec les actualit\u00e9s de la Dr\u00f4me Proven\u00e7ale, nous pouvons \u00eatre amen\u00e9s \u00e0 vous demander de nous fournir des donn\u00e9es personnelles. Nous nous engageons \u00e0 respecter votre vie priv\u00e9e et \u00e0 prot\u00e9ger les informations que vous nous communiquez. Cela concerne en particulier les donn\u00e9es personnelles collect\u00e9es sur le site grignanvalreas-tourisme.com qui sont destin\u00e9es \u00e0 notre usage. Elles sont confidentielles et trait\u00e9es comme telles. En aucun cas elles ne pourront faire l\u2019objet de cession \u00e0 des tiers et font l\u2019objet de sauvegardes s\u00e9curis\u00e9es.<\/p>\n<p>Lors de la saisie de vos donn\u00e9es, vous recevez conform\u00e9ment au nouveau R\u00e8glement G\u00e9n\u00e9rale sur la Protection des Donn\u00e9es (RGPD) en vigueur dans l\u2019Union Europ\u00e9enne depuis le 25 mai 2018, un e-mail vous permettant d\u2019acc\u00e9der \u00e0 vos pr\u00e9f\u00e9rences d\u2019abonnements et vous demandant de valider votre inscription. Nous nous engageons \u00e0 respecter les dispositions de la loi sur l\u2019informatique et les libert\u00e9s (art.27 de la loi n\u00b078-17 du 6 janvier 1978).<strong>\u00a0<\/strong><\/p>\n<p><strong>En cons\u00e9quence, vous disposez d\u2019un droit d\u2019acc\u00e8s, de modification, de rectification et de suppression des donn\u00e9es qui vous concernent. Pour exercer ce droit, adressez-vous \u00e0 :<\/strong><\/p>\n<p><b>Office de Tourisme Pays de Dieulefit-Bourdeaux<\/b><br \/>\n1 place Abb\u00e9 Magnet<br \/>\n26220 Dieulefit \u2013 France<br \/>\nT\u00e9l : 04 75 46 42 49 \u2013 <a href=\"https:\/\/www.dieulefit-tourisme.com\/de\/pratique\/nous-contacter\/\">Contact<\/a><\/p>\n<p>Par \u00ab\u00a0donn\u00e9es personnelles\u00a0\u00bb, il faut entendre toute information qui permet d\u2019identifier une personne. Il s\u2019agira le plus souvent d\u2019un nom, d\u2019une adresse, d\u2019un num\u00e9ro de t\u00e9l\u00e9phone, d\u2019une adresse \u00e9lectronique ou d\u2019un centre d\u2019int\u00e9r\u00eat. Pour toute information sur la protection des donn\u00e9es personnelles, vous pouvez consulter le site de la Commission Nationale Informatique et Libert\u00e9.<\/p>\n<p>Vos donn\u00e9es personnelles sont confidentielles et ne seront en aucun cas communiqu\u00e9es \u00e0 des tiers hormis pour la bonne ex\u00e9cution de la prestation.<\/p>\n<h3>Nos partenaires sous-traitants et le RGPD<\/h3>\n<p>Alliance R\u00e9seaux garantit \u00e0 tout moment que les donn\u00e9es des utilisateurs des places de march\u00e9 Open System sont g\u00e9r\u00e9es correctement et en toute s\u00e9curit\u00e9. Les engagements et obligations\u00a0:<\/p>\n<ul>\n<li>Traiter les donn\u00e9es personnelles de mani\u00e8re loyale, licite et transparente\u00a0;<\/li>\n<li>Collecter des donn\u00e9es personnelles uniquement pour des finalit\u00e9s l\u00e9gitimes, explicites et d\u00e9termin\u00e9es\u00a0;<\/li>\n<li>Ne conserver des donn\u00e9es personnelles que celles qui sont n\u00e9cessaires et ce pour une dur\u00e9e limit\u00e9e au regard des finalit\u00e9s poursuivies\u00a0;<\/li>\n<li>Prendre des mesures afin de s\u2019assurer que les donn\u00e9es personnelles sont correctes et, dans la mesure du possible, \u00e0 jour\u00a0;<\/li>\n<li>Nous assurer que les donn\u00e9es personnelles sont en s\u00e9curit\u00e9 et prot\u00e9g\u00e9es contre un traitement non autoris\u00e9 et illicite et que des mesures organisationnelles et techniques sont mises en place pour prot\u00e9ger les donn\u00e9es.<\/li>\n<\/ul>\n<p>La Soci\u00e9t\u00e9 Proximit \u00e9ditant le logiciel Avizi est notre prestataire de solution de gestion de la relation client, elle garantit qu\u2019\u00e0 tout moment les donn\u00e9es des utilisateurs sont g\u00e9r\u00e9es correctement et en toute s\u00e9curit\u00e9. Les applications avizi et avizer sont h\u00e9berg\u00e9es sur des serveurs situ\u00e9s en France, les \u00e9changes de donn\u00e9es sont crypt\u00e9s par certifficat TLS\/SSL, protocole permettant la s\u00e9curisation des flux de donn\u00e9es entre avizi et son \u00e9cosyst\u00e8me. Les donn\u00e9es sont sauvegard\u00e9es quotidiennement sur un espace de stockage s\u00e9curis\u00e9 d\u00e9di\u00e9 pendant 7 jours puis externalis\u00e9es et stock\u00e9es sur des infrastructures propres \u00e0 la soci\u00e9t\u00e9 et crypt\u00e9es.<\/p>\n<p>Vous pouvez \u00e0 tout moment avoir acc\u00e8s \u00e0 vos donn\u00e9es personnelles et nous vous demandons \u00e0 chaque collecte votre consentement explicite par mail.<br \/>\nVos donn\u00e9es seront conserv\u00e9es pendant 3 ans, dans le cas o\u00f9 aucune sollicitation ou interaction n\u2019est r\u00e9alis\u00e9e avec vous, elles seront supprim\u00e9es ou anonymis\u00e9es (\u00e0 vocation statistiques), nous pourrons \u00e9galement vous proposer \u00e0 l\u2019approche de ce d\u00e9lai de reconduire votre inscription pour continuer \u00e0 b\u00e9n\u00e9ficier des informations de Destination Dr\u00f4me Proven\u00e7ale.<\/p>\n<p><strong>L\u2019ensemble des collaborateurs de Destination Dr\u00f4me Proven\u00e7ale, Alliance R\u00e9seaux et Proximit ayant acc\u00e8s \u00e0 vos donn\u00e9es sont soumis \u00e0 une obligation contractuelle de confidentialit\u00e9.<\/strong><\/p>\n<h3>Diffusion des donn\u00e9es<\/h3>\n<p>L\u2019ensemble des informations pratiques est issu d\u2019<strong>Apidae<\/strong>, Syst\u00e8me d\u2019Informations Touristiques.<br \/>\nLes informations et les prix sont donn\u00e9s \u00e0 titre indicatif sous la seule responsabilit\u00e9 juridique des prestataires.<\/p>\n<p>Les disponibilit\u00e9s et la r\u00e9servation en ligne sont en place gr\u00e2ce \u00e0 l\u2019outil\u00a0<strong>Open System\u00ae<\/strong>. Il permet aux professionnels de renseigner eux-m\u00eames toutes les informations li\u00e9es \u00e0 leurs offres.<\/p>\n<p>Destination Dr\u00f4me Proven\u00e7ale ne peut \u00eatre tenue responsable de l\u2019ensemble de la fiabilit\u00e9 des informations contenues sur ce site.<\/p>\n","protected":false},"excerpt":{"rendered":"<p>Conception et h\u00e9bergement du site IRIS Interactive 3 Avenue d\u2019Aiguilhe 43000 Le Puy en Velay T\u00e9l. : 04 71 04 93 01 www.iris-interactive.fr Informations \u00e9diteur Office de Tourisme Pays de Dieulefit-Bourdeaux 1 place Abb\u00e9 Magnet 26220 Dieulefit T\u00e9l. :04 75 46 42 49 Contact Cr\u00e9dits photos Toutes les photos et visuels utilis\u00e9s sont prot\u00e9g\u00e9s par [&hellip;]<\/p>\n","protected":false},"author":1,"featured_media":0,"parent":0,"menu_order":120,"comment_status":"closed","ping_status":"closed","template":"","meta":[],"_links":{"self":[{"href":"https:\/\/www.dieulefit-tourisme.com\/de\/wp-json\/wp\/v2\/pages\/38"}],"collection":[{"href":"https:\/\/www.dieulefit-tourisme.com\/de\/wp-json\/wp\/v2\/pages"}],"about":[{"href":"https:\/\/www.dieulefit-tourisme.com\/de\/wp-json\/wp\/v2\/types\/page"}],"author":[{"embeddable":true,"href":"https:\/\/www.dieulefit-tourisme.com\/de\/wp-json\/wp\/v2\/users\/1"}],"replies":[{"embeddable":true,"href":"https:\/\/www.dieulefit-tourisme.com\/de\/wp-json\/wp\/v2\/comments?post=38"}],"version-history":[{"count":5,"href":"https:\/\/www.dieulefit-tourisme.com\/de\/wp-json\/wp\/v2\/pages\/38\/revisions"}],"predecessor-version":[{"id":14937,"href":"https:\/\/www.dieulefit-tourisme.com\/de\/wp-json\/wp\/v2\/pages\/38\/revisions\/14937"}],"wp:attachment":[{"href":"https:\/\/www.dieulefit-tourisme.com\/de\/wp-json\/wp\/v2\/media?parent=38"}],"curies":[{"name":"wp","href":"https:\/\/api.w.org\/{rel}","templated":true}]}}