{"id":359,"date":"2019-05-06T13:55:06","date_gmt":"2019-05-06T11:55:06","guid":{"rendered":"https:\/\/www.dieulefit-tourisme.com\/de\/praktika-und-workshops"},"modified":"2019-09-20T10:26:01","modified_gmt":"2019-09-20T08:26:01","slug":"praktika-und-workshops","status":"publish","type":"page","link":"https:\/\/www.dieulefit-tourisme.com\/de\/ihr-aufenthalt\/termine\/praktika-und-workshops\/","title":{"rendered":"Praktika und Workshops"},"content":{"rendered":"<h5>Verwirklichen Sie Ihre geheimen W\u00fcnsche und Ihre k\u00fcnstlerische Ader !<\/h5>\n<p>Kurse, Workshops f\u00fcr Kinder und Erwachsene finden w\u00e4hrend der Ferien, aber auch \u00fcber das ganze Jahr hin statt.<\/p>\n<p><iframe loading=\"lazy\" src=\"https:\/\/www.youtube.com\/embed\/qm18JqjVDOs\" width=\"560\" height=\"315\" frameborder=\"0\" allowfullscreen=\"allowfullscreen\"><\/iframe><\/p>\n","protected":false},"excerpt":{"rendered":"<p>Verwirklichen Sie Ihre geheimen W\u00fcnsche und Ihre k\u00fcnstlerische Ader ! Kurse, Workshops f\u00fcr Kinder und Erwachsene finden w\u00e4hrend der Ferien, aber auch \u00fcber das ganze Jahr hin statt.<\/p>\n","protected":false},"author":1,"featured_media":3494,"parent":69,"menu_order":70,"comment_status":"closed","ping_status":"closed","template":"partials\/template-sit.php","meta":[],"_links":{"self":[{"href":"https:\/\/www.dieulefit-tourisme.com\/de\/wp-json\/wp\/v2\/pages\/359"}],"collection":[{"href":"https:\/\/www.dieulefit-tourisme.com\/de\/wp-json\/wp\/v2\/pages"}],"about":[{"href":"https:\/\/www.dieulefit-tourisme.com\/de\/wp-json\/wp\/v2\/types\/page"}],"author":[{"embeddable":true,"href":"https:\/\/www.dieulefit-tourisme.com\/de\/wp-json\/wp\/v2\/users\/1"}],"replies":[{"embeddable":true,"href":"https:\/\/www.dieulefit-tourisme.com\/de\/wp-json\/wp\/v2\/comments?post=359"}],"version-history":[{"count":9,"href":"https:\/\/www.dieulefit-tourisme.com\/de\/wp-json\/wp\/v2\/pages\/359\/revisions"}],"predecessor-version":[{"id":16029,"href":"https:\/\/www.dieulefit-tourisme.com\/de\/wp-json\/wp\/v2\/pages\/359\/revisions\/16029"}],"up":[{"embeddable":true,"href":"https:\/\/www.dieulefit-tourisme.com\/de\/wp-json\/wp\/v2\/pages\/69"}],"wp:featuredmedia":[{"embeddable":true,"href":"https:\/\/www.dieulefit-tourisme.com\/de\/wp-json\/wp\/v2\/media\/3494"}],"wp:attachment":[{"href":"https:\/\/www.dieulefit-tourisme.com\/de\/wp-json\/wp\/v2\/media?parent=359"}],"curies":[{"name":"wp","href":"https:\/\/api.w.org\/{rel}","templated":true}]}}