{"id":324,"date":"2019-05-06T13:55:06","date_gmt":"2019-05-06T11:55:06","guid":{"rendered":"https:\/\/www.dieulefit-tourisme.com\/de\/vereine"},"modified":"2019-08-25T12:32:29","modified_gmt":"2019-08-25T10:32:29","slug":"vereine","status":"publish","type":"page","link":"https:\/\/www.dieulefit-tourisme.com\/de\/praktisches\/vereine\/","title":{"rendered":"Vereine"},"content":{"rendered":"<p>Das Pays de Dieulefit-Bourdeaux ist reich an <strong>Vereinen<\/strong>: z. B. in den Bereichen Kultur und Sport. Die Palette der Aktivit\u00e4ten ist breit und bietet ein vielf\u00e4ltiges Angebot f\u00fcr Jedermann.<\/p>\n","protected":false},"excerpt":{"rendered":"<p>Das Pays de Dieulefit-Bourdeaux ist reich an Vereinen: z. B. in den Bereichen Kultur und Sport. Die Palette der Aktivit\u00e4ten ist breit und bietet ein vielf\u00e4ltiges Angebot f\u00fcr Jedermann.<\/p>\n","protected":false},"author":1,"featured_media":0,"parent":16,"menu_order":10,"comment_status":"closed","ping_status":"closed","template":"partials\/template-sit.php","meta":[],"_links":{"self":[{"href":"https:\/\/www.dieulefit-tourisme.com\/de\/wp-json\/wp\/v2\/pages\/324"}],"collection":[{"href":"https:\/\/www.dieulefit-tourisme.com\/de\/wp-json\/wp\/v2\/pages"}],"about":[{"href":"https:\/\/www.dieulefit-tourisme.com\/de\/wp-json\/wp\/v2\/types\/page"}],"author":[{"embeddable":true,"href":"https:\/\/www.dieulefit-tourisme.com\/de\/wp-json\/wp\/v2\/users\/1"}],"replies":[{"embeddable":true,"href":"https:\/\/www.dieulefit-tourisme.com\/de\/wp-json\/wp\/v2\/comments?post=324"}],"version-history":[{"count":3,"href":"https:\/\/www.dieulefit-tourisme.com\/de\/wp-json\/wp\/v2\/pages\/324\/revisions"}],"predecessor-version":[{"id":15740,"href":"https:\/\/www.dieulefit-tourisme.com\/de\/wp-json\/wp\/v2\/pages\/324\/revisions\/15740"}],"up":[{"embeddable":true,"href":"https:\/\/www.dieulefit-tourisme.com\/de\/wp-json\/wp\/v2\/pages\/16"}],"wp:attachment":[{"href":"https:\/\/www.dieulefit-tourisme.com\/de\/wp-json\/wp\/v2\/media?parent=324"}],"curies":[{"name":"wp","href":"https:\/\/api.w.org\/{rel}","templated":true}]}}