{"id":320,"date":"2019-05-06T13:55:06","date_gmt":"2019-05-06T11:55:06","guid":{"rendered":"https:\/\/www.dieulefit-tourisme.com\/de\/bewundern-sie-die-topfereien-von-dieulefit-und-umgebung"},"modified":"2019-09-10T14:46:29","modified_gmt":"2019-09-10T12:46:29","slug":"bewundern-sie-die-topfereien-von-dieulefit-und-umgebung","status":"publish","type":"page","link":"https:\/\/www.dieulefit-tourisme.com\/de\/unser-reiseziel\/unsere-essentials\/bewundern-sie-die-topfereien-von-dieulefit-und-umgebung\/","title":{"rendered":"Bewundern Sie die T\u00f6pfereien von Dieulefit und Umgebung"},"content":{"rendered":"<h1>T\u00f6pfereien in Dieulefit und Umgebung<\/h1>\n<p><strong>Im Pays de Dieulefit-Bourdeaux werden Sie vielen Kunsthandwerkern und zahlreichen T\u00f6pfern und Keramikern begegnen: Sie sind Erben einer langen Tradition und beweisen ihr k\u00fcnstlerisches Wissen in einzigartigen Objekten.<\/strong><\/p>\n<p><iframe loading=\"lazy\" src=\"https:\/\/www.youtube.com\/embed\/qm18JqjVDOs\" width=\"560\" height=\"315\" frameborder=\"0\" allowfullscreen=\"allowfullscreen\"><\/iframe><\/p>\n<p>Die T\u00f6pferkunst ist seit der gallor\u00f6mischen Epoche Bestandteil unseres Alltags. Das Handwerk, mit dem urspr\u00fcnglich Waren f\u00fcr den h\u00e4uslichen Gebrauch gefertigt wurden, erlebte zur Zeit der Industrialisierung im 19. Jahrhundert einen H\u00f6hepunkt und entwickelte sich im Verlauf des 20. Jahrhunderts zum Kunsthandwerk.<\/p>\n<p>Mit rund 40 T\u00f6pferei- und Keramikwerkst\u00e4tten (sowie Ateliers anderer Kunsthandwerker und K\u00fcnstler, die diesen Landstrich zum Ort ihres k\u00fcnstlerischen Schaffens ausgew\u00e4hlt haben) ist le Pays de Dieulefit-Bourdeaux als bedeutendes Zentrum der Keramik anerkannt und wurde mit dem Label \u00ab P\u00f4le d&#8217;Excellence Rurale \u00bb ausgezeichnet.<\/p>\n\n\t\t<style type=\"text\/css\">\n\t\t\t#gallery-1 {\n\t\t\t\tmargin: auto;\n\t\t\t}\n\t\t\t#gallery-1 .gallery-item {\n\t\t\t\tfloat: left;\n\t\t\t\tmargin-top: 10px;\n\t\t\t\ttext-align: center;\n\t\t\t\twidth: 33%;\n\t\t\t}\n\t\t\t#gallery-1 img {\n\t\t\t\tborder: 2px solid #cfcfcf;\n\t\t\t}\n\t\t\t#gallery-1 .gallery-caption {\n\t\t\t\tmargin-left: 0;\n\t\t\t}\n\t\t\t\/* see gallery_shortcode() in wp-includes\/media.php *\/\n\t\t<\/style>\n\t\t<div id='gallery-1' class='gallery galleryid-320 gallery-columns-3 gallery-size-entityThumbnailSquare'><dl class='gallery-item'>\n\t\t\t<dt class='gallery-icon landscape'>\n\t\t\t\t<a href='https:\/\/www.dieulefit-tourisme.com\/de\/unser-reiseziel\/unsere-essentials\/bewundern-sie-die-topfereien-von-dieulefit-und-umgebung\/olympus-digital-camera-3\/'><img width=\"400\" height=\"400\" src=\"https:\/\/www.dieulefit-tourisme.com\/de\/wp-content\/uploads\/sites\/4\/2018\/09\/tournage-pres0-400x400.jpg\" class=\"attachment-entityThumbnailSquare size-entityThumbnailSquare\" alt=\"\" loading=\"lazy\" aria-describedby=\"gallery-1-5144\" srcset=\"https:\/\/www.dieulefit-tourisme.com\/de\/wp-content\/uploads\/sites\/4\/2018\/09\/tournage-pres0-400x400.jpg 400w, https:\/\/www.dieulefit-tourisme.com\/de\/wp-content\/uploads\/sites\/4\/2018\/09\/tournage-pres0-150x150.jpg 150w, https:\/\/www.dieulefit-tourisme.com\/de\/wp-content\/uploads\/sites\/4\/2018\/09\/tournage-pres0-200x200.jpg 200w, https:\/\/www.dieulefit-tourisme.com\/de\/wp-content\/uploads\/sites\/4\/2018\/09\/tournage-pres0-60x60.jpg 60w\" sizes=\"(max-width: 400px) 100vw, 400px\" \/><\/a>\n\t\t\t<\/dt>\n\t\t\t\t<dd class='wp-caption-text gallery-caption' id='gallery-1-5144'>\n\t\t\t\tOLYMPUS DIGITAL CAMERA\n\t\t\t\t<\/dd><\/dl><dl class='gallery-item'>\n\t\t\t<dt class='gallery-icon portrait'>\n\t\t\t\t<a href='https:\/\/www.dieulefit-tourisme.com\/de\/unser-reiseziel\/unsere-essentials\/bewundern-sie-die-topfereien-von-dieulefit-und-umgebung\/olympus-digital-camera-2\/'><img width=\"400\" height=\"400\" src=\"https:\/\/www.dieulefit-tourisme.com\/de\/wp-content\/uploads\/sites\/4\/2018\/09\/ot-tournage-loison0-400x400.jpg\" class=\"attachment-entityThumbnailSquare size-entityThumbnailSquare\" alt=\"\" loading=\"lazy\" aria-describedby=\"gallery-1-5143\" srcset=\"https:\/\/www.dieulefit-tourisme.com\/de\/wp-content\/uploads\/sites\/4\/2018\/09\/ot-tournage-loison0-400x400.jpg 400w, https:\/\/www.dieulefit-tourisme.com\/de\/wp-content\/uploads\/sites\/4\/2018\/09\/ot-tournage-loison0-150x150.jpg 150w, https:\/\/www.dieulefit-tourisme.com\/de\/wp-content\/uploads\/sites\/4\/2018\/09\/ot-tournage-loison0-200x200.jpg 200w, https:\/\/www.dieulefit-tourisme.com\/de\/wp-content\/uploads\/sites\/4\/2018\/09\/ot-tournage-loison0-60x60.jpg 60w\" sizes=\"(max-width: 400px) 100vw, 400px\" \/><\/a>\n\t\t\t<\/dt>\n\t\t\t\t<dd class='wp-caption-text gallery-caption' id='gallery-1-5143'>\n\t\t\t\tOLYMPUS DIGITAL CAMERA\n\t\t\t\t<\/dd><\/dl><dl class='gallery-item'>\n\t\t\t<dt class='gallery-icon portrait'>\n\t\t\t\t<a href='https:\/\/www.dieulefit-tourisme.com\/de\/unser-reiseziel\/unsere-essentials\/bewundern-sie-die-topfereien-von-dieulefit-und-umgebung\/olympus-digital-camera\/'><img width=\"400\" height=\"400\" src=\"https:\/\/www.dieulefit-tourisme.com\/de\/wp-content\/uploads\/sites\/4\/2018\/09\/cc-potier0-400x400.jpg\" class=\"attachment-entityThumbnailSquare size-entityThumbnailSquare\" alt=\"\" loading=\"lazy\" aria-describedby=\"gallery-1-5142\" srcset=\"https:\/\/www.dieulefit-tourisme.com\/de\/wp-content\/uploads\/sites\/4\/2018\/09\/cc-potier0-400x400.jpg 400w, https:\/\/www.dieulefit-tourisme.com\/de\/wp-content\/uploads\/sites\/4\/2018\/09\/cc-potier0-150x150.jpg 150w, https:\/\/www.dieulefit-tourisme.com\/de\/wp-content\/uploads\/sites\/4\/2018\/09\/cc-potier0-200x200.jpg 200w, https:\/\/www.dieulefit-tourisme.com\/de\/wp-content\/uploads\/sites\/4\/2018\/09\/cc-potier0-60x60.jpg 60w\" sizes=\"(max-width: 400px) 100vw, 400px\" \/><\/a>\n\t\t\t<\/dt>\n\t\t\t\t<dd class='wp-caption-text gallery-caption' id='gallery-1-5142'>\n\t\t\t\tOLYMPUS DIGITAL CAMERA\n\t\t\t\t<\/dd><\/dl><br style=\"clear: both\" \/>\n\t\t<\/div>\n\n<h2>Nicht verpassen<\/h2>\n<p>Das Keramikmuseum, la <a href=\"https:\/\/www.dieulefit-tourisme.com\/de\/kulturerbe\/maison-de-la-ceramique\/\" target=\"_blank\" rel=\"noopener\">Maison de la C\u00e9ramique<\/a>, ist ein au\u00dfergew\u00f6hnlicher Ort, an dem Sie das ganze Jahr \u00fcber bei Sonder- und Dauerausstellungen den Reichtum der lokalen keramischen Produktion entdecken k\u00f6nnen. Auch Kurse und Hobby-Workshops werden angeboten.<\/p>\n<p>Alle 2 Jahre (ungerade Jahre) am Pfingstwochenende findet ein gro\u00dfer T\u00f6pfermarkt statt, zu dem sich rund hundert professionelle T\u00f6pfer versammeln.<br \/>\nDie in Dieulefit hergestellen Waren tragen die Bezeichnung \u00ab Dieulefit Original \u00bb, ein Label, mit dem einige unserer T\u00f6pfer ihre Erzeugnisse kennzeichnen, um ihre Echtheit und Qualit\u00e4t zu garantieren.<\/p>\n","protected":false},"excerpt":{"rendered":"<p>T\u00f6pfereien in Dieulefit und Umgebung Im Pays de Dieulefit-Bourdeaux werden Sie vielen Kunsthandwerkern und zahlreichen T\u00f6pfern und Keramikern begegnen: Sie sind Erben einer langen Tradition und beweisen ihr k\u00fcnstlerisches Wissen in einzigartigen Objekten. Die T\u00f6pferkunst ist seit der gallor\u00f6mischen Epoche Bestandteil unseres Alltags. Das Handwerk, mit dem urspr\u00fcnglich Waren f\u00fcr den h\u00e4uslichen Gebrauch gefertigt wurden, [&hellip;]<\/p>\n","protected":false},"author":1,"featured_media":3460,"parent":55,"menu_order":30,"comment_status":"closed","ping_status":"closed","template":"partials\/template-sit.php","meta":[],"_links":{"self":[{"href":"https:\/\/www.dieulefit-tourisme.com\/de\/wp-json\/wp\/v2\/pages\/320"}],"collection":[{"href":"https:\/\/www.dieulefit-tourisme.com\/de\/wp-json\/wp\/v2\/pages"}],"about":[{"href":"https:\/\/www.dieulefit-tourisme.com\/de\/wp-json\/wp\/v2\/types\/page"}],"author":[{"embeddable":true,"href":"https:\/\/www.dieulefit-tourisme.com\/de\/wp-json\/wp\/v2\/users\/1"}],"replies":[{"embeddable":true,"href":"https:\/\/www.dieulefit-tourisme.com\/de\/wp-json\/wp\/v2\/comments?post=320"}],"version-history":[{"count":12,"href":"https:\/\/www.dieulefit-tourisme.com\/de\/wp-json\/wp\/v2\/pages\/320\/revisions"}],"predecessor-version":[{"id":15887,"href":"https:\/\/www.dieulefit-tourisme.com\/de\/wp-json\/wp\/v2\/pages\/320\/revisions\/15887"}],"up":[{"embeddable":true,"href":"https:\/\/www.dieulefit-tourisme.com\/de\/wp-json\/wp\/v2\/pages\/55"}],"wp:featuredmedia":[{"embeddable":true,"href":"https:\/\/www.dieulefit-tourisme.com\/de\/wp-json\/wp\/v2\/media\/3460"}],"wp:attachment":[{"href":"https:\/\/www.dieulefit-tourisme.com\/de\/wp-json\/wp\/v2\/media?parent=320"}],"curies":[{"name":"wp","href":"https:\/\/api.w.org\/{rel}","templated":true}]}}