{"id":316,"date":"2019-05-06T13:55:06","date_gmt":"2019-05-06T11:55:06","guid":{"rendered":"https:\/\/www.dieulefit-tourisme.com\/de\/exil-auf-den-spuren-der-hugenotten"},"modified":"2019-09-10T12:10:56","modified_gmt":"2019-09-10T10:10:56","slug":"auf-den-spuren-der-hugenotten","status":"publish","type":"page","link":"https:\/\/www.dieulefit-tourisme.com\/de\/unser-reiseziel\/unsere-essentials\/auf-den-spuren-der-hugenotten\/","title":{"rendered":"Auf den Spuren der Hugenotten"},"content":{"rendered":"<p>W\u00e4hrend der Religionskriege im 16. Jahrhundert entstand der Name \u201aHugenotten\u2018 f\u00fcr die franz\u00f6sischen Protestanten, die sich mit den Katholiken bekriegten.<\/p>\n<p>Als im Oktober 1685 das Edikt von Nantes widerrufen wurde und die Verfolgungen der Dragoner Ludwigs XIV. begannen, mussten mindestens 300.000 Protestanten Frankreich verlassen.<\/p>\n<p>Einer der Ausgangspunkte dieses Exodos befindet sich auf unserem Gebiet in Po\u00ebt-Laval. Der Wanderweg f\u00fchrt \u00fcber Dieulefit und Bourdeaux. 374 Kilometer sind in 29 Etappen allein in Frankreich zur\u00fcckzulegen. Der Weg f\u00fchrt \u00fcber Chambery in die Schweiz, um nach 1.800 Kilometern in Karlshafen in Deutschland zu enden.<\/p>\n<p><img loading=\"lazy\" class=\"aligncenter wp-image-5121 \" src=\"https:\/\/www.dieulefit-tourisme.com\/de\/wp-content\/uploads\/2018\/09\/capture.png\" alt=\"\" width=\"427\" height=\"504\" srcset=\"https:\/\/www.dieulefit-tourisme.com\/de\/wp-content\/uploads\/sites\/4\/2018\/09\/capture.png 514w, https:\/\/www.dieulefit-tourisme.com\/de\/wp-content\/uploads\/sites\/4\/2018\/09\/capture-254x300.png 254w, https:\/\/www.dieulefit-tourisme.com\/de\/wp-content\/uploads\/sites\/4\/2018\/09\/capture-380x449.png 380w, https:\/\/www.dieulefit-tourisme.com\/de\/wp-content\/uploads\/sites\/4\/2018\/09\/capture-246x290.png 246w\" sizes=\"(max-width: 427px) 100vw, 427px\" \/><\/p>\n<p>Ein Wanderf\u00fchrer <strong>GR\u00ae965 Sur les pas des Huguenots<\/strong> ist im Verlag der F\u00e9d\u00e9ration Fran\u00e7aise de randonn\u00e9e in Vorbereitung.<\/p>\n<p>M\u00f6chten Sie sich, vergleichbar mit den Pilgerwegen nach Santiago de Compostella, auf das Abenteuer einer Wanderung \u201aAuf den Spuren der Hugenotten\u2018 begeben?<\/p>\n<blockquote>\n<p style=\"text-align: center;\">Weitere Infos:<\/p>\n<p style=\"text-align: center;\"><a href=\"http:\/\/www.surlespasdeshuguenots.eu\/\" target=\"_blank\" rel=\"noopener\">http:\/\/www.surlespasdeshuguenots.eu\/<\/a><br \/>\nFolgende Karten k\u00f6nnen Sie herunterladen:<\/p>\n<p style=\"text-align: center;\">Wanderetappe\u00a0<a href=\"http:\/\/www.surlespasdeshuguenots.eu\/itineraire\/fichiers\/Fiche%201%2016-10-12.pdf\" target=\"_blank\" rel=\"noopener\">Le Po\u00ebt-Laval -&gt; Dieulefit<\/a><\/p>\n<p style=\"text-align: center;\">Wanderetappe\u00a0<a href=\"http:\/\/www.surlespasdeshuguenots.eu\/itineraire\/fichiers\/fiche-2-patrimoine1.pdf\" target=\"_blank\" rel=\"noopener\"> Dieulefit -&gt; Bourdeaux<\/a><\/p>\n<p style=\"text-align: center;\">Auto-Fahrradkarte <a href=\"https:\/\/www.dieulefit-tourisme.com\/de\/wp-content\/uploads\/2018\/10\/circuit_velo_voiture_12_2017.pdf\" target=\"_blank\" rel=\"noopener\">Dieulefit-Bourdeaux<\/a><\/p>\n<p style=\"text-align: center;\">Fahrradkarte <a href=\"http:\/\/www.surlespasdeshuguenots.eu\/topocyclo-web1.pdf\">en v\u00e9lo de la Dr\u00f4me \u00e0 Gen\u00e8ve<\/a><\/p>\n<p style=\"text-align: center;\">Reiterkarte <a href=\"https:\/\/www.dieulefit-tourisme.com\/de\/wp-content\/uploads\/2018\/10\/sur-les-pas-des-huguenots-a-cheval.pdf\">Sur les pas des Huguenots \u00e0 cheval<\/a><\/p>\n<\/blockquote>\n","protected":false},"excerpt":{"rendered":"<p>W\u00e4hrend der Religionskriege im 16. Jahrhundert entstand der Name \u201aHugenotten\u2018 f\u00fcr die franz\u00f6sischen Protestanten, die sich mit den Katholiken bekriegten. Als im Oktober 1685 das Edikt von Nantes widerrufen wurde und die Verfolgungen der Dragoner Ludwigs XIV. begannen, mussten mindestens 300.000 Protestanten Frankreich verlassen. Einer der Ausgangspunkte dieses Exodos befindet sich auf unserem Gebiet in [&hellip;]<\/p>\n","protected":false},"author":1,"featured_media":5201,"parent":55,"menu_order":10,"comment_status":"closed","ping_status":"closed","template":"","meta":[],"_links":{"self":[{"href":"https:\/\/www.dieulefit-tourisme.com\/de\/wp-json\/wp\/v2\/pages\/316"}],"collection":[{"href":"https:\/\/www.dieulefit-tourisme.com\/de\/wp-json\/wp\/v2\/pages"}],"about":[{"href":"https:\/\/www.dieulefit-tourisme.com\/de\/wp-json\/wp\/v2\/types\/page"}],"author":[{"embeddable":true,"href":"https:\/\/www.dieulefit-tourisme.com\/de\/wp-json\/wp\/v2\/users\/1"}],"replies":[{"embeddable":true,"href":"https:\/\/www.dieulefit-tourisme.com\/de\/wp-json\/wp\/v2\/comments?post=316"}],"version-history":[{"count":20,"href":"https:\/\/www.dieulefit-tourisme.com\/de\/wp-json\/wp\/v2\/pages\/316\/revisions"}],"predecessor-version":[{"id":15876,"href":"https:\/\/www.dieulefit-tourisme.com\/de\/wp-json\/wp\/v2\/pages\/316\/revisions\/15876"}],"up":[{"embeddable":true,"href":"https:\/\/www.dieulefit-tourisme.com\/de\/wp-json\/wp\/v2\/pages\/55"}],"wp:featuredmedia":[{"embeddable":true,"href":"https:\/\/www.dieulefit-tourisme.com\/de\/wp-json\/wp\/v2\/media\/5201"}],"wp:attachment":[{"href":"https:\/\/www.dieulefit-tourisme.com\/de\/wp-json\/wp\/v2\/media?parent=316"}],"curies":[{"name":"wp","href":"https:\/\/api.w.org\/{rel}","templated":true}]}}