{"id":278,"date":"2019-05-06T13:55:06","date_gmt":"2019-05-06T12:55:06","guid":{"rendered":"https:\/\/www.dieulefit-tourisme.com\/de\/dieulefit"},"modified":"2019-09-09T15:01:19","modified_gmt":"2019-09-09T13:01:19","slug":"dieulefit","status":"publish","type":"page","link":"https:\/\/www.dieulefit-tourisme.com\/de\/unser-reiseziel\/unsere-dorfer\/dieulefit\/","title":{"rendered":"Dieulefit"},"content":{"rendered":"<p>Lebensqualit\u00e4t und Kunsthandwerk sind eng mit Dieulefit verbunden. \u201eLou tems passo, passo lou ben\u201c (Die Zeit vergeht, verbringe sie gut) ist die Maxime, die hoch oben auf unserem Uhrturm geschrieben steht.<\/p>\n<p>Dieulefit ist seit dem 20. Dezember 1928 als \u201estation touristique\u201c klassifiziert und seit Oktober 2014 mit dem Label \u201estation verte\u201c ausgezeichnet.<\/p>\n<p>Unsere kleine Stadt mit 3250 Einwohnern zieht sowohl zahlreiche Urlauber an sowie auch Rekonvaleszenten in den seit vielen Jahren bekannten Einrichtungen.<\/p>\n<p>&nbsp;<\/p>\n<div class=\"sectionCTA\"><div class=\"strateCTA strateCTA-largeCTA33 wp-caption\"><p class=\"strateCTAThumbnail\"><a href=\"https:\/\/www.dieulefit-tourisme.com\/de\/wp-content\/uploads\/2018\/06\/dsc_2054-small.jpg\" class=\"swipebox\" title=\"\"><img src=\"https:\/\/www.dieulefit-tourisme.com\/de\/wp-content\/uploads\/2018\/06\/dsc_2054-small.jpg\" alt=\"\" \/><\/a><\/p><\/div>\n<div class=\"strateCTA strateCTA-largeCTA67 wp-caption\"><p class=\"strateCTAThumbnail\"><a href=\"https:\/\/www.dieulefit-tourisme.com\/de\/wp-content\/uploads\/2018\/06\/st-maurice-3.jpg\" class=\"swipebox\" title=\"\"><img src=\"https:\/\/www.dieulefit-tourisme.com\/de\/wp-content\/uploads\/2018\/06\/st-maurice-3.jpg\" alt=\"\" \/><\/a><\/p><\/div><\/div>\n<blockquote><p>Bewohner : Les Dieulefitois<\/p>\n<p>Einwohnerzahl : 3 250<\/p>\n<p>Fl\u00e4che : 2742 Hektar<\/p>\n<p>H\u00f6henlage : 386 m<\/p><\/blockquote>\n<div class=\"sectionCTA\"><div class=\"strateCTA strateCTA-largeCTA50 wp-caption\"><p class=\"strateCTAThumbnail\"><a href=\"https:\/\/www.dieulefit-tourisme.com\/de\/wp-content\/uploads\/2018\/06\/img_20151111_150053-small.jpg\" class=\"swipebox\" title=\"\"><img src=\"https:\/\/www.dieulefit-tourisme.com\/de\/wp-content\/uploads\/2018\/06\/img_20151111_150053-small.jpg\" alt=\"\" \/><\/a><\/p><\/div>\n<div class=\"strateCTA strateCTA-largeCTA50 wp-caption\"><p class=\"strateCTAThumbnail\"><a href=\"https:\/\/www.dieulefit-tourisme.com\/de\/wp-content\/uploads\/2018\/07\/beffroi-de-dieulefit.jpg\" class=\"swipebox\" title=\"\"><img src=\"https:\/\/www.dieulefit-tourisme.com\/de\/wp-content\/uploads\/2018\/07\/beffroi-de-dieulefit.jpg\" alt=\"\" \/><\/a><\/p><\/div><\/div>\n<h4>Stadt der Kunst und der Geschichte<\/h4>\n<p>Die T\u00f6pferei war schon immer eng mit der Geschichte Dieulefits und seiner Umgebung verbunden. Die traditionelle T\u00f6pferei f\u00fcr den Hausgebrauch bearbeitete fr\u00fcher einen Ton, der vor Ort gewonnen wurde. Gro\u00dfe Namen aus dem Keramik-Kunsthandwerk wie Etienne No\u00ebl oder Jacques Pouchain haben die Tradition der T\u00f6pferei entscheidend gepr\u00e4gt.<\/p>\n<p>Heute stellen zahlreiche T\u00f6pfer und Keramiker ihre Werke in ihren Werkst\u00e4tten, in Galerien und Gesch\u00e4ften aus. Diese K\u00fcnstlertradition hat sich erweitert auf Malerei und Skulptur: Mehrere Kunstgalerien befinden sich im Zentrum des Ortes<\/p>\n<p>Dieulefit darf das Label \u201e Ville d\u2019art et d\u2019histoire\u201c f\u00fchren.<\/p>\n<p><img loading=\"lazy\" width=\"300\" height=\"210\" class=\"alignnone size-medium wp-image-732\" src=\"https:\/\/www.dieulefit-tourisme.com\/de\/wp-content\/uploads\/2018\/07\/dieulefit3-300x210.jpg\" alt=\"\" srcset=\"https:\/\/www.dieulefit-tourisme.com\/de\/wp-content\/uploads\/sites\/4\/2018\/07\/dieulefit3-300x210.jpg 300w, https:\/\/www.dieulefit-tourisme.com\/de\/wp-content\/uploads\/sites\/4\/2018\/07\/dieulefit3-768x538.jpg 768w, https:\/\/www.dieulefit-tourisme.com\/de\/wp-content\/uploads\/sites\/4\/2018\/07\/dieulefit3-1024x718.jpg 1024w, https:\/\/www.dieulefit-tourisme.com\/de\/wp-content\/uploads\/sites\/4\/2018\/07\/dieulefit3-380x266.jpg 380w, https:\/\/www.dieulefit-tourisme.com\/de\/wp-content\/uploads\/sites\/4\/2018\/07\/dieulefit3-600x420.jpg 600w, https:\/\/www.dieulefit-tourisme.com\/de\/wp-content\/uploads\/sites\/4\/2018\/07\/dieulefit3-414x290.jpg 414w, https:\/\/www.dieulefit-tourisme.com\/de\/wp-content\/uploads\/sites\/4\/2018\/07\/dieulefit3.jpg 2048w\" sizes=\"(max-width: 300px) 100vw, 300px\" \/><\/p>\n<p>Zahlreiche Festivals und Kunstaktionen bestimmen das kulturelle Leben w\u00e4hrend des gesamten Jahres, vor allem im Kulturzentrum \u201eLa Halle\u201c und im Freilichttheater des Parc de la Baume.<\/p>\n<h4>Nicht verpassen<\/h4>\n<p>Die G\u00e4sschen der Altstadt (La Viale) laden zum Bummeln ein und f\u00fchren in die Vergangenheit. Den Flyer erhalten sie in den Fremdenverkehrsb\u00fcros<\/p>\n<h4>Die Stadt der Gerechten<\/h4>\n<p>Dieulefit hat w\u00e4hrend des Zweiten Weltkriegs zahlreichen Fl\u00fcchtlingen &#8211; j\u00fcdischen Kindern, ihren Familien, politisch Verfolgten, Malern, Dichtern, K\u00fcnstlern &#8211; Unterschlupf gew\u00e4hrt, unter Mithilfe der Bev\u00f6lkerung und einer Angestellten des B\u00fcrgermeisteramtes, die falsche Papiere ausstellte. Die Einwohnerzahl von damals 2500 verdoppelte sich dadurch. Es gab keine einzige Denunziation. 2014 wurde im Parc de la Baume ein Denkmal f\u00fcr den zivilen Widerstand errichtet. Es ist m\u00f6glich \u201ele sentier des artistes r\u00e9fugi\u00e9s\u201c (den Weg der gefl\u00fcchteten K\u00fcnstler) zu besuchen, der die Geschichte zahlreicher K\u00fcnstler erz\u00e4hlt, die in diesem d\u00fcsteren Zeitabschnitt in Dieulefit Zuflucht gefunden hatten. Mehrere Dieulefitois wurden mit dem Titel \u201e Juste parmi la nation\u201c (Gerechter unter den V\u00f6lkern) ausgezeichnet.<\/p>\n<h4>Die gro\u00dfartige Lage<\/h4>\n<p>Die Natur ist in ihrer Vielfalt \u00fcberw\u00e4ltigend. Les chemins de randonn\u00e9e (Wanderwege im Gr\u00fcnen) winden sich durch Kastanien- und Eichenw\u00e4lder, Olivenb\u00e4ume sind nicht weit.<\/p>\n<h4>Die Montagne de Saint Maurice \u2013 ein Naturschutzgebiet<\/h4>\n<p>Dieses au\u00dfergew\u00f6hnliche Naturschutzgebiet hat die Gemeinde 2013 erworben und einen Landschaftsplan f\u00fcr die Jahre 2015 bis 2020 entwickelt. Er sieht vor, das Gebiet zu sch\u00fctzen und aufzuwerten, indem Ideen f\u00fcr naturgerechte Aktivit\u00e4ten entwickelt wurden: Wanderwege, Mountainbike-Strecken (randonn\u00e9es, VTT), vor allem aber eine Sensibilisierung f\u00fcr umweltgerechtes Verhalten.<\/p>\n<p>&nbsp;<\/p>\n<div class=\"sectionCTA\"><div class=\"strateCTA strateCTA-largeCTA100 wp-caption\"><p class=\"strateCTAThumbnail\"><a href=\"https:\/\/www.dieulefit-tourisme.com\/de\/wp-content\/uploads\/2018\/07\/billy-paysage-2.jpg\" class=\"swipebox\" title=\"\"><img src=\"https:\/\/www.dieulefit-tourisme.com\/de\/wp-content\/uploads\/2018\/07\/billy-paysage-2.jpg\" alt=\"\" \/><\/a><\/p><\/div><\/div>\n<h4>Ein ideales Klima<\/h4>\n<p>Dieulefit hat eine Mittelgebirgslage, ist gesch\u00fctzt vor dem Wind des Rh\u00f4netales und somit beg\u00fcnstigt durch ein gem\u00e4\u00dfigtes Klima: trocken und ohne Nebel. Wenn es im Sommer tags\u00fcber hei\u00df ist, sind die N\u00e4chte angenehm frisch. Diese klimatischen Vorteile lie\u00dfen Gesundheitseinrichtungen f\u00fcr Erwachsene und Kinder entstehen, die vor allem auf Atemwegs- und Herz-Kreislauferkrankungen spezialisiert sind.<\/p>\n<h4>Ein Land der Sinne: D\u00fcfte und Geschmack<\/h4>\n<p>Der Duft des Lavendels und der Kr\u00e4uter der Provence, aber auch Lavendelhonig, die Tr\u00fcffel sowie der \u00a0unvergleichliche Geschmack des kleinen Ziegenk\u00e4ses \u201ePicodon\u201c \u2013 AOP-labellisiert und nach spezieller Methode, \u201em\u00e9thode Dieulefit\u201c, gereift, sind einzigartig. Die Weinfelder sind nicht weit und liefern den Wein, der den K\u00e4se bestens begleitet. Jeden Freitag findet im Zentrum von Dieulefit ein provenzalischer Markt statt.<\/p>\n<div class=\"sectionCTA\"><div class=\"strateCTA strateCTA-largeCTA100 wp-caption\"><p class=\"strateCTAThumbnail\"><a href=\"https:\/\/www.dieulefit-tourisme.com\/de\/wp-content\/uploads\/2018\/07\/lavande-la-roche-1-jys.jpg\" class=\"swipebox\" title=\"\"><img src=\"https:\/\/www.dieulefit-tourisme.com\/de\/wp-content\/uploads\/2018\/07\/lavande-la-roche-1-jys.jpg\" alt=\"\" \/><\/a><\/p><\/div><\/div>\n\n        <div class=\"pratique\">\n            <div class=\"pratiqueContent\">\n\n                \n                                    <div class=\"pratiqueContentExcerpt\"><p><a href=\"http:\/\/www.mairie-dieulefit.fr\" target=\"_blank\" rel=\"noopener\">Dieulefit Website<\/a><\/p><br \/>\n<\/div>\n                            <\/div>\n        <\/div>\n\n        \n","protected":false},"excerpt":{"rendered":"<p>Lebensqualit\u00e4t und Kunsthandwerk sind eng mit Dieulefit verbunden. \u201eLou tems passo, passo lou ben\u201c (Die Zeit vergeht, verbringe sie gut) ist die Maxime, die hoch oben auf unserem Uhrturm geschrieben steht. Dieulefit ist seit dem 20. Dezember 1928 als \u201estation touristique\u201c klassifiziert und seit Oktober 2014 mit dem Label \u201estation verte\u201c ausgezeichnet. Unsere kleine Stadt [&hellip;]<\/p>\n","protected":false},"author":1,"featured_media":735,"parent":51,"menu_order":60,"comment_status":"closed","ping_status":"closed","template":"","meta":[],"_links":{"self":[{"href":"https:\/\/www.dieulefit-tourisme.com\/de\/wp-json\/wp\/v2\/pages\/278"}],"collection":[{"href":"https:\/\/www.dieulefit-tourisme.com\/de\/wp-json\/wp\/v2\/pages"}],"about":[{"href":"https:\/\/www.dieulefit-tourisme.com\/de\/wp-json\/wp\/v2\/types\/page"}],"author":[{"embeddable":true,"href":"https:\/\/www.dieulefit-tourisme.com\/de\/wp-json\/wp\/v2\/users\/1"}],"replies":[{"embeddable":true,"href":"https:\/\/www.dieulefit-tourisme.com\/de\/wp-json\/wp\/v2\/comments?post=278"}],"version-history":[{"count":42,"href":"https:\/\/www.dieulefit-tourisme.com\/de\/wp-json\/wp\/v2\/pages\/278\/revisions"}],"predecessor-version":[{"id":15855,"href":"https:\/\/www.dieulefit-tourisme.com\/de\/wp-json\/wp\/v2\/pages\/278\/revisions\/15855"}],"up":[{"embeddable":true,"href":"https:\/\/www.dieulefit-tourisme.com\/de\/wp-json\/wp\/v2\/pages\/51"}],"wp:featuredmedia":[{"embeddable":true,"href":"https:\/\/www.dieulefit-tourisme.com\/de\/wp-json\/wp\/v2\/media\/735"}],"wp:attachment":[{"href":"https:\/\/www.dieulefit-tourisme.com\/de\/wp-json\/wp\/v2\/media?parent=278"}],"curies":[{"name":"wp","href":"https:\/\/api.w.org\/{rel}","templated":true}]}}