{"id":255,"date":"2019-05-06T13:55:06","date_gmt":"2019-05-06T11:55:06","guid":{"rendered":"https:\/\/www.dieulefit-tourisme.com\/de\/wenn-es-sehr-heis-ist"},"modified":"2019-09-23T17:51:18","modified_gmt":"2019-09-23T15:51:18","slug":"bei-hitze","status":"publish","type":"page","link":"https:\/\/www.dieulefit-tourisme.com\/de\/ihr-aufenthalt\/brauchen-sie-eine-idee\/bei-hitze\/","title":{"rendered":"Bei Hitze"},"content":{"rendered":"<p style=\"text-align: center;\">Die Sonne scheint kr\u00e4ftig und die Temperaturen steigen und steigen! Tauchen Sie die F\u00fc\u00dfe ins Wasser oder genie\u00dfen Sie die Frische alter Gem\u00e4uer.<\/p>\n","protected":false},"excerpt":{"rendered":"<p>Die Sonne scheint kr\u00e4ftig und die Temperaturen steigen und steigen! Tauchen Sie die F\u00fc\u00dfe ins Wasser oder genie\u00dfen Sie die Frische alter Gem\u00e4uer.<\/p>\n","protected":false},"author":1,"featured_media":14947,"parent":10120,"menu_order":20,"comment_status":"closed","ping_status":"closed","template":"partials\/template-sit.php","meta":[],"_links":{"self":[{"href":"https:\/\/www.dieulefit-tourisme.com\/de\/wp-json\/wp\/v2\/pages\/255"}],"collection":[{"href":"https:\/\/www.dieulefit-tourisme.com\/de\/wp-json\/wp\/v2\/pages"}],"about":[{"href":"https:\/\/www.dieulefit-tourisme.com\/de\/wp-json\/wp\/v2\/types\/page"}],"author":[{"embeddable":true,"href":"https:\/\/www.dieulefit-tourisme.com\/de\/wp-json\/wp\/v2\/users\/1"}],"replies":[{"embeddable":true,"href":"https:\/\/www.dieulefit-tourisme.com\/de\/wp-json\/wp\/v2\/comments?post=255"}],"version-history":[{"count":5,"href":"https:\/\/www.dieulefit-tourisme.com\/de\/wp-json\/wp\/v2\/pages\/255\/revisions"}],"predecessor-version":[{"id":16170,"href":"https:\/\/www.dieulefit-tourisme.com\/de\/wp-json\/wp\/v2\/pages\/255\/revisions\/16170"}],"up":[{"embeddable":true,"href":"https:\/\/www.dieulefit-tourisme.com\/de\/wp-json\/wp\/v2\/pages\/10120"}],"wp:featuredmedia":[{"embeddable":true,"href":"https:\/\/www.dieulefit-tourisme.com\/de\/wp-json\/wp\/v2\/media\/14947"}],"wp:attachment":[{"href":"https:\/\/www.dieulefit-tourisme.com\/de\/wp-json\/wp\/v2\/media?parent=255"}],"curies":[{"name":"wp","href":"https:\/\/api.w.org\/{rel}","templated":true}]}}