{"id":249,"date":"2019-05-06T13:55:06","date_gmt":"2019-05-06T11:55:06","guid":{"rendered":"https:\/\/www.dieulefit-tourisme.com\/de\/ereignisse"},"modified":"2019-09-17T13:48:30","modified_gmt":"2019-09-17T11:48:30","slug":"ereignisse","status":"publish","type":"page","link":"https:\/\/www.dieulefit-tourisme.com\/de\/ihr-aufenthalt\/termine\/ereignisse\/","title":{"rendered":"Ereignisse"},"content":{"rendered":"<p>Hier ist Kultur die Sache all derer, die ihre Begeisterung mit anderen teilen m\u00f6chten.<\/p>\n<p><strong>Festivals<\/strong>, <strong>Konzerte<\/strong>, <strong>Theaterauff\u00fchrungen<\/strong>, thematische Spazierg\u00e4nge und Lesungen bieten die Gelegenheit, Gesang, Musik und Kunst, inspiriert von der lokalen Tradition oder von fernen Welten zu genie\u00dfen. Das ganze Jahr \u00fcber finden Veranstaltungen zu den verschiedensten Kunstformen statt, die Sie einladen, die lokalen Talente kennenzulernen oder bekannte K\u00fcnstler zu erleben.<\/p>\n<p>&nbsp;<\/p>\n","protected":false},"excerpt":{"rendered":"<p>Hier ist Kultur die Sache all derer, die ihre Begeisterung mit anderen teilen m\u00f6chten. Festivals, Konzerte, Theaterauff\u00fchrungen, thematische Spazierg\u00e4nge und Lesungen bieten die Gelegenheit, Gesang, Musik und Kunst, inspiriert von der lokalen Tradition oder von fernen Welten zu genie\u00dfen. Das ganze Jahr \u00fcber finden Veranstaltungen zu den verschiedensten Kunstformen statt, die Sie einladen, die lokalen [&hellip;]<\/p>\n","protected":false},"author":1,"featured_media":14952,"parent":69,"menu_order":10,"comment_status":"closed","ping_status":"closed","template":"partials\/template-sit.php","meta":[],"_links":{"self":[{"href":"https:\/\/www.dieulefit-tourisme.com\/de\/wp-json\/wp\/v2\/pages\/249"}],"collection":[{"href":"https:\/\/www.dieulefit-tourisme.com\/de\/wp-json\/wp\/v2\/pages"}],"about":[{"href":"https:\/\/www.dieulefit-tourisme.com\/de\/wp-json\/wp\/v2\/types\/page"}],"author":[{"embeddable":true,"href":"https:\/\/www.dieulefit-tourisme.com\/de\/wp-json\/wp\/v2\/users\/1"}],"replies":[{"embeddable":true,"href":"https:\/\/www.dieulefit-tourisme.com\/de\/wp-json\/wp\/v2\/comments?post=249"}],"version-history":[{"count":10,"href":"https:\/\/www.dieulefit-tourisme.com\/de\/wp-json\/wp\/v2\/pages\/249\/revisions"}],"predecessor-version":[{"id":16017,"href":"https:\/\/www.dieulefit-tourisme.com\/de\/wp-json\/wp\/v2\/pages\/249\/revisions\/16017"}],"up":[{"embeddable":true,"href":"https:\/\/www.dieulefit-tourisme.com\/de\/wp-json\/wp\/v2\/pages\/69"}],"wp:featuredmedia":[{"embeddable":true,"href":"https:\/\/www.dieulefit-tourisme.com\/de\/wp-json\/wp\/v2\/media\/14952"}],"wp:attachment":[{"href":"https:\/\/www.dieulefit-tourisme.com\/de\/wp-json\/wp\/v2\/media?parent=249"}],"curies":[{"name":"wp","href":"https:\/\/api.w.org\/{rel}","templated":true}]}}