{"id":243,"date":"2019-05-06T13:55:06","date_gmt":"2019-05-06T11:55:06","guid":{"rendered":"https:\/\/www.dieulefit-tourisme.com\/de\/markte"},"modified":"2019-09-17T16:05:45","modified_gmt":"2019-09-17T14:05:45","slug":"markte","status":"publish","type":"page","link":"https:\/\/www.dieulefit-tourisme.com\/de\/ihr-aufenthalt\/termine\/markte\/","title":{"rendered":"M\u00e4rkte"},"content":{"rendered":"<p>Plan zu den M\u00e4rkten im Departement Dr\u00f4me: <a href=\"https:\/\/www.dieulefit-tourisme.com\/de\/wp-content\/uploads\/2019\/05\/marche.jpg\" target=\"_blank\" rel=\"noopener\">HIER<\/a><\/p>\n<p>Unsere M\u00e4rkte sind wahrhaft eine Einladung, alle gastronomischen Freuden einer Region zu entdecken. Picodon-Hersteller, Metzger, Obstbauern, Wein- und Fischh\u00e4ndler bieten ihre Produkte an. Aber Sie k\u00f6nnen dort auch T\u00f6pferwaren, Kleidung, Stoffe und B\u00fccher erwerben. Es gibt etwas f\u00fcr jeden Geschmack.<\/p>\n<p><iframe loading=\"lazy\" src=\"https:\/\/www.youtube.com\/embed\/t8L807TUvDY\" width=\"560\" height=\"315\" frameborder=\"0\" allowfullscreen=\"allowfullscreen\"><\/iframe><\/p>\n","protected":false},"excerpt":{"rendered":"<p>Plan zu den M\u00e4rkten im Departement Dr\u00f4me: HIER Unsere M\u00e4rkte sind wahrhaft eine Einladung, alle gastronomischen Freuden einer Region zu entdecken. Picodon-Hersteller, Metzger, Obstbauern, Wein- und Fischh\u00e4ndler bieten ihre Produkte an. Aber Sie k\u00f6nnen dort auch T\u00f6pferwaren, Kleidung, Stoffe und B\u00fccher erwerben. Es gibt etwas f\u00fcr jeden Geschmack.<\/p>\n","protected":false},"author":1,"featured_media":3448,"parent":69,"menu_order":60,"comment_status":"closed","ping_status":"closed","template":"partials\/template-sit.php","meta":[],"_links":{"self":[{"href":"https:\/\/www.dieulefit-tourisme.com\/de\/wp-json\/wp\/v2\/pages\/243"}],"collection":[{"href":"https:\/\/www.dieulefit-tourisme.com\/de\/wp-json\/wp\/v2\/pages"}],"about":[{"href":"https:\/\/www.dieulefit-tourisme.com\/de\/wp-json\/wp\/v2\/types\/page"}],"author":[{"embeddable":true,"href":"https:\/\/www.dieulefit-tourisme.com\/de\/wp-json\/wp\/v2\/users\/1"}],"replies":[{"embeddable":true,"href":"https:\/\/www.dieulefit-tourisme.com\/de\/wp-json\/wp\/v2\/comments?post=243"}],"version-history":[{"count":12,"href":"https:\/\/www.dieulefit-tourisme.com\/de\/wp-json\/wp\/v2\/pages\/243\/revisions"}],"predecessor-version":[{"id":16244,"href":"https:\/\/www.dieulefit-tourisme.com\/de\/wp-json\/wp\/v2\/pages\/243\/revisions\/16244"}],"up":[{"embeddable":true,"href":"https:\/\/www.dieulefit-tourisme.com\/de\/wp-json\/wp\/v2\/pages\/69"}],"wp:featuredmedia":[{"embeddable":true,"href":"https:\/\/www.dieulefit-tourisme.com\/de\/wp-json\/wp\/v2\/media\/3448"}],"wp:attachment":[{"href":"https:\/\/www.dieulefit-tourisme.com\/de\/wp-json\/wp\/v2\/media?parent=243"}],"curies":[{"name":"wp","href":"https:\/\/api.w.org\/{rel}","templated":true}]}}