{"id":231,"date":"2019-05-06T13:55:06","date_gmt":"2019-05-06T11:55:06","guid":{"rendered":"https:\/\/www.dieulefit-tourisme.com\/de\/kunsthandwerke-und-galerien"},"modified":"2019-09-10T16:02:22","modified_gmt":"2019-09-10T14:02:22","slug":"kunsthandwerke-und-galerien","status":"publish","type":"page","link":"https:\/\/www.dieulefit-tourisme.com\/de\/ihr-aufenthalt\/entdecken-und-erkunden\/kunsthandwerke-und-galerien\/","title":{"rendered":"Kunsthandwerke und Galerien"},"content":{"rendered":"<h6 style=\"text-align: center;\">\u201e Der wahre K\u00fcnstler kopiert die Natur nicht, sondern er deutet sie\u201c (Maurice Denuzi\u00e8re, Bahamas III \u2013 Un paradis perdu, 2007).<\/h6>\n<p>Mit ihren Werken stellen die K\u00fcnstler Ihnen ihre Deutungen vor. Besuchen Sie die <strong>Kunstgalerien<\/strong> und <strong>Werkst\u00e4tten<\/strong>&#8230; An diesen Orten begegnen Sie dem Handwerk von fr\u00fcher und heute.<\/p>\n","protected":false},"excerpt":{"rendered":"<p>\u201e Der wahre K\u00fcnstler kopiert die Natur nicht, sondern er deutet sie\u201c (Maurice Denuzi\u00e8re, Bahamas III \u2013 Un paradis perdu, 2007). Mit ihren Werken stellen die K\u00fcnstler Ihnen ihre Deutungen vor. Besuchen Sie die Kunstgalerien und Werkst\u00e4tten&#8230; An diesen Orten begegnen Sie dem Handwerk von fr\u00fcher und heute.<\/p>\n","protected":false},"author":1,"featured_media":5155,"parent":67,"menu_order":10,"comment_status":"closed","ping_status":"closed","template":"partials\/template-sit.php","meta":[],"_links":{"self":[{"href":"https:\/\/www.dieulefit-tourisme.com\/de\/wp-json\/wp\/v2\/pages\/231"}],"collection":[{"href":"https:\/\/www.dieulefit-tourisme.com\/de\/wp-json\/wp\/v2\/pages"}],"about":[{"href":"https:\/\/www.dieulefit-tourisme.com\/de\/wp-json\/wp\/v2\/types\/page"}],"author":[{"embeddable":true,"href":"https:\/\/www.dieulefit-tourisme.com\/de\/wp-json\/wp\/v2\/users\/1"}],"replies":[{"embeddable":true,"href":"https:\/\/www.dieulefit-tourisme.com\/de\/wp-json\/wp\/v2\/comments?post=231"}],"version-history":[{"count":8,"href":"https:\/\/www.dieulefit-tourisme.com\/de\/wp-json\/wp\/v2\/pages\/231\/revisions"}],"predecessor-version":[{"id":15910,"href":"https:\/\/www.dieulefit-tourisme.com\/de\/wp-json\/wp\/v2\/pages\/231\/revisions\/15910"}],"up":[{"embeddable":true,"href":"https:\/\/www.dieulefit-tourisme.com\/de\/wp-json\/wp\/v2\/pages\/67"}],"wp:featuredmedia":[{"embeddable":true,"href":"https:\/\/www.dieulefit-tourisme.com\/de\/wp-json\/wp\/v2\/media\/5155"}],"wp:attachment":[{"href":"https:\/\/www.dieulefit-tourisme.com\/de\/wp-json\/wp\/v2\/media?parent=231"}],"curies":[{"name":"wp","href":"https:\/\/api.w.org\/{rel}","templated":true}]}}