{"id":217,"date":"2019-05-06T13:55:06","date_gmt":"2019-05-06T11:55:06","guid":{"rendered":"https:\/\/www.dieulefit-tourisme.com\/de\/aktivitaten-mit-nervenkitzel"},"modified":"2019-09-17T17:42:58","modified_gmt":"2019-09-17T15:42:58","slug":"atemberaubende-aktivitaeten","status":"publish","type":"page","link":"https:\/\/www.dieulefit-tourisme.com\/de\/ihr-aufenthalt\/sich-bewegen-und-entspannen\/atemberaubende-aktivitaeten\/","title":{"rendered":"Atemberaubende Aktivit\u00e4ten"},"content":{"rendered":"<h4>Abflugstellen zum Drachen- und Gleitschirmfliegen<\/h4>\n<p>\u2013 Start am Montagne du Mont Rachas und Ebene von Po\u00ebt-Laval<br \/>\n\u2013 Start am Montagne de Ruy in Vesc<br \/>\n\u2013 Start am Montagne de la Lance bei La Roche Saint Secret<\/p>\n<h4>Klettergebiete<\/h4>\n<p><strong>Klettern bei La Roche Saint Secret :<\/strong> Le Rocher des Aures: Klettern f\u00fcr Anf\u00e4nger, ruhiger Ort, eher steil, angenehm in der Vor- und Nachsaison, nach S\u00fcden ausgerichtet.<br \/>\nZahl der Passagen: 72. H\u00f6he bis 36 m. Schwierigkeit von 3a bis 7c. 2 Passagen vom Niveau 3\u00b0, 11 Passagen 4\u00b0, 16 Passagen 5\u00b0, 34 Passagen 6\u00b0, 9 Passagen 7\u00b0. Vom Parkplatz bis zum Felsen 20 mn. Topo l\u2019escalade en Dr\u00f4me Proven\u00e7ale.<\/p>\n<p><strong>Klettern in Pont de Barret :<\/strong> Eson: 131 Passagen von 4c bis 8a, sehr angenehmer Ort im Winter. Topo Eson, Le Palloir, Saint F\u00e9rr\u00e9ol.<br \/>\nSuzette Flipo und Ricky Banlieue: 41 Passagen von 4b bis 7a+, geeignet f\u00fcr die Vor- und Nachsaison und im Winter, familiengerecht, Topo Sao\u00fb.<br \/>\nLes Neufs Lunes: 20 Passagen von 6a bis 8c, sehr anspruchsvoll, angenehm im Sommer, schneller Zugang. Topo Sao\u00fb.<\/p>\n<p><strong>Le Rocher de Label in B\u00e9zaudun sur Bine :<\/strong> 11 Passagen von 5a bis 7a. Topo de Sao\u00fb.<\/p>\n<p><strong>Le Rocher des Demoiselles in Teyssi\u00e8res :<\/strong> 18 Passagen von 5a bis 7a, gut f\u00fcr den Beginn und f\u00fcr Anf\u00e4nger. Zur Zeit kein Topo.<\/p>\n","protected":false},"excerpt":{"rendered":"<p>Abflugstellen zum Drachen- und Gleitschirmfliegen \u2013 Start am Montagne du Mont Rachas und Ebene von Po\u00ebt-Laval \u2013 Start am Montagne de Ruy in Vesc \u2013 Start am Montagne de la Lance bei La Roche Saint Secret Klettergebiete Klettern bei La Roche Saint Secret : Le Rocher des Aures: Klettern f\u00fcr Anf\u00e4nger, ruhiger Ort, eher steil, [&hellip;]<\/p>\n","protected":false},"author":1,"featured_media":5542,"parent":65,"menu_order":40,"comment_status":"closed","ping_status":"closed","template":"partials\/template-sit.php","meta":[],"_links":{"self":[{"href":"https:\/\/www.dieulefit-tourisme.com\/de\/wp-json\/wp\/v2\/pages\/217"}],"collection":[{"href":"https:\/\/www.dieulefit-tourisme.com\/de\/wp-json\/wp\/v2\/pages"}],"about":[{"href":"https:\/\/www.dieulefit-tourisme.com\/de\/wp-json\/wp\/v2\/types\/page"}],"author":[{"embeddable":true,"href":"https:\/\/www.dieulefit-tourisme.com\/de\/wp-json\/wp\/v2\/users\/1"}],"replies":[{"embeddable":true,"href":"https:\/\/www.dieulefit-tourisme.com\/de\/wp-json\/wp\/v2\/comments?post=217"}],"version-history":[{"count":13,"href":"https:\/\/www.dieulefit-tourisme.com\/de\/wp-json\/wp\/v2\/pages\/217\/revisions"}],"predecessor-version":[{"id":16047,"href":"https:\/\/www.dieulefit-tourisme.com\/de\/wp-json\/wp\/v2\/pages\/217\/revisions\/16047"}],"up":[{"embeddable":true,"href":"https:\/\/www.dieulefit-tourisme.com\/de\/wp-json\/wp\/v2\/pages\/65"}],"wp:featuredmedia":[{"embeddable":true,"href":"https:\/\/www.dieulefit-tourisme.com\/de\/wp-json\/wp\/v2\/media\/5542"}],"wp:attachment":[{"href":"https:\/\/www.dieulefit-tourisme.com\/de\/wp-json\/wp\/v2\/media?parent=217"}],"curies":[{"name":"wp","href":"https:\/\/api.w.org\/{rel}","templated":true}]}}