{"id":211,"date":"2019-05-06T13:55:06","date_gmt":"2019-05-06T11:55:06","guid":{"rendered":"https:\/\/www.dieulefit-tourisme.com\/de\/reittatigkeit"},"modified":"2019-09-17T16:26:50","modified_gmt":"2019-09-17T14:26:50","slug":"reiten","status":"publish","type":"page","link":"https:\/\/www.dieulefit-tourisme.com\/de\/ihr-aufenthalt\/sich-bewegen-und-entspannen\/reiten\/","title":{"rendered":"Reiten"},"content":{"rendered":"<p>Im Departement Dr\u00f4me gibt es 2500 km <strong>Reitwege<\/strong>. Viele Reiter suchen in der Dr\u00f4me Proven\u00e7ale und besonders im Pays de Dieulefit-Bourdeaux Reitwege und finden hier ein besonders attraktives Gebiet.<\/p>\n<p>Eine Strecke von <strong>141 km, ausgehend von Po\u00ebt Laval<\/strong>, f\u00fchrt Sie durch den Pays de Dieulefit-Bourdeaux und kann in G\u00e4nze oder Etappen gemacht werden.<\/p>\n<p>Weitere Infos bei La Dr\u00f4me \u00e0 Cheval : <a href=\"https:\/\/www.drome-a-cheval.com\/\">https:\/\/www.drome-a-cheval.com\/<\/a><\/p>\n","protected":false},"excerpt":{"rendered":"<p>Im Departement Dr\u00f4me gibt es 2500 km Reitwege. Viele Reiter suchen in der Dr\u00f4me Proven\u00e7ale und besonders im Pays de Dieulefit-Bourdeaux Reitwege und finden hier ein besonders attraktives Gebiet. Eine Strecke von 141 km, ausgehend von Po\u00ebt Laval, f\u00fchrt Sie durch den Pays de Dieulefit-Bourdeaux und kann in G\u00e4nze oder Etappen gemacht werden. Weitere Infos [&hellip;]<\/p>\n","protected":false},"author":1,"featured_media":14720,"parent":65,"menu_order":10,"comment_status":"closed","ping_status":"closed","template":"partials\/template-sit.php","meta":[],"_links":{"self":[{"href":"https:\/\/www.dieulefit-tourisme.com\/de\/wp-json\/wp\/v2\/pages\/211"}],"collection":[{"href":"https:\/\/www.dieulefit-tourisme.com\/de\/wp-json\/wp\/v2\/pages"}],"about":[{"href":"https:\/\/www.dieulefit-tourisme.com\/de\/wp-json\/wp\/v2\/types\/page"}],"author":[{"embeddable":true,"href":"https:\/\/www.dieulefit-tourisme.com\/de\/wp-json\/wp\/v2\/users\/1"}],"replies":[{"embeddable":true,"href":"https:\/\/www.dieulefit-tourisme.com\/de\/wp-json\/wp\/v2\/comments?post=211"}],"version-history":[{"count":9,"href":"https:\/\/www.dieulefit-tourisme.com\/de\/wp-json\/wp\/v2\/pages\/211\/revisions"}],"predecessor-version":[{"id":14950,"href":"https:\/\/www.dieulefit-tourisme.com\/de\/wp-json\/wp\/v2\/pages\/211\/revisions\/14950"}],"up":[{"embeddable":true,"href":"https:\/\/www.dieulefit-tourisme.com\/de\/wp-json\/wp\/v2\/pages\/65"}],"wp:featuredmedia":[{"embeddable":true,"href":"https:\/\/www.dieulefit-tourisme.com\/de\/wp-json\/wp\/v2\/media\/14720"}],"wp:attachment":[{"href":"https:\/\/www.dieulefit-tourisme.com\/de\/wp-json\/wp\/v2\/media?parent=211"}],"curies":[{"name":"wp","href":"https:\/\/api.w.org\/{rel}","templated":true}]}}