{"id":209,"date":"2019-05-06T13:55:06","date_gmt":"2019-05-06T11:55:06","guid":{"rendered":"https:\/\/www.dieulefit-tourisme.com\/de\/wandern"},"modified":"2019-09-17T16:25:14","modified_gmt":"2019-09-17T14:25:14","slug":"wanderungen","status":"publish","type":"page","link":"https:\/\/www.dieulefit-tourisme.com\/de\/ihr-aufenthalt\/sich-bewegen-und-entspannen\/wanderungen\/","title":{"rendered":"Wanderungen"},"content":{"rendered":"<p>Le Pays de Dieulefit-Bourdeaux bietet ideale Bedingungen, sowohl f\u00fcr Amateure als auch f\u00fcr erfahrene <strong>Wanderer<\/strong>.<\/p>\n<p>Sie k\u00f6nnen das Gebiet auf eigene Faust mit Hilfe von Wanderkarten (<strong>Les Bons Plans \u00e0 Pied<\/strong>) erkunden, die Sie im Fremdenverkehrsb\u00fcro bekommen oder die Sie herunterladen k\u00f6nnen. Mehr als 20 Rundstrecken auf lokalen Wanderwegen (PR) im Pays de Dieulefit sind gelb gekennzeichnet. Sie bieten Wanderungen von 1 h30 bis zu einem ganzen Tag unterschiedlicher Schwierigkeitsgrade. Gekennzeichnete Fernwanderwege (Grande Randonn\u00e9e) sind der <strong>GR 9<\/strong>, der <strong>GR 429<\/strong>, der <strong>GR 965<\/strong> (Auf den Spuren der Hugenotten) oder die <strong>Tour durch das Pays de Dieulefit (GRP)<\/strong>. Es erwartet Sie also eine breite Auswahl, um in unber\u00fchrter Natur aufzutanken.<\/p>\n<p>Wenn Sie etwas Unkonventionelles erleben m\u00f6chten, wenden Sie sich an die entsprechenden Anbieter, die Ihnen ein intensives Ferienerlebnis erm\u00f6glichen.<\/p>\n<p>Eine informative Brosch\u00fcre liefert wichtige Hinweise und Tipps und ist im Fremdenverkehrsb\u00fcro erh\u00e4ltlich.<\/p>\n<p>Achtung: Wanderungen \u00fcber die Tournelle oder den Serre Gros im Nordwesten von Dieulefit sowie im Couspeau-Gebirge nord\u00f6stlich von Bourdeaux sind untersagt!<\/p>\n<p><iframe loading=\"lazy\" src=\"https:\/\/www.youtube.com\/embed\/6_iQ_DdQT6k\" width=\"560\" height=\"315\" frameborder=\"0\" allowfullscreen=\"allowfullscreen\"><\/iframe><\/p>\n","protected":false},"excerpt":{"rendered":"<p>Le Pays de Dieulefit-Bourdeaux bietet ideale Bedingungen, sowohl f\u00fcr Amateure als auch f\u00fcr erfahrene Wanderer. Sie k\u00f6nnen das Gebiet auf eigene Faust mit Hilfe von Wanderkarten (Les Bons Plans \u00e0 Pied) erkunden, die Sie im Fremdenverkehrsb\u00fcro bekommen oder die Sie herunterladen k\u00f6nnen. Mehr als 20 Rundstrecken auf lokalen Wanderwegen (PR) im Pays de Dieulefit sind [&hellip;]<\/p>\n","protected":false},"author":1,"featured_media":3472,"parent":65,"menu_order":0,"comment_status":"closed","ping_status":"closed","template":"partials\/template-sit.php","meta":[],"_links":{"self":[{"href":"https:\/\/www.dieulefit-tourisme.com\/de\/wp-json\/wp\/v2\/pages\/209"}],"collection":[{"href":"https:\/\/www.dieulefit-tourisme.com\/de\/wp-json\/wp\/v2\/pages"}],"about":[{"href":"https:\/\/www.dieulefit-tourisme.com\/de\/wp-json\/wp\/v2\/types\/page"}],"author":[{"embeddable":true,"href":"https:\/\/www.dieulefit-tourisme.com\/de\/wp-json\/wp\/v2\/users\/1"}],"replies":[{"embeddable":true,"href":"https:\/\/www.dieulefit-tourisme.com\/de\/wp-json\/wp\/v2\/comments?post=209"}],"version-history":[{"count":12,"href":"https:\/\/www.dieulefit-tourisme.com\/de\/wp-json\/wp\/v2\/pages\/209\/revisions"}],"predecessor-version":[{"id":16243,"href":"https:\/\/www.dieulefit-tourisme.com\/de\/wp-json\/wp\/v2\/pages\/209\/revisions\/16243"}],"up":[{"embeddable":true,"href":"https:\/\/www.dieulefit-tourisme.com\/de\/wp-json\/wp\/v2\/pages\/65"}],"wp:featuredmedia":[{"embeddable":true,"href":"https:\/\/www.dieulefit-tourisme.com\/de\/wp-json\/wp\/v2\/media\/3472"}],"wp:attachment":[{"href":"https:\/\/www.dieulefit-tourisme.com\/de\/wp-json\/wp\/v2\/media?parent=209"}],"curies":[{"name":"wp","href":"https:\/\/api.w.org\/{rel}","templated":true}]}}