{"id":181,"date":"2019-05-06T13:55:06","date_gmt":"2019-05-06T11:55:06","guid":{"rendered":"https:\/\/www.dieulefit-tourisme.com\/de\/alle-unterkunfte"},"modified":"2019-09-23T17:34:43","modified_gmt":"2019-09-23T15:34:43","slug":"alle-unterkunfte","status":"publish","type":"page","link":"https:\/\/www.dieulefit-tourisme.com\/de\/ihr-aufenthalt\/unterkunfte\/alle-unterkunfte\/","title":{"rendered":"Alle Unterk\u00fcnfte"},"content":{"rendered":"<p>Willkommen in der Dr\u00f4me Proven\u00e7ale ! Das Pays de Dieulefit ist seit jeher ein Land der Gastlichkeit. Dies ist zu einem gro\u00dfen Teil seinem milden Klima und der Sch\u00f6nheit seiner Landschaften zu verdanken, aber vor allem seinen Einwohnern, die sich auch heute noch der Tradition der Gastfreundschaft ihrer Vorfahren verbunden f\u00fchlen.<\/p>\n<p>Planen Sie Ihren Aufenthalt mit unseren vielf\u00e4ltigen Unterk\u00fcnften (<strong>Hotels, B&amp;B, Ferienwohnungen<\/strong> usw.) und lassen Sie sich vom Charme der Dr\u00f4me Proven\u00e7ale verf\u00fchren.<\/p>\n","protected":false},"excerpt":{"rendered":"<p>Willkommen in der Dr\u00f4me Proven\u00e7ale ! Das Pays de Dieulefit ist seit jeher ein Land der Gastlichkeit. Dies ist zu einem gro\u00dfen Teil seinem milden Klima und der Sch\u00f6nheit seiner Landschaften zu verdanken, aber vor allem seinen Einwohnern, die sich auch heute noch der Tradition der Gastfreundschaft ihrer Vorfahren verbunden f\u00fchlen. Planen Sie Ihren Aufenthalt [&hellip;]<\/p>\n","protected":false},"author":1,"featured_media":0,"parent":59,"menu_order":60,"comment_status":"closed","ping_status":"closed","template":"partials\/template-sit.php","meta":[],"_links":{"self":[{"href":"https:\/\/www.dieulefit-tourisme.com\/de\/wp-json\/wp\/v2\/pages\/181"}],"collection":[{"href":"https:\/\/www.dieulefit-tourisme.com\/de\/wp-json\/wp\/v2\/pages"}],"about":[{"href":"https:\/\/www.dieulefit-tourisme.com\/de\/wp-json\/wp\/v2\/types\/page"}],"author":[{"embeddable":true,"href":"https:\/\/www.dieulefit-tourisme.com\/de\/wp-json\/wp\/v2\/users\/1"}],"replies":[{"embeddable":true,"href":"https:\/\/www.dieulefit-tourisme.com\/de\/wp-json\/wp\/v2\/comments?post=181"}],"version-history":[{"count":6,"href":"https:\/\/www.dieulefit-tourisme.com\/de\/wp-json\/wp\/v2\/pages\/181\/revisions"}],"predecessor-version":[{"id":16161,"href":"https:\/\/www.dieulefit-tourisme.com\/de\/wp-json\/wp\/v2\/pages\/181\/revisions\/16161"}],"up":[{"embeddable":true,"href":"https:\/\/www.dieulefit-tourisme.com\/de\/wp-json\/wp\/v2\/pages\/59"}],"wp:attachment":[{"href":"https:\/\/www.dieulefit-tourisme.com\/de\/wp-json\/wp\/v2\/media?parent=181"}],"curies":[{"name":"wp","href":"https:\/\/api.w.org\/{rel}","templated":true}]}}