{"id":177,"date":"2019-05-06T13:55:06","date_gmt":"2019-05-06T11:55:06","guid":{"rendered":"https:\/\/www.dieulefit-tourisme.com\/de\/campingplatze-und-rastplatze-fur-wohnmobil"},"modified":"2019-09-23T14:56:27","modified_gmt":"2019-09-23T12:56:27","slug":"campingplatze-und-rastplatze-fur-wohnmobil","status":"publish","type":"page","link":"https:\/\/www.dieulefit-tourisme.com\/de\/ihr-aufenthalt\/unterkunfte\/campingplatze-und-rastplatze-fur-wohnmobil\/","title":{"rendered":"Campingpl\u00e4tze und Rastpl\u00e4tze f\u00fcr Wohnmobil"},"content":{"rendered":"<p>Das Campen hat sich in der letzten Zeit sehr ver\u00e4ndert !<\/p>\n<p>An die Stelle des einfachen Zeltes treten heute <strong>Mobilhomes<\/strong>,<strong> Bungalows<\/strong>, <strong>Wohnmobile<\/strong>, <strong>Trapperzelte<\/strong>, <strong>Tipis<\/strong> oder <strong>Jurten<\/strong>.<br \/>\nFamiliengerechte Campingpl\u00e4tze verf\u00fcgen \u00fcber ein Schwimmbad mit Rutschbahn, Jacuzzi, Wellnessbereich und Kinderclub. F\u00fcr die eher Traditionellen gibt es immer noch das einfache Campen auf kleinen, naturbelassenen Pl\u00e4tzen.<br \/>\nSo finden Sie genau das Richtige f\u00fcr gelungene Ferien.<\/p>\n","protected":false},"excerpt":{"rendered":"<p>Das Campen hat sich in der letzten Zeit sehr ver\u00e4ndert ! An die Stelle des einfachen Zeltes treten heute Mobilhomes, Bungalows, Wohnmobile, Trapperzelte, Tipis oder Jurten. Familiengerechte Campingpl\u00e4tze verf\u00fcgen \u00fcber ein Schwimmbad mit Rutschbahn, Jacuzzi, Wellnessbereich und Kinderclub. F\u00fcr die eher Traditionellen gibt es immer noch das einfache Campen auf kleinen, naturbelassenen Pl\u00e4tzen. So finden [&hellip;]<\/p>\n","protected":false},"author":1,"featured_media":3334,"parent":59,"menu_order":5,"comment_status":"closed","ping_status":"closed","template":"partials\/template-sit.php","meta":[],"_links":{"self":[{"href":"https:\/\/www.dieulefit-tourisme.com\/de\/wp-json\/wp\/v2\/pages\/177"}],"collection":[{"href":"https:\/\/www.dieulefit-tourisme.com\/de\/wp-json\/wp\/v2\/pages"}],"about":[{"href":"https:\/\/www.dieulefit-tourisme.com\/de\/wp-json\/wp\/v2\/types\/page"}],"author":[{"embeddable":true,"href":"https:\/\/www.dieulefit-tourisme.com\/de\/wp-json\/wp\/v2\/users\/1"}],"replies":[{"embeddable":true,"href":"https:\/\/www.dieulefit-tourisme.com\/de\/wp-json\/wp\/v2\/comments?post=177"}],"version-history":[{"count":8,"href":"https:\/\/www.dieulefit-tourisme.com\/de\/wp-json\/wp\/v2\/pages\/177\/revisions"}],"predecessor-version":[{"id":16151,"href":"https:\/\/www.dieulefit-tourisme.com\/de\/wp-json\/wp\/v2\/pages\/177\/revisions\/16151"}],"up":[{"embeddable":true,"href":"https:\/\/www.dieulefit-tourisme.com\/de\/wp-json\/wp\/v2\/pages\/59"}],"wp:featuredmedia":[{"embeddable":true,"href":"https:\/\/www.dieulefit-tourisme.com\/de\/wp-json\/wp\/v2\/media\/3334"}],"wp:attachment":[{"href":"https:\/\/www.dieulefit-tourisme.com\/de\/wp-json\/wp\/v2\/media?parent=177"}],"curies":[{"name":"wp","href":"https:\/\/api.w.org\/{rel}","templated":true}]}}