{"id":14926,"date":"2019-07-13T13:12:11","date_gmt":"2019-07-13T11:12:11","guid":{"rendered":"https:\/\/www.dieulefit-tourisme.com\/de\/entdecken-sie-den-landkreis-dieulefit-bourdeaux"},"modified":"2019-09-24T17:14:00","modified_gmt":"2019-09-24T15:14:00","slug":"entdecken-sie-den-landkreis-dieulefit-bourdeaux","status":"publish","type":"page","link":"https:\/\/www.dieulefit-tourisme.com\/de\/ihr-aufenthalt\/brauchen-sie-eine-idee\/unsere-videos\/entdecken-sie-den-landkreis-dieulefit-bourdeaux\/","title":{"rendered":"Entdecken Sie das Dieulefit-Bourdeaux !"},"content":{"rendered":"<h6>Animez vos soir\u00e9es !<\/h6>\n<h6><iframe loading=\"lazy\" src=\"https:\/\/www.youtube.com\/embed\/y7eDPuX_Zj4\" width=\"560\" height=\"315\" frameborder=\"0\" allowfullscreen=\"allowfullscreen\"><\/iframe><\/h6>\n<h6>Vibrez au son des veilles pierres !<\/h6>\n<h6><iframe loading=\"lazy\" src=\"https:\/\/www.youtube.com\/embed\/HjSXMznQwwc\" width=\"560\" height=\"315\" frameborder=\"0\" allowfullscreen=\"allowfullscreen\"><\/iframe><\/h6>\n<h6>Survolez nos paysages champ\u00eatres et montagneux !<\/h6>\n<h6><iframe loading=\"lazy\" src=\"https:\/\/www.youtube.com\/embed\/WdZr_2lEWBI\" width=\"560\" height=\"315\" frameborder=\"0\" allowfullscreen=\"allowfullscreen\"><\/iframe><\/h6>\n<h6>Sentez le travail de la terre sous vos doigts !<\/h6>\n<p><iframe loading=\"lazy\" src=\"https:\/\/www.youtube.com\/embed\/QjXQHq87YPI\" width=\"560\" height=\"315\" frameborder=\"0\" allowfullscreen=\"allowfullscreen\"><\/iframe><\/p>\n<h6>D\u00e9passez vos limites tout en prenant du plaisir !<\/h6>\n<p><iframe loading=\"lazy\" src=\"https:\/\/www.youtube.com\/embed\/St9-7fW_1Ww\" width=\"560\" height=\"315\" frameborder=\"0\" allowfullscreen=\"allowfullscreen\"><\/iframe><\/p>\n","protected":false},"excerpt":{"rendered":"<p>Animez vos soir\u00e9es ! Vibrez au son des veilles pierres ! Survolez nos paysages champ\u00eatres et montagneux ! Sentez le travail de la terre sous vos doigts ! D\u00e9passez vos limites tout en prenant du plaisir !<\/p>\n","protected":false},"author":4,"featured_media":13952,"parent":5862,"menu_order":20,"comment_status":"closed","ping_status":"closed","template":"","meta":[],"_links":{"self":[{"href":"https:\/\/www.dieulefit-tourisme.com\/de\/wp-json\/wp\/v2\/pages\/14926"}],"collection":[{"href":"https:\/\/www.dieulefit-tourisme.com\/de\/wp-json\/wp\/v2\/pages"}],"about":[{"href":"https:\/\/www.dieulefit-tourisme.com\/de\/wp-json\/wp\/v2\/types\/page"}],"author":[{"embeddable":true,"href":"https:\/\/www.dieulefit-tourisme.com\/de\/wp-json\/wp\/v2\/users\/4"}],"replies":[{"embeddable":true,"href":"https:\/\/www.dieulefit-tourisme.com\/de\/wp-json\/wp\/v2\/comments?post=14926"}],"version-history":[{"count":2,"href":"https:\/\/www.dieulefit-tourisme.com\/de\/wp-json\/wp\/v2\/pages\/14926\/revisions"}],"predecessor-version":[{"id":16223,"href":"https:\/\/www.dieulefit-tourisme.com\/de\/wp-json\/wp\/v2\/pages\/14926\/revisions\/16223"}],"up":[{"embeddable":true,"href":"https:\/\/www.dieulefit-tourisme.com\/de\/wp-json\/wp\/v2\/pages\/5862"}],"wp:featuredmedia":[{"embeddable":true,"href":"https:\/\/www.dieulefit-tourisme.com\/de\/wp-json\/wp\/v2\/media\/13952"}],"wp:attachment":[{"href":"https:\/\/www.dieulefit-tourisme.com\/de\/wp-json\/wp\/v2\/media?parent=14926"}],"curies":[{"name":"wp","href":"https:\/\/api.w.org\/{rel}","templated":true}]}}