{"id":14923,"date":"2019-07-13T13:10:42","date_gmt":"2019-07-13T11:10:42","guid":{"rendered":"https:\/\/www.dieulefit-tourisme.com\/de\/erleben-sie-die-ferien-in-der-geschichte"},"modified":"2019-07-13T13:11:04","modified_gmt":"2019-07-13T11:11:04","slug":"erleben-sie-die-ferien-in-der-geschichte","status":"publish","type":"page","link":"https:\/\/www.dieulefit-tourisme.com\/de\/ihr-aufenthalt\/brauchen-sie-eine-idee\/unsere-videos\/erleben-sie-die-ferien-in-der-geschichte\/","title":{"rendered":"Erleben Sie die Ferien in der Geschichte"},"content":{"rendered":"<h6>\u00c9pisode 1 : Je me ressource, vous partez de votre travail pour respirer la<a href=\"https:\/\/www.dieulefit-tourisme.com\/2019\/06\/20\/la-saison-des-lavandes-est-arrivee\/\" target=\"_blank\" rel=\"noopener\"> lavande<\/a> !<br \/>\n<iframe loading=\"lazy\" src=\"https:\/\/www.youtube.com\/embed\/HoalDIP5z0s\" width=\"560\" height=\"315\" frameborder=\"0\" allowfullscreen=\"allowfullscreen\"><\/iframe><\/h6>\n<h6>\u00c9pisode 2 : Je me fais des films au milieu des ch\u00e2teaux de la Dr\u00f4me notamment au <a href=\"https:\/\/www.dieulefit-tourisme.com\/patrimoine-culturel\/chateau-de-grignan\/\" target=\"_blank\" rel=\"noopener\">ch\u00e2teau de Grignan<\/a> !<\/h6>\n<p><iframe loading=\"lazy\" src=\"https:\/\/www.youtube.com\/embed\/B8-cmZdzon8\" width=\"560\" height=\"315\" frameborder=\"0\" allowfullscreen=\"allowfullscreen\"><\/iframe><\/p>\n<h6>\u00c9pisode 3 : Je me balade ou je <a href=\"https:\/\/www.dieulefit-tourisme.com\/votre-sejour\/bouger-et-se-detendre\/randonnee-pedestre\/\" target=\"_blank\" rel=\"noopener\">randonne<\/a> sur les sentiers ou GR qui parcourent la Dr\u00f4me Proven\u00e7ale !<\/h6>\n<h6><iframe loading=\"lazy\" src=\"https:\/\/www.youtube.com\/embed\/6_iQ_DdQT6k\" width=\"560\" height=\"315\" frameborder=\"0\" allowfullscreen=\"allowfullscreen\"><\/iframe><\/h6>\n<h6>\u00c9pisode  4 : Je vis au gr\u00e8s des<a href=\"https:\/\/www.dieulefit-tourisme.com\/votre-sejour\/agenda\/marches\/\" target=\"_blank\" rel=\"noopener\"> march\u00e9s<\/a> et des <a href=\"https:\/\/www.dieulefit-tourisme.com\/votre-sejour\/producteurs\/\" target=\"_blank\" rel=\"noopener\">produit du terroir<\/a> !<\/h6>\n<h6><iframe loading=\"lazy\" src=\"https:\/\/www.youtube.com\/embed\/t8L807TUvDY\" width=\"560\" height=\"315\" frameborder=\"0\" allowfullscreen=\"allowfullscreen\"><\/iframe><\/h6>\n<h6>\u00c9pisode 5 : Je prends mon temps \u00e0 bicyclette&#8230; <a href=\"https:\/\/www.dieulefit-tourisme.com\/votre-sejour\/bouger-et-se-detendre\/vtt-cyclotourisme\/\" target=\"_blank\" rel=\"noopener\">en v\u00e9los, v\u00e9los \u00e0 assistance \u00e9lectrique ou VTT<\/a> !<\/h6>\n<p><iframe loading=\"lazy\" src=\"https:\/\/www.youtube.com\/embed\/3SXcf3hknsE\" width=\"560\" height=\"315\" frameborder=\"0\" allowfullscreen=\"allowfullscreen\"><\/iframe><\/p>\n<h6>\u00c9pisode 6 : Je cr\u00e9e avec les<a href=\"https:\/\/www.dieulefit-tourisme.com\/votre-sejour\/visiter-et-explorer-musee\/\" target=\"_blank\" rel=\"noopener\"> artistes<\/a> durant mon s\u00e9jour !<\/h6>\n<p><iframe loading=\"lazy\" src=\"https:\/\/www.youtube.com\/embed\/qm18JqjVDOs\" width=\"560\" height=\"315\" frameborder=\"0\" allowfullscreen=\"allowfullscreen\"><\/iframe><\/p>\n","protected":false},"excerpt":{"rendered":"<p>\u00c9pisode 1 : Je me ressource, vous partez de votre travail pour respirer la lavande ! \u00c9pisode 2 : Je me fais des films au milieu des ch\u00e2teaux de la Dr\u00f4me notamment au ch\u00e2teau de Grignan ! \u00c9pisode 3 : Je me balade ou je randonne sur les sentiers ou GR qui parcourent la Dr\u00f4me [&hellip;]<\/p>\n","protected":false},"author":4,"featured_media":14924,"parent":5862,"menu_order":10,"comment_status":"closed","ping_status":"closed","template":"","meta":[],"_links":{"self":[{"href":"https:\/\/www.dieulefit-tourisme.com\/de\/wp-json\/wp\/v2\/pages\/14923"}],"collection":[{"href":"https:\/\/www.dieulefit-tourisme.com\/de\/wp-json\/wp\/v2\/pages"}],"about":[{"href":"https:\/\/www.dieulefit-tourisme.com\/de\/wp-json\/wp\/v2\/types\/page"}],"author":[{"embeddable":true,"href":"https:\/\/www.dieulefit-tourisme.com\/de\/wp-json\/wp\/v2\/users\/4"}],"replies":[{"embeddable":true,"href":"https:\/\/www.dieulefit-tourisme.com\/de\/wp-json\/wp\/v2\/comments?post=14923"}],"version-history":[{"count":1,"href":"https:\/\/www.dieulefit-tourisme.com\/de\/wp-json\/wp\/v2\/pages\/14923\/revisions"}],"predecessor-version":[{"id":14925,"href":"https:\/\/www.dieulefit-tourisme.com\/de\/wp-json\/wp\/v2\/pages\/14923\/revisions\/14925"}],"up":[{"embeddable":true,"href":"https:\/\/www.dieulefit-tourisme.com\/de\/wp-json\/wp\/v2\/pages\/5862"}],"wp:featuredmedia":[{"embeddable":true,"href":"https:\/\/www.dieulefit-tourisme.com\/de\/wp-json\/wp\/v2\/media\/14924"}],"wp:attachment":[{"href":"https:\/\/www.dieulefit-tourisme.com\/de\/wp-json\/wp\/v2\/media?parent=14923"}],"curies":[{"name":"wp","href":"https:\/\/api.w.org\/{rel}","templated":true}]}}