{"id":10546,"date":"2019-05-06T13:55:06","date_gmt":"2019-05-06T11:55:06","guid":{"rendered":"https:\/\/www.dieulefit-tourisme.com\/de\/datenschutzerklarung"},"modified":"2019-07-14T13:10:49","modified_gmt":"2019-07-14T11:10:49","slug":"datenschutzerklarung","status":"publish","type":"page","link":"https:\/\/www.dieulefit-tourisme.com\/de\/datenschutzerklarung\/","title":{"rendered":"Datenschutzerkl\u00e4rung"},"content":{"rendered":"<h2>Pr\u00e9ambule<\/h2>\n<p><a href=\"http:\/\/www.dieulefit-tourisme.com\">www.dieulefit-tourisme.com<\/a>\u00a0traite des donn\u00e9es \u00e0 caract\u00e8re personnel (ci-apr\u00e8s les \u00ab Donn\u00e9es Personnelles) \u00bb vous concernant dans le cadre de l\u2019utilisation de ce site internet (ci-apr\u00e8s le \u00ab Site \u00bb).<\/p>\n<p>En tant que responsable de traitement, nous sommes respectueux de la vie priv\u00e9e et nous prot\u00e9geons les donn\u00e9es \u00e0 caract\u00e8re personnel des utilisateurs de notre Site.<\/p>\n<p>La pr\u00e9sente politique vise \u00e0 vous informer des modalit\u00e9s de collecte, de traitement et d\u2019utilisation de Vos Donn\u00e9es Personnelles et de vos droits en mati\u00e8re de protection des donn\u00e9es \u00e0 caract\u00e8re personnel au regard des dispositions applicables en la mati\u00e8re, notamment la loi 78-17 du 6 janvier 1978 relative \u00e0 l\u2019informatique, aux fichiers et aux libert\u00e9s dite \u00ab Informatique et libert\u00e9s \u00bb dans sa derni\u00e8re version et avec le RGPD (R\u00e8glement G\u00e9n\u00e9ral sur la Protection des Donn\u00e9es) en application depuis le 25 mai 2018.<\/p>\n<h2>Champ d\u2019application de la pr\u00e9sente politique de protection des donn\u00e9es personnelles<\/h2>\n<p>La pr\u00e9sente Politique \u00e9nonce les principes et lignes directrices pour la protection de Vos Donn\u00e9es Personnelles, ce qui inclut les Donn\u00e9es Personnelles collect\u00e9es sur &#8211; ou via &#8211; le Site.<\/p>\n<p><a href=\"http:\/\/www.dieulefit-tourisme.com\">www.dieulefit-tourisme.com\u00a0<\/a>collecte des Donn\u00e9es Personnelles (exemple : en ligne, y compris par e-mail, ou hors connexion) ; la pr\u00e9sente politique s\u2019applique quel que soit le mode de collecte ou de traitement.<\/p>\n<p>La notion de Donn\u00e9es Personnelles d\u00e9signe toute information relative \u00e0 une personne physique identifi\u00e9e ou identifiable. Une personne est \u00ab identifiable \u00bb d\u00e8s lors qu\u2019elle peut \u00eatre identifi\u00e9e, directement ou indirectement, en particulier par r\u00e9f\u00e9rence \u00e0 un num\u00e9ro d\u2019identification ou \u00e0 un ou plusieurs \u00e9l\u00e9ments qui lui sont propres.<\/p>\n<p>Les \u00ab Donn\u00e9es Non-Personnelles \u00bb correspondent \u00e0 des informations ne permettant pas d\u2019identifier une personne.<\/p>\n<h2>Responsable du traitement<\/h2>\n<p>Le responsable du traitement de Vos Donn\u00e9es Personnelles est :Isabelle GREGOIRE, 8 Boulevard Irene et Fr\u00e9d\u00e9ric Joliot, 26130 SAINT PAUL TROIS CHATEAUX ; certaines prestations techniques (h\u00e9bergement, mise en qualit\u00e9 des donn\u00e9es, connaissance client) sont confi\u00e9es \u00e0 nos prestataires techniques. Conform\u00e9ment \u00e0 l\u2019Article 28 du RGPD, ce prestataire est li\u00e9 par une clause de stricte confidentialit\u00e9 qui lui interdit toute utilisation des donn\u00e9es qui lui sont confi\u00e9es non-pr\u00e9vue dans le contrat de prestation et qui lui impose de mettre en \u0153uvre les mesures techniques et organisationnelles qui satisfont aux exigences de s\u00e9curit\u00e9 et de protection des donn\u00e9es personnelles.<\/p>\n<h2>S\u00e9curit\u00e9 et confidentialit\u00e9 des donn\u00e9es personnelles<\/h2>\n<p>Nous consid\u00e9rons Vos Donn\u00e9es Personnelles comme confidentielles.<\/p>\n<p>Nous nous effor\u00e7ons de prendre les mesures techniques raisonnables en vue de pr\u00e9venir d&#8217;\u00e9ventuelles pertes ou d\u00e9tournements lors d&#8217;une collecte ou d&#8217;un stockage des donn\u00e9es que vous nous auriez communiqu\u00e9es, et emp\u00eacher toute communication \u00e0 des tiers non autoris\u00e9s.<\/p>\n<p>Cependant, malgr\u00e9 ces mesures, Internet demeure un syst\u00e8me ouvert et nous ne pouvons garantir que des tiers non autoris\u00e9s ne pourront d\u00e9jouer les mesures en question ou utiliser Vos Donn\u00e9es Personnelles \u00e0 des fins ill\u00e9gitimes. En cons\u00e9quence,<a href=\"http:\/\/www.dieulefit-tourisme.com\">www.dieulefit-tourisme.com<\/a>\u00a0ne saura \u00eatre tenue comme responsable en cas de r\u00e9cup\u00e9ration frauduleuse de vos donn\u00e9es pour quelque utilisation que ce soit.<\/p>\n<p>Le Site peut proposer des liens vers des sites Internet de tiers susceptibles de vous int\u00e9resser.<br \/>\n<a href=\"http:\/\/www.dieulefit-tourisme.com\">www.dieulefit-tourisme.com<\/a>\u00a0n&#8217;exerce aucun contr\u00f4le sur le contenu de sites de tiers ou sur les pratiques de ces tiers en mati\u00e8re de protection des Donn\u00e9es Personnelles qu&#8217;ils pourraient recueillir. En cons\u00e9quence,<a href=\"http:\/\/www.dieulefit-tourisme.com\">www.dieulefit-tourisme.com<\/a>\u00a0d\u00e9cline toute responsabilit\u00e9 concernant le traitement par ces tiers de Vos Donn\u00e9es Personnelles. Il est de votre responsabilit\u00e9 de vous renseigner sur les politiques de protection des donn\u00e9es personnelles de ces tiers.<\/p>\n<h2>Finalit\u00e9s de la collecte de donn\u00e9es<\/h2>\n<p>Nous traitons vos donn\u00e9es en tout ou partie aux fins de :<\/p>\n<ul>\n<li>vous permettre de naviguer sur nos Sites et Applications et d\u2019adapter nos contenus \u00e0 votre terminal \u00a0pour am\u00e9liorer votre navigation ;<\/li>\n<li>m\u00e9moriser les informations que vous avez renseign\u00e9es au sein des formulaires (votre compte utilisateur par exemple) ;<\/li>\n<li>vous permettre de partager nos contenus sur les r\u00e9seaux sociaux ;<\/li>\n<li>vous permettre d\u2019acheter des produits ou services ;<\/li>\n<li>vous permettre une utilisation interactive et personnalis\u00e9e des Sites et des Applications ;<\/li>\n<li>vous permettre d\u2019ouvrir et de g\u00e9rer un compte afin d\u2019acc\u00e9der \u00e0 l\u2019ensemble des caract\u00e9ristiques et options offertes par les Sites et les Applications ;<\/li>\n<li>envoyer des informations et\/ou des communications externes ;<\/li>\n<li>organiser des jeux-concours (contact des gagnants, remise des dotations, etc.) ;<\/li>\n<li>envoyer des newsletters, si vous y avez consenti en cochant la case correspondante,<\/li>\n<li>analyser l\u2019audience et \u00a0la fr\u00e9quentation du Site<\/li>\n<\/ul>\n<p>Les destinataires de Vos Donn\u00e9es Personnelles sont nos propres \u00e9quipes de gestion et nos prestataires techniques.<\/p>\n<h2>Donn\u00e9es collect\u00e9es<\/h2>\n<h3>Donn\u00e9es Personnelles<\/h3>\n<p>Les Donn\u00e9es Personnelles peuvent inclure ce qui suit :<\/p>\n<ul>\n<li>Nom ;<\/li>\n<li>Pr\u00e9nom ;<\/li>\n<li>Adresse \u00e9lectronique ;<\/li>\n<li>Adresse postale ;<\/li>\n<li>Date de naissance ;<\/li>\n<li>Num\u00e9ro de t\u00e9l\u00e9phone ;<\/li>\n<li>G\u00e9olocalisation ;<\/li>\n<li>Adresse IP ;<\/li>\n<\/ul>\n<p>Et toute autre Donn\u00e9e Personnelle pouvant s\u2019av\u00e9rer pertinente aux fins \u00e9nonc\u00e9es ci-apr\u00e8s.<\/p>\n<h2>Cookies et autres traceurs<\/h2>\n<p>Les cookies, ou autres traceurs similaires, sont des fichiers utilis\u00e9s par un serveur pour dialoguer avec le navigateur. Les cookies permettent d\u2019envoyer des informations d\u2019\u00e9tat lorsqu\u2019un utilisateur consulte un site. Les informations d\u2019\u00e9tat peuvent \u00eatre par exemple un identifiant de session, une langue, une date d\u2019expiration, un domaine de r\u00e9ponse, etc. Les cookies permettent de conserver, pendant leur dur\u00e9e de validit\u00e9, des informations d&#8217;\u00e9tat lorsqu\u2019un navigateur acc\u00e8de aux diff\u00e9rentes pages d&#8217;un site Web ou lorsque ce navigateur retourne ult\u00e9rieurement sur ledit site. Seul l\u2019\u00e9metteur d\u2019un cookie peut lire ou modifier les informations qui y sont contenues. Il existe diff\u00e9rents types de cookies :<\/p>\n<ul>\n<li>des cookies de session qui disparaissent d\u00e8s que vous quittez le navigateur ou le site ;<\/li>\n<li>des cookies permanents qui demeurent sur votre terminal jusqu\u2019\u00e0 expiration de leur dur\u00e9e de vie (au maximum 12 mois) ou jusqu\u2019\u00e0 ce que vous les supprimiez \u00e0 l\u2019aide des fonctionnalit\u00e9s de votre navigateur.<\/li>\n<\/ul>\n<p>Vous pouvez acc\u00e9der \u00e0 votre panneau de gestion des cookies afin de param\u00e9trer le d\u00e9p\u00f4t et la lecture de cookies.<\/p>\n<h3>Comment d\u00e9sactiver les cookies ?<\/h3>\n<h4>Param\u00e9trages du navigateur<\/h4>\n<p>L\u2019installation de certains cookies est soumise \u00e0 votre consentement. Lors de votre premi\u00e8re visite sur le Site, un bandeau d\u2019information s\u2019affiche vous indiquant qu\u2019en continuant votre navigation sur le site, les cookies susvis\u00e9s seront install\u00e9s sur votre \u00e9quipement.<\/p>\n<p>Les cookies ou traceurs permettent de b\u00e9n\u00e9ficier pleinement des fonctionnalit\u00e9s du Site. Si votre navigateur est configur\u00e9 de mani\u00e8re \u00e0 refuser l&#8217;ensemble des cookies ou traceurs, cela peut emp\u00eacher l\u2019utilisation de certains de nos services, ce dont\u00a0<a href=\"http:\/\/www.dieulefit-tourisme.com\">www.dieulefit-tourisme.com<\/a>\u00a0ne saurait \u00eatre responsable.<\/p>\n<h2>Les formulaires<\/h2>\n<h3>Inscription aux newsletters<\/h3>\n<h4>Newsletters\u00a0<a href=\"http:\/\/www.dieulefit-tourisme.com\">www.dieulefit-tourisme.com<\/a><\/h4>\n<p>En autorisant ce type de newsletters, vous autorisez\u00a0<a href=\"http:\/\/www.dieulefit-tourisme.com\">www.dieulefit-tourisme.com<\/a> \u00e0 vous envoyer des courriels personnalis\u00e9s. Vous pouvez vous d\u00e9sinscrire \u00e0 tout moment depuis l\u2019un des e-mails re\u00e7us, n\u00e9anmoins, la dur\u00e9e maximale de conservation de vos donn\u00e9es est de 38 mois.<\/p>\n<h4>Inscription \u00e0 un compte utilisateur<\/h4>\n<p>Vous avez la possibilit\u00e9 de cr\u00e9er un compte qui vous donne acc\u00e8s \u00e0 l&#8217;espace prestataire de\u00a0<a href=\"http:\/\/www.dieulefit-tourisme.com\">www.dieulefit-tourisme.com<\/a>. Vous pouvez vous d\u00e9sinscrire \u00e0 tout moment depuis votre espace personnel, n\u00e9anmoins, la dur\u00e9e maximale de conservation de vos donn\u00e9es est de 38 mois.<\/p>\n<h4>Formulaire de contact<\/h4>\n<p>Les donn\u00e9es sont transmises par l\u2019usager du site qui souhaite adresser une remarque ou un signalement. Les informations recueillies \u00e0 partir de ce formulaire sont transmises au service en charge de g\u00e9rer les remarques sur le site de\u00a0<a href=\"http:\/\/www.dieulefit-tourisme.com\">www.dieulefit-tourisme.com<\/a>. La dur\u00e9e maximale de conservation de vos donn\u00e9es est de 38 mois.<\/p>\n<h2>Vos droits<\/h2>\n<p>Conform\u00e9ment aux dispositions de la R\u00e9glementation applicable en mati\u00e8re de protection des donn\u00e9es personnelles, vous disposez notamment d\u2019un droit d\u2019acc\u00e8s, de rectification, d\u2019effacement des donn\u00e9es vous concernant et du droit d\u2019obtenir une copie des donn\u00e9es personnelles que nous d\u00e9tenons sous un format \u00e9lectronique structur\u00e9 (portabilit\u00e9).<\/p>\n<p>Vous disposez \u00e9galement d\u2019un droit d\u2019opposition pour motif l\u00e9gitime \u00e0 ce que les donn\u00e9es \u00e0 caract\u00e8re personnel vous concernant fassent l\u2019objet d\u2019un traitement, et d\u2019un droit d\u2019opposition \u00e0 ce que vos donn\u00e9es soient utilis\u00e9es \u00e0 des fins de prospection notamment commerciale.<\/p>\n<p>Vous pouvez exercer vos droits en nous adressant vos demandes par courrier postal \u00e0 l\u2019adresse suivante : Comite\u0301 d&#8217;Expansion Touristique et Economique de la Dro\u0302me Provenc\u0327ale ; 8 Boulevard Irene et Fr\u00e9d\u00e9ric Joliot, 26130 SAINT PAUL TROIS CHATEAUX &#8211; ou directement sur le Site, via notre formulaire de contact.<\/p>\n<p>Nous nous engageons \u00e0 r\u00e9pondre \u00e0 ces demandes dans un d\u00e9lai d\u2019un mois \u00e0 compter de la r\u00e9ception de la demande. Ce d\u00e9lai peut \u00eatre prolong\u00e9 de deux mois, selon la complexit\u00e9 et le nombre de demandes re\u00e7ues.<\/p>\n<p>En cas de litige sur l\u2019exercice de vos droits, vous avez la facult\u00e9 d\u2019introduire une r\u00e9clamation aupr\u00e8s de la Commission Nationale de l\u2019Informatique et des Libert\u00e9s.<\/p>\n<h2>Conservation des donn\u00e9es<\/h2>\n<p>Nous ne conservons Vos Donn\u00e9es Personnelles que pour une dur\u00e9e n\u00e9cessaire et proportionn\u00e9e \u00e0 la finalit\u00e9 pour laquelle elles ont \u00e9t\u00e9 collect\u00e9es \u00e0 savoir pour une dur\u00e9e maximale de 3 ans \u00e0 compter du dernier \u00e9change que vous avez eu avec nous et effectu\u00e9 \u00e0 votre initiative (connexion \u00e0 votre compte notamment).<\/p>\n<p>Au-del\u00e0 des p\u00e9riodes pr\u00e9cit\u00e9es, vos donn\u00e9es seront anonymis\u00e9es \u00e0 des fins statistiques ou purement supprim\u00e9es.<\/p>\n<h2>Mise \u00e0 jour de la pr\u00e9sente politique de confidentialit\u00e9<\/h2>\n<p>La pr\u00e9sente politique de confidentialit\u00e9 est susceptible d\u2019\u00eatre modifi\u00e9e ou am\u00e9nag\u00e9e \u00e0 tout moment.<\/p>\n<p>Vous \u00eates invit\u00e9s \u00e0 la consulter r\u00e9guli\u00e8rement.<\/p>\n<p>Pour plus d\u2019informations pratiques sur l\u2019exercice de vos droits, nous vous recommandons de consulter le site de la Commission Nationale Informatique et Libert\u00e9s, et plus particuli\u00e8rement la page <a href=\"https:\/\/www.cnil.fr\/fr\/comprendre-vos-droits\">https:\/\/www.cnil.fr\/fr\/comprendre-vos-droits<\/a><\/p>\n<p>Derni\u00e8re modification : 16\/04\/2019<\/p>\n","protected":false},"excerpt":{"rendered":"<p>Pr\u00e9ambule www.dieulefit-tourisme.com\u00a0traite des donn\u00e9es \u00e0 caract\u00e8re personnel (ci-apr\u00e8s les \u00ab Donn\u00e9es Personnelles) \u00bb vous concernant dans le cadre de l\u2019utilisation de ce site internet (ci-apr\u00e8s le \u00ab Site \u00bb). En tant que responsable de traitement, nous sommes respectueux de la vie priv\u00e9e et nous prot\u00e9geons les donn\u00e9es \u00e0 caract\u00e8re personnel des utilisateurs de notre Site. [&hellip;]<\/p>\n","protected":false},"author":1,"featured_media":0,"parent":0,"menu_order":125,"comment_status":"closed","ping_status":"closed","template":"","meta":[],"_links":{"self":[{"href":"https:\/\/www.dieulefit-tourisme.com\/de\/wp-json\/wp\/v2\/pages\/10546"}],"collection":[{"href":"https:\/\/www.dieulefit-tourisme.com\/de\/wp-json\/wp\/v2\/pages"}],"about":[{"href":"https:\/\/www.dieulefit-tourisme.com\/de\/wp-json\/wp\/v2\/types\/page"}],"author":[{"embeddable":true,"href":"https:\/\/www.dieulefit-tourisme.com\/de\/wp-json\/wp\/v2\/users\/1"}],"replies":[{"embeddable":true,"href":"https:\/\/www.dieulefit-tourisme.com\/de\/wp-json\/wp\/v2\/comments?post=10546"}],"version-history":[{"count":3,"href":"https:\/\/www.dieulefit-tourisme.com\/de\/wp-json\/wp\/v2\/pages\/10546\/revisions"}],"predecessor-version":[{"id":14938,"href":"https:\/\/www.dieulefit-tourisme.com\/de\/wp-json\/wp\/v2\/pages\/10546\/revisions\/14938"}],"wp:attachment":[{"href":"https:\/\/www.dieulefit-tourisme.com\/de\/wp-json\/wp\/v2\/media?parent=10546"}],"curies":[{"name":"wp","href":"https:\/\/api.w.org\/{rel}","templated":true}]}}